{"id":2445,"date":"2018-08-10T12:41:48","date_gmt":"2018-08-10T09:41:48","guid":{"rendered":"https:\/\/www.pickistanbul.com\/demo2\/?page_id=2445"},"modified":"2025-09-15T17:15:32","modified_gmt":"2025-09-15T14:15:32","slug":"satis-noktalari","status":"publish","type":"page","link":"https:\/\/cagames.com.tr\/en\/satis-noktalari\/","title":{"rendered":"Point-of-sales"},"content":{"rendered":"<div data-elementor-type=\"wp-post\" data-elementor-id=\"2445\" class=\"elementor elementor-2445\">\n\t\t\t\t\t\t<section class=\"elementor-section elementor-top-section elementor-element elementor-element-6be05bd elementor-section-stretched elementor-section-boxed elementor-section-height-default elementor-section-height-default\" data-id=\"6be05bd\" data-element_type=\"section\" data-e-type=\"section\" data-settings=\"{&quot;stretch_section&quot;:&quot;section-stretched&quot;,&quot;background_background&quot;:&quot;classic&quot;}\">\n\t\t\t\t\t\t<div class=\"elementor-container elementor-column-gap-extended\">\n\t\t\t\t\t<div class=\"elementor-column elementor-col-100 elementor-top-column elementor-element elementor-element-ea2891b\" data-id=\"ea2891b\" data-element_type=\"column\" data-e-type=\"column\">\n\t\t\t<div class=\"elementor-widget-wrap elementor-element-populated\">\n\t\t\t\t\t\t<div class=\"elementor-element elementor-element-7fa9215 elementor-widget elementor-widget-spacer\" data-id=\"7fa9215\" data-element_type=\"widget\" data-e-type=\"widget\" data-widget_type=\"spacer.default\">\n\t\t\t\t<div class=\"elementor-widget-container\">\n\t\t\t\t\t\t\t<div class=\"elementor-spacer\">\n\t\t\t<div class=\"elementor-spacer-inner\"><\/div>\n\t\t<\/div>\n\t\t\t\t\t\t<\/div>\n\t\t\t\t<\/div>\n\t\t\t\t<div class=\"elementor-element elementor-element-d860e77 elementor-widget elementor-widget-spacer\" data-id=\"d860e77\" data-element_type=\"widget\" data-e-type=\"widget\" data-widget_type=\"spacer.default\">\n\t\t\t\t<div class=\"elementor-widget-container\">\n\t\t\t\t\t\t\t<div class=\"elementor-spacer\">\n\t\t\t<div class=\"elementor-spacer-inner\"><\/div>\n\t\t<\/div>\n\t\t\t\t\t\t<\/div>\n\t\t\t\t<\/div>\n\t\t\t\t<div class=\"elementor-element elementor-element-cdd30ea elementor-widget elementor-widget-image\" data-id=\"cdd30ea\" data-element_type=\"widget\" data-e-type=\"widget\" data-widget_type=\"image.default\">\n\t\t\t\t<div class=\"elementor-widget-container\">\n\t\t\t\t\t\t\t\t\t\t\t\t\t\t\t<img fetchpriority=\"high\" decoding=\"async\" width=\"1024\" height=\"452\" src=\"https:\/\/cagames.com.tr\/wp-content\/uploads\/2025\/09\/Satis-Noktalari-1024x452.jpg\" class=\"attachment-large size-large wp-image-9896\" alt=\"\" srcset=\"https:\/\/cagames.com.tr\/wp-content\/uploads\/2025\/09\/Satis-Noktalari-1024x452.jpg 1024w, https:\/\/cagames.com.tr\/wp-content\/uploads\/2025\/09\/Satis-Noktalari-300x132.jpg 300w, https:\/\/cagames.com.tr\/wp-content\/uploads\/2025\/09\/Satis-Noktalari-768x339.jpg 768w, https:\/\/cagames.com.tr\/wp-content\/uploads\/2025\/09\/Satis-Noktalari-1536x678.jpg 1536w, https:\/\/cagames.com.tr\/wp-content\/uploads\/2025\/09\/Satis-Noktalari-2048x903.jpg 2048w, https:\/\/cagames.com.tr\/wp-content\/uploads\/2025\/09\/Satis-Noktalari-18x8.jpg 18w, https:\/\/cagames.com.tr\/wp-content\/uploads\/2025\/09\/Satis-Noktalari-370x163.jpg 370w, https:\/\/cagames.com.tr\/wp-content\/uploads\/2025\/09\/Satis-Noktalari-760x335.jpg 760w\" sizes=\"(max-width: 1024px) 100vw, 1024px\" \/>\t\t\t\t\t\t\t\t\t\t\t\t\t\t\t<\/div>\n\t\t\t\t<\/div>\n\t\t\t\t\t<\/div>\n\t\t<\/div>\n\t\t\t\t\t<\/div>\n\t\t<\/section>\n\t\t\t\t<section class=\"elementor-section elementor-top-section elementor-element elementor-element-c61d633 elementor-section-stretched scheme_dark elementor-section-boxed elementor-section-height-default elementor-section-height-default\" data-id=\"c61d633\" data-element_type=\"section\" data-e-type=\"section\" data-settings=\"{&quot;stretch_section&quot;:&quot;section-stretched&quot;,&quot;background_background&quot;:&quot;classic&quot;}\">\n\t\t\t\t\t\t<div class=\"elementor-container elementor-column-gap-extended\">\n\t\t\t\t\t<div class=\"elementor-column elementor-col-100 elementor-top-column elementor-element elementor-element-a34de12\" data-id=\"a34de12\" data-element_type=\"column\" data-e-type=\"column\">\n\t\t\t<div class=\"elementor-widget-wrap elementor-element-populated\">\n\t\t\t\t\t\t<section class=\"elementor-section elementor-inner-section elementor-element elementor-element-0ca5f61 elementor-section-boxed elementor-section-height-default elementor-section-height-default\" data-id=\"0ca5f61\" data-element_type=\"section\" data-e-type=\"section\">\n\t\t\t\t\t\t<div class=\"elementor-container elementor-column-gap-extended\">\n\t\t\t\t\t<div class=\"elementor-column elementor-col-50 elementor-inner-column elementor-element elementor-element-4404d1d\" data-id=\"4404d1d\" data-element_type=\"column\" data-e-type=\"column\">\n\t\t\t<div class=\"elementor-widget-wrap\">\n\t\t\t\t\t\t\t<\/div>\n\t\t<\/div>\n\t\t\t\t<div class=\"elementor-column elementor-col-50 elementor-inner-column elementor-element elementor-element-6bbb704\" data-id=\"6bbb704\" data-element_type=\"column\" data-e-type=\"column\">\n\t\t\t<div class=\"elementor-widget-wrap elementor-element-populated\">\n\t\t\t\t\t\t<div class=\"elementor-element elementor-element-fde4f93 elementor-widget elementor-widget-text-editor\" data-id=\"fde4f93\" data-element_type=\"widget\" data-e-type=\"widget\" data-widget_type=\"text-editor.default\">\n\t\t\t\t<div class=\"elementor-widget-container\">\n\t\t\t\t\t\t\t\t\t<p>-\u00a0<\/p>\t\t\t\t\t\t\t\t<\/div>\n\t\t\t\t<\/div>\n\t\t\t\t\t<\/div>\n\t\t<\/div>\n\t\t\t\t\t<\/div>\n\t\t<\/section>\n\t\t\t\t<div class=\"elementor-element elementor-element-cd07269 elementor-widget elementor-widget-spacer\" data-id=\"cd07269\" data-element_type=\"widget\" data-e-type=\"widget\" data-widget_type=\"spacer.default\">\n\t\t\t\t<div class=\"elementor-widget-container\">\n\t\t\t\t\t\t\t<div class=\"elementor-spacer\">\n\t\t\t<div class=\"elementor-spacer-inner\"><\/div>\n\t\t<\/div>\n\t\t\t\t\t\t<\/div>\n\t\t\t\t<\/div>\n\t\t\t\t<section class=\"elementor-section elementor-inner-section elementor-element elementor-element-045b8df elementor-section-boxed elementor-section-height-default elementor-section-height-default\" data-id=\"045b8df\" data-element_type=\"section\" data-e-type=\"section\">\n\t\t\t\t\t\t<div class=\"elementor-container elementor-column-gap-extended\">\n\t\t\t\t\t<div class=\"elementor-column elementor-col-50 elementor-inner-column elementor-element elementor-element-d506b43\" data-id=\"d506b43\" data-element_type=\"column\" data-e-type=\"column\">\n\t\t\t<div class=\"elementor-widget-wrap elementor-element-populated\">\n\t\t\t\t\t\t<div class=\"elementor-element elementor-element-7836a35 elementor-widget elementor-widget-text-editor\" data-id=\"7836a35\" data-element_type=\"widget\" data-e-type=\"widget\" data-widget_type=\"text-editor.default\">\n\t\t\t\t<div class=\"elementor-widget-container\">\n\t\t\t\t\t\t\t\t\t<ul class=\"list-check\">\n<li>\u00c7ocuklar\u0131n en etkili ve e\u011flenceli \u015fekilde \u00f6\u011frenmelerini sa\u011flaman\u0131n yolu oyundur.<\/li>\n<li>Puzzle; promotes the development of some of children\u2019s emotions such as cognitive skills, decision making, acquiring by trial and error and achievement motive.<\/li>\n<li>Memory kutu oyunlar\u0131 \u00e7ocuklar\u0131n bili\u015fsel, sosyal ve duygusal geli\u015fimlerine katk\u0131 sa\u011flayan e\u011flenceli bir oyundur.<\/li>\n<\/ul>\t\t\t\t\t\t\t\t<\/div>\n\t\t\t\t<\/div>\n\t\t\t\t\t<\/div>\n\t\t<\/div>\n\t\t\t\t<div class=\"elementor-column elementor-col-50 elementor-inner-column elementor-element elementor-element-189fa76\" data-id=\"189fa76\" data-element_type=\"column\" data-e-type=\"column\">\n\t\t\t<div class=\"elementor-widget-wrap elementor-element-populated\">\n\t\t\t\t\t\t<div class=\"elementor-element elementor-element-07c1cec elementor-widget elementor-widget-text-editor\" data-id=\"07c1cec\" data-element_type=\"widget\" data-e-type=\"widget\" data-widget_type=\"text-editor.default\">\n\t\t\t\t<div class=\"elementor-widget-container\">\n\t\t\t\t\t\t\t\t\t<ul class=\"list-check\"><li>Matching cards games ( ya da Matching-Up Games); enhance children\u2019s ability to observe, compare and match correctly.<\/li><li>Matching cards in English develop children\u2019s visual memory, in other words, concentration and memorizing skills.<\/li><li>Opposites matching cards are especially of help to children\u2019s reasoning and perceiving abilities.<\/li><\/ul>\t\t\t\t\t\t\t\t<\/div>\n\t\t\t\t<\/div>\n\t\t\t\t\t<\/div>\n\t\t<\/div>\n\t\t\t\t\t<\/div>\n\t\t<\/section>\n\t\t\t\t\t<\/div>\n\t\t<\/div>\n\t\t\t\t\t<\/div>\n\t\t<\/section>\n\t\t\t\t<\/div>","protected":false},"excerpt":{"rendered":"<p>\u00dcr\u00fcnlerimizin g\u00f6rsel ve kavramsal tasar\u0131mlar\u0131n\u0131 uzman ekiplerimizle birlikte, \u00e7ocuk ve yeti\u015fkinleri ayn\u0131 heyecanda bulu\u015fturacak \u015fekilde haz\u0131rl\u0131yoruz.\u00a0 \u00dcr\u00fcnlerimizin alt yap\u0131s\u0131 e\u011flence ile birlikte, sosyalle\u015fme, zihinsel geli\u015fime ve \u00f6\u011frenmeye katk\u0131 sa\u011flayabilecek \u015fekilde olu\u015fturuluyor.\u00a0 \u00c7ocuklar\u0131n&hellip;<\/p>","protected":false},"author":1,"featured_media":0,"parent":0,"menu_order":0,"comment_status":"closed","ping_status":"closed","template":"","meta":{"footnotes":""},"class_list":["post-2445","page","type-page","status-publish","hentry"],"_links":{"self":[{"href":"https:\/\/cagames.com.tr\/en\/wp-json\/wp\/v2\/pages\/2445","targetHints":{"allow":["GET"]}}],"collection":[{"href":"https:\/\/cagames.com.tr\/en\/wp-json\/wp\/v2\/pages"}],"about":[{"href":"https:\/\/cagames.com.tr\/en\/wp-json\/wp\/v2\/types\/page"}],"author":[{"embeddable":true,"href":"https:\/\/cagames.com.tr\/en\/wp-json\/wp\/v2\/users\/1"}],"replies":[{"embeddable":true,"href":"https:\/\/cagames.com.tr\/en\/wp-json\/wp\/v2\/comments?post=2445"}],"version-history":[{"count":0,"href":"https:\/\/cagames.com.tr\/en\/wp-json\/wp\/v2\/pages\/2445\/revisions"}],"wp:attachment":[{"href":"https:\/\/cagames.com.tr\/en\/wp-json\/wp\/v2\/media?parent=2445"}],"curies":[{"name":"wp","href":"https:\/\/api.w.org\/{rel}","templated":true}]}}