{"id":2778,"date":"2022-05-09T12:59:14","date_gmt":"2022-05-09T09:59:14","guid":{"rendered":"https:\/\/www.pickistanbul.com\/demo2\/?page_id=2778"},"modified":"2023-04-04T14:23:26","modified_gmt":"2023-04-04T11:23:26","slug":"mona-lisa-puzzle-1000-parca","status":"publish","type":"page","link":"https:\/\/cagames.com.tr\/en\/mona-lisa-puzzle-1000-parca\/","title":{"rendered":"Mona Lisa Puzzle 1000 Par\u00e7a"},"content":{"rendered":"<div data-elementor-type=\"wp-post\" data-elementor-id=\"2778\" class=\"elementor elementor-2778\">\n\t\t\t\t\t\t<section class=\"elementor-section elementor-top-section elementor-element elementor-element-d90ae15 elementor-section-boxed elementor-section-height-default elementor-section-height-default\" data-id=\"d90ae15\" data-element_type=\"section\" data-e-type=\"section\">\n\t\t\t\t\t\t<div class=\"elementor-container elementor-column-gap-extended\">\n\t\t\t\t\t<div class=\"elementor-column elementor-col-50 elementor-top-column elementor-element elementor-element-5b41a5e\" data-id=\"5b41a5e\" data-element_type=\"column\" data-e-type=\"column\">\n\t\t\t<div class=\"elementor-widget-wrap elementor-element-populated\">\n\t\t\t\t\t\t<div class=\"elementor-element elementor-element-0d829b5 elementor-widget elementor-widget-image\" data-id=\"0d829b5\" data-element_type=\"widget\" data-e-type=\"widget\" data-widget_type=\"image.default\">\n\t\t\t\t<div class=\"elementor-widget-container\">\n\t\t\t\t\t\t\t\t\t\t\t\t\t\t\t<img fetchpriority=\"high\" decoding=\"async\" width=\"1024\" height=\"991\" src=\"https:\/\/cagames.com.tr\/wp-content\/uploads\/2023\/03\/Yeni-Dunya-Haritasi-1000-Puzzle-Kolaj-1024x991.png\" class=\"attachment-large size-large wp-image-5389\" alt=\"\" srcset=\"https:\/\/cagames.com.tr\/wp-content\/uploads\/2023\/03\/Yeni-Dunya-Haritasi-1000-Puzzle-Kolaj-1024x991.png 1024w, https:\/\/cagames.com.tr\/wp-content\/uploads\/2023\/03\/Yeni-Dunya-Haritasi-1000-Puzzle-Kolaj-300x290.png 300w, https:\/\/cagames.com.tr\/wp-content\/uploads\/2023\/03\/Yeni-Dunya-Haritasi-1000-Puzzle-Kolaj-768x743.png 768w, https:\/\/cagames.com.tr\/wp-content\/uploads\/2023\/03\/Yeni-Dunya-Haritasi-1000-Puzzle-Kolaj-1536x1487.png 1536w, https:\/\/cagames.com.tr\/wp-content\/uploads\/2023\/03\/Yeni-Dunya-Haritasi-1000-Puzzle-Kolaj-12x12.png 12w, https:\/\/cagames.com.tr\/wp-content\/uploads\/2023\/03\/Yeni-Dunya-Haritasi-1000-Puzzle-Kolaj-370x358.png 370w, https:\/\/cagames.com.tr\/wp-content\/uploads\/2023\/03\/Yeni-Dunya-Haritasi-1000-Puzzle-Kolaj-760x736.png 760w, https:\/\/cagames.com.tr\/wp-content\/uploads\/2023\/03\/Yeni-Dunya-Haritasi-1000-Puzzle-Kolaj.png 1837w\" sizes=\"(max-width: 1024px) 100vw, 1024px\" \/>\t\t\t\t\t\t\t\t\t\t\t\t\t\t\t<\/div>\n\t\t\t\t<\/div>\n\t\t\t\t\t<\/div>\n\t\t<\/div>\n\t\t\t\t<div class=\"elementor-column elementor-col-50 elementor-top-column elementor-element elementor-element-f000d6e\" data-id=\"f000d6e\" data-element_type=\"column\" data-e-type=\"column\">\n\t\t\t<div class=\"elementor-widget-wrap elementor-element-populated\">\n\t\t\t\t\t\t<div class=\"elementor-element elementor-element-ac6efb7 elementor-widget elementor-widget-heading\" data-id=\"ac6efb7\" data-element_type=\"widget\" data-e-type=\"widget\" data-widget_type=\"heading.default\">\n\t\t\t\t<div class=\"elementor-widget-container\">\n\t\t\t\t\t<h2 class=\"elementor-heading-title elementor-size-default\">D\u00fcnya Haritas\u0131 1000 Par\u00e7a Puzzle<\/h2>\t\t\t\t<\/div>\n\t\t\t\t<\/div>\n\t\t\t\t<div class=\"elementor-element elementor-element-6c32083 elementor-widget elementor-widget-spacer\" data-id=\"6c32083\" data-element_type=\"widget\" data-e-type=\"widget\" data-widget_type=\"spacer.default\">\n\t\t\t\t<div class=\"elementor-widget-container\">\n\t\t\t\t\t\t\t<div class=\"elementor-spacer\">\n\t\t\t<div class=\"elementor-spacer-inner\"><\/div>\n\t\t<\/div>\n\t\t\t\t\t\t<\/div>\n\t\t\t\t<\/div>\n\t\t\t\t<div class=\"elementor-element elementor-element-5877e70 elementor-widget elementor-widget-text-editor\" data-id=\"5877e70\" data-element_type=\"widget\" data-e-type=\"widget\" data-widget_type=\"text-editor.default\">\n\t\t\t\t<div class=\"elementor-widget-container\">\n\t\t\t\t\t\t\t\t\t<p>1000-piece puzzle, with dimensions of 48x68 cm, contains impressive illustrations, high-quality printing, immaculately interlocking pieces, and solid and rich materials. No piece is the same as another one which prevents incorrect combinations. It contributes to the development of hand-eye coordination and enhances shape recognition, visual memory and problem-solving abilities<\/p>\t\t\t\t\t\t\t\t<\/div>\n\t\t\t\t<\/div>\n\t\t\t\t<div class=\"elementor-element elementor-element-158429d elementor-widget elementor-widget-spacer\" data-id=\"158429d\" data-element_type=\"widget\" data-e-type=\"widget\" data-widget_type=\"spacer.default\">\n\t\t\t\t<div class=\"elementor-widget-container\">\n\t\t\t\t\t\t\t<div class=\"elementor-spacer\">\n\t\t\t<div class=\"elementor-spacer-inner\"><\/div>\n\t\t<\/div>\n\t\t\t\t\t\t<\/div>\n\t\t\t\t<\/div>\n\t\t\t\t\t<\/div>\n\t\t<\/div>\n\t\t\t\t\t<\/div>\n\t\t<\/section>\n\t\t\t\t<\/div>","protected":false},"excerpt":{"rendered":"<p>Stok Kodu: 7037 CA Barkod: 8681889044549 \u00dcr\u00fcn Ad\u0131: D\u00fcnya Haritas\u0131 Par\u00e7a Say\u0131s\u0131: 1000 \u00dcr\u00fcn \u00d6l\u00e7\u00fcs\u00fc: 48 x 68 cm \u00dcr\u00fcn Kutu \u00d6l\u00e7\u00fcs\u00fc: 21,5 x 21,5 x 5,5 cm \u00d6nerilen Ya\u015f Grubu: 15&hellip;<\/p>","protected":false},"author":1,"featured_media":0,"parent":0,"menu_order":0,"comment_status":"closed","ping_status":"closed","template":"","meta":{"footnotes":""},"class_list":["post-2778","page","type-page","status-publish","hentry"],"_links":{"self":[{"href":"https:\/\/cagames.com.tr\/en\/wp-json\/wp\/v2\/pages\/2778","targetHints":{"allow":["GET"]}}],"collection":[{"href":"https:\/\/cagames.com.tr\/en\/wp-json\/wp\/v2\/pages"}],"about":[{"href":"https:\/\/cagames.com.tr\/en\/wp-json\/wp\/v2\/types\/page"}],"author":[{"embeddable":true,"href":"https:\/\/cagames.com.tr\/en\/wp-json\/wp\/v2\/users\/1"}],"replies":[{"embeddable":true,"href":"https:\/\/cagames.com.tr\/en\/wp-json\/wp\/v2\/comments?post=2778"}],"version-history":[{"count":0,"href":"https:\/\/cagames.com.tr\/en\/wp-json\/wp\/v2\/pages\/2778\/revisions"}],"wp:attachment":[{"href":"https:\/\/cagames.com.tr\/en\/wp-json\/wp\/v2\/media?parent=2778"}],"curies":[{"name":"wp","href":"https:\/\/api.w.org\/{rel}","templated":true}]}}