{"id":3341,"date":"2022-05-09T12:59:14","date_gmt":"2022-05-09T09:59:14","guid":{"rendered":"https:\/\/www.pickistanbul.com\/demo2\/?page_id=3341"},"modified":"2022-09-23T15:32:12","modified_gmt":"2022-09-23T12:32:12","slug":"sevimli-dostlar-1-35-parca-frame-puzzle","status":"publish","type":"page","link":"https:\/\/cagames.com.tr\/en\/sevimli-dostlar-1-35-parca-frame-puzzle\/","title":{"rendered":"Sevimli Dostlar 1 35 Par\u00e7a Frame Puzzle"},"content":{"rendered":"<div data-elementor-type=\"wp-post\" data-elementor-id=\"3341\" class=\"elementor elementor-3341\">\n\t\t\t\t\t\t<section class=\"elementor-section elementor-top-section elementor-element elementor-element-d90ae15 elementor-section-boxed elementor-section-height-default elementor-section-height-default\" data-id=\"d90ae15\" data-element_type=\"section\" data-e-type=\"section\">\n\t\t\t\t\t\t<div class=\"elementor-container elementor-column-gap-extended\">\n\t\t\t\t\t<div class=\"elementor-column elementor-col-50 elementor-top-column elementor-element elementor-element-5b41a5e\" data-id=\"5b41a5e\" data-element_type=\"column\" data-e-type=\"column\">\n\t\t\t<div class=\"elementor-widget-wrap elementor-element-populated\">\n\t\t\t\t\t\t<div class=\"elementor-element elementor-element-0d829b5 elementor-widget elementor-widget-image\" data-id=\"0d829b5\" data-element_type=\"widget\" data-e-type=\"widget\" data-widget_type=\"image.default\">\n\t\t\t\t<div class=\"elementor-widget-container\">\n\t\t\t\t\t\t\t\t\t\t\t\t\t\t\t<img decoding=\"async\" src=\"https:\/\/www.pickistanbul.com\/demo2\/wp-content\/uploads\/2022\/06\/Sevimli-Dostlar-Frame-1.png\" title=\"\" alt=\"\" loading=\"lazy\" \/>\t\t\t\t\t\t\t\t\t\t\t\t\t\t\t<\/div>\n\t\t\t\t<\/div>\n\t\t\t\t\t<\/div>\n\t\t<\/div>\n\t\t\t\t<div class=\"elementor-column elementor-col-50 elementor-top-column elementor-element elementor-element-f000d6e\" data-id=\"f000d6e\" data-element_type=\"column\" data-e-type=\"column\">\n\t\t\t<div class=\"elementor-widget-wrap elementor-element-populated\">\n\t\t\t\t\t\t<div class=\"elementor-element elementor-element-ac6efb7 elementor-widget elementor-widget-heading\" data-id=\"ac6efb7\" data-element_type=\"widget\" data-e-type=\"widget\" data-widget_type=\"heading.default\">\n\t\t\t\t<div class=\"elementor-widget-container\">\n\t\t\t\t\t<h2 class=\"elementor-heading-title elementor-size-default\">Sevimli Dostlar <br>35 Par\u00e7a Frame Puzzle<\/h2>\t\t\t\t<\/div>\n\t\t\t\t<\/div>\n\t\t\t\t<div class=\"elementor-element elementor-element-6c32083 elementor-widget elementor-widget-spacer\" data-id=\"6c32083\" data-element_type=\"widget\" data-e-type=\"widget\" data-widget_type=\"spacer.default\">\n\t\t\t\t<div class=\"elementor-widget-container\">\n\t\t\t\t\t\t\t<div class=\"elementor-spacer\">\n\t\t\t<div class=\"elementor-spacer-inner\"><\/div>\n\t\t<\/div>\n\t\t\t\t\t\t<\/div>\n\t\t\t\t<\/div>\n\t\t\t\t<div class=\"elementor-element elementor-element-5877e70 elementor-widget elementor-widget-text-editor\" data-id=\"5877e70\" data-element_type=\"widget\" data-e-type=\"widget\" data-widget_type=\"text-editor.default\">\n\t\t\t\t<div class=\"elementor-widget-container\">\n\t\t\t\t\t\t\t\t\t<p><strong>Gains<\/strong><br \/>Hand-Eye Coordination<br \/>Attetion<br \/>Understanding the Part-Whole Relationship<br \/>Small Muscle Development<br \/>Confidence<br \/>Social Cohesion<br \/>Analysis-Synthesis<br \/>Classification- Sorting<br \/>Problem Solved<\/p><p>Puzzles are especially important for children\u2019s mental, physical, social and emotional development.<\/p><p>Puzzles are especially important for children\u2019s mental, physical, social and emotional development.  \n Puzzle, during the formation phase, can be defined as bringing together some pieces that seem complicated, meaningless, and irrelevant to each other and forming integrity. This forming integrity process is a phase that requires mental dexterity. Puzzle, in this sense, provides the formation of part-whole relationships by contributing to children\u2019s mental development. Additionally, it has extra benefits for your children such as concentration-perception development, figure-ground perception, induction-deduction and reasoning-comparison development, and classification-sorting ability. Moreover, puzzles have further contributions to children\u2019s critical thinking development, some of which are producing solutions, trying alternatives, motion-time study, hand-eye coordination, analytical thinking, and integration-matching-sequencing abilities. \nA child has to use his\/her small muscles in order to do puzzles. Repeated movements reinforce the physical development of his\/her by making his\/her muscles stronger and by gaining the habit of mentioned movement.  \nCompleting the puzzle means a great victory for a child and this achievement is a significant contribution to his\/her self-confidence. With this quality of it, we can refer to the contribution of puzzle to children\u2019s emotional development. \nBesides, puzzles serve as some kind of treasure for social development because of the fact that they strengthen kids\u2019 abilities such as productivity, patience, socialization, curiosity, discovery, acting independently, and focusing on the target. \nChildren aged between 12-18 months can play with 3-4-piece puzzles and they can keep doing puzzles with more pieces as they get older. However, the main point which should be considered is the fact that children at these ages cannot pay attention to any activity for a long time, therefore, cannot play this game for long. For this reason, towards the age of two or three, children can play this game with their parents for a longer period of time. Because children at these ages like building something and then breaking it, they enjoy playing this game. \nYou too can have fun with your children as well as contribute to their development. Who knows, doing puzzles might be one of his\/her favorite hobbies when he\/she becomes an adult.<\/p><p>A child has to use his\/her small muscles in order to do puzzles. Repeated movements reinforce the physical development of his\/her by making his\/her muscles stronger and by gaining the habit of mentioned movement.<\/p><p>Completing the puzzle means a great victory for a child and this achievement is a significant contribution to his\/her self-confidence. With this quality of it, we can refer to the contribution of puzzle to children\u2019s emotional development.<\/p><p>Besides, puzzles serve as some kind of treasure for social development because of the fact that they strengthen kids\u2019 abilities such as productivity, patience, socialization, curiosity, discovery, acting independently, and focusing on the target.<\/p><p>Children aged between 12-18 months can play with 3-4-piece puzzles and they can keep doing puzzles with more pieces as they get older. However, the main point which should be considered is the fact that children at these ages cannot pay attention to any activity for a long time, therefore, cannot play this game for long. For this reason, towards the age of two or three, children can play this game with their parents for a longer period of time. Because children at these ages like building something and then breaking it, they enjoy playing this game.<\/p><p>You too can have fun with your children as well as contribute to their development. Who knows, doing puzzles might be one of his\/her favorite hobbies when he\/she becomes an adult.<\/p>\t\t\t\t\t\t\t\t<\/div>\n\t\t\t\t<\/div>\n\t\t\t\t<div class=\"elementor-element elementor-element-158429d elementor-widget elementor-widget-spacer\" data-id=\"158429d\" data-element_type=\"widget\" data-e-type=\"widget\" data-widget_type=\"spacer.default\">\n\t\t\t\t<div class=\"elementor-widget-container\">\n\t\t\t\t\t\t\t<div class=\"elementor-spacer\">\n\t\t\t<div class=\"elementor-spacer-inner\"><\/div>\n\t\t<\/div>\n\t\t\t\t\t\t<\/div>\n\t\t\t\t<\/div>\n\t\t\t\t\t<\/div>\n\t\t<\/div>\n\t\t\t\t\t<\/div>\n\t\t<\/section>\n\t\t\t\t<\/div>","protected":false},"excerpt":{"rendered":"<p>Stok Kodu: 5121 CA Barkod: 8681889042576 \u00dcr\u00fcn Ad\u0131: Sevimli Dostlar 1 Par\u00e7a Say\u0131s\u0131: 24 Par\u00e7a \u00dcr\u00fcn \u00d6l\u00e7\u00fcs\u00fc: 34 x 24 cm \u00d6nerilen Ya\u015f Grubu 3 Ya\u015f ve \u00fczeri Sevimli Dostlar 35 Par\u00e7a&hellip;<\/p>","protected":false},"author":1,"featured_media":0,"parent":0,"menu_order":0,"comment_status":"closed","ping_status":"closed","template":"","meta":{"footnotes":""},"class_list":["post-3341","page","type-page","status-publish","hentry"],"_links":{"self":[{"href":"https:\/\/cagames.com.tr\/en\/wp-json\/wp\/v2\/pages\/3341","targetHints":{"allow":["GET"]}}],"collection":[{"href":"https:\/\/cagames.com.tr\/en\/wp-json\/wp\/v2\/pages"}],"about":[{"href":"https:\/\/cagames.com.tr\/en\/wp-json\/wp\/v2\/types\/page"}],"author":[{"embeddable":true,"href":"https:\/\/cagames.com.tr\/en\/wp-json\/wp\/v2\/users\/1"}],"replies":[{"embeddable":true,"href":"https:\/\/cagames.com.tr\/en\/wp-json\/wp\/v2\/comments?post=3341"}],"version-history":[{"count":0,"href":"https:\/\/cagames.com.tr\/en\/wp-json\/wp\/v2\/pages\/3341\/revisions"}],"wp:attachment":[{"href":"https:\/\/cagames.com.tr\/en\/wp-json\/wp\/v2\/media?parent=3341"}],"curies":[{"name":"wp","href":"https:\/\/api.w.org\/{rel}","templated":true}]}}