{"id":3425,"date":"2022-05-09T12:59:14","date_gmt":"2022-05-09T09:59:14","guid":{"rendered":"https:\/\/www.pickistanbul.com\/demo2\/?page_id=3425"},"modified":"2023-04-05T11:15:00","modified_gmt":"2023-04-05T08:15:00","slug":"kizma-bilader-kutu-oyunu","status":"publish","type":"page","link":"https:\/\/cagames.com.tr\/en\/kizma-bilader-kutu-oyunu\/","title":{"rendered":"K\u0131zma Bilader Kutu Oyunu"},"content":{"rendered":"<div data-elementor-type=\"wp-post\" data-elementor-id=\"3425\" class=\"elementor elementor-3425\">\n\t\t\t\t\t\t<section class=\"elementor-section elementor-top-section elementor-element elementor-element-7a392c1 elementor-section-boxed elementor-section-height-default elementor-section-height-default\" data-id=\"7a392c1\" data-element_type=\"section\" data-e-type=\"section\">\n\t\t\t\t\t\t<div class=\"elementor-container elementor-column-gap-extended\">\n\t\t\t\t\t<div class=\"elementor-column elementor-col-50 elementor-top-column elementor-element elementor-element-e32574c\" data-id=\"e32574c\" data-element_type=\"column\" data-e-type=\"column\">\n\t\t\t<div class=\"elementor-widget-wrap elementor-element-populated\">\n\t\t\t\t\t\t<div class=\"elementor-element elementor-element-5f52f5b elementor-widget elementor-widget-image\" data-id=\"5f52f5b\" data-element_type=\"widget\" data-e-type=\"widget\" data-widget_type=\"image.default\">\n\t\t\t\t<div class=\"elementor-widget-container\">\n\t\t\t\t\t\t\t\t\t\t\t\t\t\t\t<img fetchpriority=\"high\" decoding=\"async\" width=\"1024\" height=\"1024\" src=\"https:\/\/cagames.com.tr\/wp-content\/uploads\/2022\/06\/Kimza-Birader-1-1024x1024.png\" class=\"attachment-large size-large wp-image-4551\" alt=\"\" srcset=\"https:\/\/cagames.com.tr\/wp-content\/uploads\/2022\/06\/Kimza-Birader-1-1024x1024.png 1024w, https:\/\/cagames.com.tr\/wp-content\/uploads\/2022\/06\/Kimza-Birader-1-300x300.png 300w, https:\/\/cagames.com.tr\/wp-content\/uploads\/2022\/06\/Kimza-Birader-1-150x150.png 150w, https:\/\/cagames.com.tr\/wp-content\/uploads\/2022\/06\/Kimza-Birader-1-768x768.png 768w, https:\/\/cagames.com.tr\/wp-content\/uploads\/2022\/06\/Kimza-Birader-1-1536x1536.png 1536w, https:\/\/cagames.com.tr\/wp-content\/uploads\/2022\/06\/Kimza-Birader-1-2048x2048.png 2048w, https:\/\/cagames.com.tr\/wp-content\/uploads\/2022\/06\/Kimza-Birader-1-370x370.png 370w, https:\/\/cagames.com.tr\/wp-content\/uploads\/2022\/06\/Kimza-Birader-1-90x90.png 90w, https:\/\/cagames.com.tr\/wp-content\/uploads\/2022\/06\/Kimza-Birader-1-760x760.png 760w\" sizes=\"(max-width: 1024px) 100vw, 1024px\" \/>\t\t\t\t\t\t\t\t\t\t\t\t\t\t\t<\/div>\n\t\t\t\t<\/div>\n\t\t\t\t\t<\/div>\n\t\t<\/div>\n\t\t\t\t<div class=\"elementor-column elementor-col-50 elementor-top-column elementor-element elementor-element-66cc7f5\" data-id=\"66cc7f5\" data-element_type=\"column\" data-e-type=\"column\">\n\t\t\t<div class=\"elementor-widget-wrap elementor-element-populated\">\n\t\t\t\t\t\t<div class=\"elementor-element elementor-element-febb01c elementor-widget elementor-widget-heading\" data-id=\"febb01c\" data-element_type=\"widget\" data-e-type=\"widget\" data-widget_type=\"heading.default\">\n\t\t\t\t<div class=\"elementor-widget-container\">\n\t\t\t\t\t<h2 class=\"elementor-heading-title elementor-size-default translation-block\">Parchees!<\/h2>\t\t\t\t<\/div>\n\t\t\t\t<\/div>\n\t\t\t\t<div class=\"elementor-element elementor-element-c40542b elementor-widget elementor-widget-spacer\" data-id=\"c40542b\" data-element_type=\"widget\" data-e-type=\"widget\" data-widget_type=\"spacer.default\">\n\t\t\t\t<div class=\"elementor-widget-container\">\n\t\t\t\t\t\t\t<div class=\"elementor-spacer\">\n\t\t\t<div class=\"elementor-spacer-inner\"><\/div>\n\t\t<\/div>\n\t\t\t\t\t\t<\/div>\n\t\t\t\t<\/div>\n\t\t\t\t<div class=\"elementor-element elementor-element-afb0b32 elementor-widget elementor-widget-text-editor\" data-id=\"afb0b32\" data-element_type=\"widget\" data-e-type=\"widget\" data-widget_type=\"text-editor.default\">\n\t\t\t\t<div class=\"elementor-widget-container\">\n\t\t\t\t\t\t\t\t\t<p>- A family game that will be loved by adults and children.<\/p><p>2 ile 4 ki\u015fi aras\u0131nda oynanabilen oyun ile \u00e7ok e\u011flenceli zaman ge\u00e7ireceksiniz.<\/p><p>B\u00fcy\u00fckler i\u00e7in klasik bir oyun, k\u00fc\u00e7\u00fckler i\u00e7in ise \u00e7ok zevkli bir kutu oyunu.<\/p><p>K\u0131zma Birader ile e\u011flence hep s\u00fcrecek!<\/p><p>E\u011flenceli aile oyunu.<\/p>\t\t\t\t\t\t\t\t<\/div>\n\t\t\t\t<\/div>\n\t\t\t\t<div class=\"elementor-element elementor-element-9a1297e elementor-widget elementor-widget-spacer\" data-id=\"9a1297e\" data-element_type=\"widget\" data-e-type=\"widget\" data-widget_type=\"spacer.default\">\n\t\t\t\t<div class=\"elementor-widget-container\">\n\t\t\t\t\t\t\t<div class=\"elementor-spacer\">\n\t\t\t<div class=\"elementor-spacer-inner\"><\/div>\n\t\t<\/div>\n\t\t\t\t\t\t<\/div>\n\t\t\t\t<\/div>\n\t\t\t\t\t<\/div>\n\t\t<\/div>\n\t\t\t\t\t<\/div>\n\t\t<\/section>\n\t\t\t\t<section class=\"elementor-section elementor-top-section elementor-element elementor-element-1f9b920d elementor-section-boxed elementor-section-height-default elementor-section-height-default\" data-id=\"1f9b920d\" data-element_type=\"section\" data-e-type=\"section\">\n\t\t\t\t\t\t<div class=\"elementor-container elementor-column-gap-extended\">\n\t\t\t\t\t<div class=\"elementor-column elementor-col-100 elementor-top-column elementor-element elementor-element-523f82fa\" data-id=\"523f82fa\" data-element_type=\"column\" data-e-type=\"column\">\n\t\t\t<div class=\"elementor-widget-wrap\">\n\t\t\t\t\t\t\t<\/div>\n\t\t<\/div>\n\t\t\t\t\t<\/div>\n\t\t<\/section>\n\t\t\t\t<\/div>","protected":false},"excerpt":{"rendered":"<p>Stok Kodu: 10011 CA Barkod: 8681889040367 \u00dcr\u00fcn Ad\u0131: K\u0131zma Birader \u0130\u00e7indekiler: Oyun zemini, oyun k\u0131lavuzu, 49 kart, 16 piyon Kutu \u00d6l\u00e7\u00fcs\u00fc: 27 x 27 x 5 cm \u00d6nerilen Ya\u015f Grubu 6 Ya\u015f&hellip;<\/p>","protected":false},"author":1,"featured_media":0,"parent":0,"menu_order":0,"comment_status":"closed","ping_status":"closed","template":"","meta":{"footnotes":""},"class_list":["post-3425","page","type-page","status-publish","hentry"],"_links":{"self":[{"href":"https:\/\/cagames.com.tr\/en\/wp-json\/wp\/v2\/pages\/3425","targetHints":{"allow":["GET"]}}],"collection":[{"href":"https:\/\/cagames.com.tr\/en\/wp-json\/wp\/v2\/pages"}],"about":[{"href":"https:\/\/cagames.com.tr\/en\/wp-json\/wp\/v2\/types\/page"}],"author":[{"embeddable":true,"href":"https:\/\/cagames.com.tr\/en\/wp-json\/wp\/v2\/users\/1"}],"replies":[{"embeddable":true,"href":"https:\/\/cagames.com.tr\/en\/wp-json\/wp\/v2\/comments?post=3425"}],"version-history":[{"count":0,"href":"https:\/\/cagames.com.tr\/en\/wp-json\/wp\/v2\/pages\/3425\/revisions"}],"wp:attachment":[{"href":"https:\/\/cagames.com.tr\/en\/wp-json\/wp\/v2\/media?parent=3425"}],"curies":[{"name":"wp","href":"https:\/\/api.w.org\/{rel}","templated":true}]}}