{"id":3625,"date":"2022-05-09T12:59:14","date_gmt":"2022-05-09T09:59:14","guid":{"rendered":"https:\/\/www.pickistanbul.com\/demo2\/?page_id=3625"},"modified":"2022-07-01T14:24:31","modified_gmt":"2022-07-01T11:24:31","slug":"meslekler-egitici-puzzle","status":"publish","type":"page","link":"https:\/\/cagames.com.tr\/en\/meslekler-egitici-puzzle\/","title":{"rendered":"Meslekler E\u011fitici Puzzle"},"content":{"rendered":"<div data-elementor-type=\"wp-post\" data-elementor-id=\"3625\" class=\"elementor elementor-3625\">\n\t\t\t\t\t\t<section class=\"elementor-section elementor-top-section elementor-element elementor-element-d90ae15 elementor-section-boxed elementor-section-height-default elementor-section-height-default\" data-id=\"d90ae15\" data-element_type=\"section\" data-e-type=\"section\">\n\t\t\t\t\t\t<div class=\"elementor-container elementor-column-gap-extended\">\n\t\t\t\t\t<div class=\"elementor-column elementor-col-50 elementor-top-column elementor-element elementor-element-5b41a5e\" data-id=\"5b41a5e\" data-element_type=\"column\" data-e-type=\"column\">\n\t\t\t<div class=\"elementor-widget-wrap elementor-element-populated\">\n\t\t\t\t\t\t<div class=\"elementor-element elementor-element-0d829b5 elementor-widget elementor-widget-image\" data-id=\"0d829b5\" data-element_type=\"widget\" data-e-type=\"widget\" data-widget_type=\"image.default\">\n\t\t\t\t<div class=\"elementor-widget-container\">\n\t\t\t\t\t\t\t\t\t\t\t\t\t\t\t<img decoding=\"async\" src=\"https:\/\/www.pickistanbul.com\/demo2\/wp-content\/uploads\/2022\/06\/Eg\u0306itici-Puzzle-Meslekler-Kolaj.png\" title=\"\" alt=\"\" loading=\"lazy\" \/>\t\t\t\t\t\t\t\t\t\t\t\t\t\t\t<\/div>\n\t\t\t\t<\/div>\n\t\t\t\t\t<\/div>\n\t\t<\/div>\n\t\t\t\t<div class=\"elementor-column elementor-col-50 elementor-top-column elementor-element elementor-element-f000d6e\" data-id=\"f000d6e\" data-element_type=\"column\" data-e-type=\"column\">\n\t\t\t<div class=\"elementor-widget-wrap elementor-element-populated\">\n\t\t\t\t\t\t<div class=\"elementor-element elementor-element-ac6efb7 elementor-widget elementor-widget-heading\" data-id=\"ac6efb7\" data-element_type=\"widget\" data-e-type=\"widget\" data-widget_type=\"heading.default\">\n\t\t\t\t<div class=\"elementor-widget-container\">\n\t\t\t\t\t<h2 class=\"elementor-heading-title elementor-size-default\">Meslekler<\/h2>\t\t\t\t<\/div>\n\t\t\t\t<\/div>\n\t\t\t\t<div class=\"elementor-element elementor-element-6c32083 elementor-widget elementor-widget-spacer\" data-id=\"6c32083\" data-element_type=\"widget\" data-e-type=\"widget\" data-widget_type=\"spacer.default\">\n\t\t\t\t<div class=\"elementor-widget-container\">\n\t\t\t\t\t\t\t<div class=\"elementor-spacer\">\n\t\t\t<div class=\"elementor-spacer-inner\"><\/div>\n\t\t<\/div>\n\t\t\t\t\t\t<\/div>\n\t\t\t\t<\/div>\n\t\t\t\t<div class=\"elementor-element elementor-element-5877e70 elementor-widget elementor-widget-text-editor\" data-id=\"5877e70\" data-element_type=\"widget\" data-e-type=\"widget\" data-widget_type=\"text-editor.default\">\n\t\t\t\t<div class=\"elementor-widget-container\">\n\t\t\t\t\t\t\t\t\t<p>\u00c7ocuklar par\u00e7alar aras\u0131ndan do\u011fru olanlar\u0131 bir araya getirerek meslekleri \u00f6\u011frenirler.\u00a0<\/p>\t\t\t\t\t\t\t\t<\/div>\n\t\t\t\t<\/div>\n\t\t\t\t<div class=\"elementor-element elementor-element-158429d elementor-widget elementor-widget-spacer\" data-id=\"158429d\" data-element_type=\"widget\" data-e-type=\"widget\" data-widget_type=\"spacer.default\">\n\t\t\t\t<div class=\"elementor-widget-container\">\n\t\t\t\t\t\t\t<div class=\"elementor-spacer\">\n\t\t\t<div class=\"elementor-spacer-inner\"><\/div>\n\t\t<\/div>\n\t\t\t\t\t\t<\/div>\n\t\t\t\t<\/div>\n\t\t\t\t\t<\/div>\n\t\t<\/div>\n\t\t\t\t\t<\/div>\n\t\t<\/section>\n\t\t\t\t<\/div>","protected":false},"excerpt":{"rendered":"<p>Stok Kodu: 5030 CA Barkod: 8681889040442 \u00dcr\u00fcn Ad\u0131: Meslekler Par\u00e7a Say\u0131s\u0131: 36 \u00dcr\u00fcn Kutu \u00d6l\u00e7\u00fcs\u00fc: 20,5 x 19 x 6 cm \u00d6nerilen Ya\u015f Grubu: 3 Ya\u015f ve \u00dczeri Meslekler \u00c7ocuklar par\u00e7alar aras\u0131ndan&hellip;<\/p>","protected":false},"author":1,"featured_media":0,"parent":0,"menu_order":0,"comment_status":"closed","ping_status":"closed","template":"","meta":{"footnotes":""},"class_list":["post-3625","page","type-page","status-publish","hentry"],"_links":{"self":[{"href":"https:\/\/cagames.com.tr\/en\/wp-json\/wp\/v2\/pages\/3625","targetHints":{"allow":["GET"]}}],"collection":[{"href":"https:\/\/cagames.com.tr\/en\/wp-json\/wp\/v2\/pages"}],"about":[{"href":"https:\/\/cagames.com.tr\/en\/wp-json\/wp\/v2\/types\/page"}],"author":[{"embeddable":true,"href":"https:\/\/cagames.com.tr\/en\/wp-json\/wp\/v2\/users\/1"}],"replies":[{"embeddable":true,"href":"https:\/\/cagames.com.tr\/en\/wp-json\/wp\/v2\/comments?post=3625"}],"version-history":[{"count":0,"href":"https:\/\/cagames.com.tr\/en\/wp-json\/wp\/v2\/pages\/3625\/revisions"}],"wp:attachment":[{"href":"https:\/\/cagames.com.tr\/en\/wp-json\/wp\/v2\/media?parent=3625"}],"curies":[{"name":"wp","href":"https:\/\/api.w.org\/{rel}","templated":true}]}}