{"id":3740,"date":"2022-05-09T12:59:14","date_gmt":"2022-05-09T09:59:14","guid":{"rendered":"https:\/\/www.pickistanbul.com\/demo2\/?page_id=3740"},"modified":"2022-07-01T13:30:39","modified_gmt":"2022-07-01T10:30:39","slug":"ozel-seri-memory-oyun","status":"publish","type":"page","link":"https:\/\/cagames.com.tr\/en\/ozel-seri-memory-oyun\/","title":{"rendered":"\u00d6zel Seri Memory Oyun"},"content":{"rendered":"<div data-elementor-type=\"wp-post\" data-elementor-id=\"3740\" class=\"elementor elementor-3740\">\n\t\t\t\t\t\t<section class=\"elementor-section elementor-top-section elementor-element elementor-element-d90ae15 elementor-section-boxed elementor-section-height-default elementor-section-height-default\" data-id=\"d90ae15\" data-element_type=\"section\" data-e-type=\"section\">\n\t\t\t\t\t\t<div class=\"elementor-container elementor-column-gap-extended\">\n\t\t\t\t\t<div class=\"elementor-column elementor-col-50 elementor-top-column elementor-element elementor-element-5b41a5e\" data-id=\"5b41a5e\" data-element_type=\"column\" data-e-type=\"column\">\n\t\t\t<div class=\"elementor-widget-wrap elementor-element-populated\">\n\t\t\t\t\t\t<div class=\"elementor-element elementor-element-0d829b5 elementor-widget elementor-widget-image\" data-id=\"0d829b5\" data-element_type=\"widget\" data-e-type=\"widget\" data-widget_type=\"image.default\">\n\t\t\t\t<div class=\"elementor-widget-container\">\n\t\t\t\t\t\t\t\t\t\t\t\t\t\t\t<img decoding=\"async\" src=\"https:\/\/www.pickistanbul.com\/demo2\/wp-content\/uploads\/2022\/06\/CA.5039-MEMORY-O\u0308ZEL-SERI\u0307.png\" title=\"\" alt=\"\" loading=\"lazy\" \/>\t\t\t\t\t\t\t\t\t\t\t\t\t\t\t<\/div>\n\t\t\t\t<\/div>\n\t\t\t\t\t<\/div>\n\t\t<\/div>\n\t\t\t\t<div class=\"elementor-column elementor-col-50 elementor-top-column elementor-element elementor-element-f000d6e\" data-id=\"f000d6e\" data-element_type=\"column\" data-e-type=\"column\">\n\t\t\t<div class=\"elementor-widget-wrap elementor-element-populated\">\n\t\t\t\t\t\t<div class=\"elementor-element elementor-element-ac6efb7 elementor-widget elementor-widget-heading\" data-id=\"ac6efb7\" data-element_type=\"widget\" data-e-type=\"widget\" data-widget_type=\"heading.default\">\n\t\t\t\t<div class=\"elementor-widget-container\">\n\t\t\t\t\t<h2 class=\"elementor-heading-title elementor-size-default\">\u00d6zel Seri<\/h2>\t\t\t\t<\/div>\n\t\t\t\t<\/div>\n\t\t\t\t<div class=\"elementor-element elementor-element-6c32083 elementor-widget elementor-widget-spacer\" data-id=\"6c32083\" data-element_type=\"widget\" data-e-type=\"widget\" data-widget_type=\"spacer.default\">\n\t\t\t\t<div class=\"elementor-widget-container\">\n\t\t\t\t\t\t\t<div class=\"elementor-spacer\">\n\t\t\t<div class=\"elementor-spacer-inner\"><\/div>\n\t\t<\/div>\n\t\t\t\t\t\t<\/div>\n\t\t\t\t<\/div>\n\t\t\t\t<div class=\"elementor-element elementor-element-5877e70 elementor-widget elementor-widget-text-editor\" data-id=\"5877e70\" data-element_type=\"widget\" data-e-type=\"widget\" data-widget_type=\"text-editor.default\">\n\t\t\t\t<div class=\"elementor-widget-container\">\n\t\t\t\t\t\t\t\t\t<p><strong>Gains<\/strong><br \/>Hand-Eye Coordination<br \/>Attetion<br \/>Understanding the Part-Whole Relationship<br \/>Small Muscle Development<br \/>Confidence<br \/>Social Cohesion<br \/>Analysis-Synthesis<br \/>Classification- Sorting<br \/>Problem Solved<\/p><p>Haf\u0131za oyunu i\u00e7in, konsantrasyon, dikkat ve g\u00f6rsel haf\u0131za gereklidir. K\u00fc\u00e7\u00fck oyuncular\u0131n, b\u00fcy\u00fck oyuncular\u0131 alt edebilece\u011fi heyecanl\u0131 kart e\u015fle\u015ftirme av\u0131na haz\u0131rsan\u0131z, hemen ba\u015flay\u0131n.<\/p><p><strong>Oyunun Amac\u0131<\/strong><br \/>En \u00e7ok kart\u0131 e\u015fle\u015ftirmeye \u00e7al\u0131\u015fmakt\u0131r. Oyunun sonunda en \u00e7ok \u00e7ifte sahip olan oyunu kazan\u0131r.<\/p><p><strong>Oyun Ba\u015flang\u0131c\u0131<\/strong><br \/>Kartlar resim y\u00fczeyleri a\u015fa\u011f\u0131da olacak \u015fekilde kapal\u0131 kar\u0131\u015ft\u0131r\u0131l\u0131r. Kartlar iste\u011fe g\u00f6re kare veya dikd\u00f6rtgen \u015feklinde aralar\u0131nda bo\u015fluk b\u0131rakarak dizilebilir. Kartlar dizildikten sonra yerinden oynat\u0131lmamal\u0131d\u0131r.<\/p><p><strong>Oyuna Kim Ba\u015flar?<\/strong><br \/>Oyuna, ya\u015f\u0131 en k\u00fc\u00e7\u00fck oyuncu ba\u015flar, oyuncular saat y\u00f6n\u00fcnde kartlar\u0131n etraf\u0131nda otururlar.<\/p><p><strong>Haf\u0131za Oyunu Nas\u0131l Oynan\u0131r?<\/strong><br \/>S\u0131ras\u0131 gelen oyuncu istedi\u011fi yerden 2 kart\u0131 ters \u00e7evirir. Kartlar ayn\u0131 ise 2 kart\u0131 yan\u0131na al\u0131r ve 2 kart daha a\u00e7ar, e\u011fer kartlar e\u015fle\u015fmemi\u015f durumdaysa kartlar kapat\u0131l\u0131r ve s\u0131ra saat y\u00f6n\u00fcndeki oyuncuya ge\u00e7er, s\u0131ras\u0131 gelen oyuncu 2 kart a\u00e7ar. Oyun bu \u015fekilde s\u00fcr\u00fcp gider. Oyuncular e\u015fle\u015fmeyen kartlar\u0131 akl\u0131nda tutmaya \u00e7al\u0131\u015farak, bir sonraki tur daha \u00f6nce a\u00e7\u0131lan kartlar\u0131n yerlerini hat\u0131rlamaya \u00e7al\u0131\u015f\u0131rlar, kartlar herkes g\u00f6rd\u00fckten sonra kapat\u0131l\u0131r. Tekrar kapat\u0131lan kartlar\u0131n yer de\u011fi\u015ftirmemesi gerekir.<\/p><p><strong>Oyunda Yasak Olanlar<\/strong><br \/>Bir oyuncu e\u015fle\u015fmeyen 2 kart a\u00e7t\u0131\u011f\u0131nda, yerini bildi\u011fi \u00fc\u00e7\u00fcnc\u00fc bir kart\u0131 a\u00e7amaz, s\u0131ra kendisine tekrar gelene dek beklemek zorundad\u0131r. E\u015flenmemi\u015f kartlar\u0131, di\u011fer oyuncular\u0131n g\u00f6rd\u00fcklerinden emin olduktan sonra kapat\u0131lmas\u0131 gerekir.<\/p><p><strong>Oyunun Biti\u015fi<\/strong><br \/>Oyunda ki son kartlar e\u015fle\u015fti\u011fi zaman oyun sona ermi\u015ftir. Kazanan\u0131 bulmak i\u00e7in, kimin yan\u0131nda daha \u00e7ok \u00e7ift kart varsa, oyunu kazan\u0131r. Beraberlik durumunda, bir sonraki turda en \u00e7ok \u00e7ifti bulan oyuncu kazan\u0131r.<\/p><p><strong>\u00d6neriler<\/strong><br \/>\u0130lk oyunlarda oyuncular\u0131n ya\u015f ve beceri durumu g\u00f6z \u00f6n\u00fcne al\u0131narak, daha az kartla ba\u015flan\u0131p, sonraki turlanda kart say\u0131s\u0131 \u00e7o\u011falt\u0131labilir.<\/p>\t\t\t\t\t\t\t\t<\/div>\n\t\t\t\t<\/div>\n\t\t\t\t<div class=\"elementor-element elementor-element-158429d elementor-widget elementor-widget-spacer\" data-id=\"158429d\" data-element_type=\"widget\" data-e-type=\"widget\" data-widget_type=\"spacer.default\">\n\t\t\t\t<div class=\"elementor-widget-container\">\n\t\t\t\t\t\t\t<div class=\"elementor-spacer\">\n\t\t\t<div class=\"elementor-spacer-inner\"><\/div>\n\t\t<\/div>\n\t\t\t\t\t\t<\/div>\n\t\t\t\t<\/div>\n\t\t\t\t\t<\/div>\n\t\t<\/div>\n\t\t\t\t\t<\/div>\n\t\t<\/section>\n\t\t\t\t<\/div>","protected":false},"excerpt":{"rendered":"<p>Stok Kodu: 5039 CA Barkod: 8681889040473 \u00dcr\u00fcn Ad\u0131: \u00d6zel Seri Memory Par\u00e7a Say\u0131s\u0131: 48 Par\u00e7a Par\u00e7a \u00d6l\u00e7\u00fcs\u00fc: &nbsp;6 x 6 cm \u00dcr\u00fcn Kutu \u00d6l\u00e7\u00fcs\u00fc 20,5 x 19 x 6 cm \u00d6nerilen Ya\u015f&hellip;<\/p>","protected":false},"author":1,"featured_media":0,"parent":0,"menu_order":0,"comment_status":"closed","ping_status":"closed","template":"","meta":{"footnotes":""},"class_list":["post-3740","page","type-page","status-publish","hentry"],"_links":{"self":[{"href":"https:\/\/cagames.com.tr\/en\/wp-json\/wp\/v2\/pages\/3740","targetHints":{"allow":["GET"]}}],"collection":[{"href":"https:\/\/cagames.com.tr\/en\/wp-json\/wp\/v2\/pages"}],"about":[{"href":"https:\/\/cagames.com.tr\/en\/wp-json\/wp\/v2\/types\/page"}],"author":[{"embeddable":true,"href":"https:\/\/cagames.com.tr\/en\/wp-json\/wp\/v2\/users\/1"}],"replies":[{"embeddable":true,"href":"https:\/\/cagames.com.tr\/en\/wp-json\/wp\/v2\/comments?post=3740"}],"version-history":[{"count":0,"href":"https:\/\/cagames.com.tr\/en\/wp-json\/wp\/v2\/pages\/3740\/revisions"}],"wp:attachment":[{"href":"https:\/\/cagames.com.tr\/en\/wp-json\/wp\/v2\/media?parent=3740"}],"curies":[{"name":"wp","href":"https:\/\/api.w.org\/{rel}","templated":true}]}}