{"id":4666,"date":"2022-06-30T22:08:54","date_gmt":"2022-06-30T19:08:54","guid":{"rendered":"https:\/\/cagames.com.tr\/?page_id=4666"},"modified":"2025-09-15T14:06:08","modified_gmt":"2025-09-15T11:06:08","slug":"egitici-oyun-kartlari","status":"publish","type":"page","link":"https:\/\/cagames.com.tr\/en\/egitici-oyun-kartlari\/","title":{"rendered":"Educational Playing Cards"},"content":{"rendered":"<div data-elementor-type=\"wp-post\" data-elementor-id=\"4666\" class=\"elementor elementor-4666\">\n\t\t\t\t\t\t<section class=\"elementor-section elementor-top-section elementor-element elementor-element-5f3e989f elementor-section-boxed elementor-section-height-default elementor-section-height-default\" data-id=\"5f3e989f\" data-element_type=\"section\" data-e-type=\"section\">\n\t\t\t\t\t\t<div class=\"elementor-container elementor-column-gap-extended\">\n\t\t\t\t\t<div class=\"elementor-column elementor-col-50 elementor-top-column elementor-element elementor-element-50a22720\" data-id=\"50a22720\" data-element_type=\"column\" data-e-type=\"column\">\n\t\t\t<div class=\"elementor-widget-wrap elementor-element-populated\">\n\t\t\t\t\t\t<div class=\"elementor-element elementor-element-614b9ab elementor-position-top elementor-widget elementor-widget-image-box\" data-id=\"614b9ab\" data-element_type=\"widget\" data-e-type=\"widget\" data-widget_type=\"image-box.default\">\n\t\t\t\t<div class=\"elementor-widget-container\">\n\t\t\t\t\t<div class=\"elementor-image-box-wrapper\"><figure class=\"elementor-image-box-img\"><img fetchpriority=\"high\" decoding=\"async\" width=\"768\" height=\"1090\" src=\"https:\/\/cagames.com.tr\/wp-content\/uploads\/2024\/08\/Siyah-Beyaz-Bebek-Kartlari-768x1090.png\" class=\"elementor-animation-grow attachment-medium_large size-medium_large wp-image-6968\" alt=\"\" srcset=\"https:\/\/cagames.com.tr\/wp-content\/uploads\/2024\/08\/Siyah-Beyaz-Bebek-Kartlari-768x1090.png 768w, https:\/\/cagames.com.tr\/wp-content\/uploads\/2024\/08\/Siyah-Beyaz-Bebek-Kartlari-211x300.png 211w, https:\/\/cagames.com.tr\/wp-content\/uploads\/2024\/08\/Siyah-Beyaz-Bebek-Kartlari-722x1024.png 722w, https:\/\/cagames.com.tr\/wp-content\/uploads\/2024\/08\/Siyah-Beyaz-Bebek-Kartlari-1083x1536.png 1083w, https:\/\/cagames.com.tr\/wp-content\/uploads\/2024\/08\/Siyah-Beyaz-Bebek-Kartlari-1444x2048.png 1444w, https:\/\/cagames.com.tr\/wp-content\/uploads\/2024\/08\/Siyah-Beyaz-Bebek-Kartlari-8x12.png 8w, https:\/\/cagames.com.tr\/wp-content\/uploads\/2024\/08\/Siyah-Beyaz-Bebek-Kartlari-370x525.png 370w, https:\/\/cagames.com.tr\/wp-content\/uploads\/2024\/08\/Siyah-Beyaz-Bebek-Kartlari-760x1078.png 760w, https:\/\/cagames.com.tr\/wp-content\/uploads\/2024\/08\/Siyah-Beyaz-Bebek-Kartlari.png 1739w\" sizes=\"(max-width: 768px) 100vw, 768px\" \/><\/figure><div class=\"elementor-image-box-content\"><h3 class=\"elementor-image-box-title\">Siyah Beyaz Bebek Kartlar\u0131<\/h3><p class=\"elementor-image-box-description\">CA.5145<\/p><\/div><\/div>\t\t\t\t<\/div>\n\t\t\t\t<\/div>\n\t\t\t\t<div class=\"elementor-element elementor-element-cab508c elementor-position-top elementor-widget elementor-widget-image-box\" data-id=\"cab508c\" data-element_type=\"widget\" data-e-type=\"widget\" data-widget_type=\"image-box.default\">\n\t\t\t\t<div class=\"elementor-widget-container\">\n\t\t\t\t\t<div class=\"elementor-image-box-wrapper\"><figure class=\"elementor-image-box-img\"><img decoding=\"async\" width=\"768\" height=\"998\" src=\"https:\/\/cagames.com.tr\/wp-content\/uploads\/2024\/08\/CA.5107-HIKAYE-KARTLARIM-768x998.jpg\" class=\"elementor-animation-grow attachment-medium_large size-medium_large wp-image-6972\" alt=\"\" srcset=\"https:\/\/cagames.com.tr\/wp-content\/uploads\/2024\/08\/CA.5107-HIKAYE-KARTLARIM-768x998.jpg 768w, https:\/\/cagames.com.tr\/wp-content\/uploads\/2024\/08\/CA.5107-HIKAYE-KARTLARIM-231x300.jpg 231w, https:\/\/cagames.com.tr\/wp-content\/uploads\/2024\/08\/CA.5107-HIKAYE-KARTLARIM-788x1024.jpg 788w, https:\/\/cagames.com.tr\/wp-content\/uploads\/2024\/08\/CA.5107-HIKAYE-KARTLARIM-1182x1536.jpg 1182w, https:\/\/cagames.com.tr\/wp-content\/uploads\/2024\/08\/CA.5107-HIKAYE-KARTLARIM-9x12.jpg 9w, https:\/\/cagames.com.tr\/wp-content\/uploads\/2024\/08\/CA.5107-HIKAYE-KARTLARIM-370x481.jpg 370w, https:\/\/cagames.com.tr\/wp-content\/uploads\/2024\/08\/CA.5107-HIKAYE-KARTLARIM-760x988.jpg 760w, https:\/\/cagames.com.tr\/wp-content\/uploads\/2024\/08\/CA.5107-HIKAYE-KARTLARIM.jpg 1231w\" sizes=\"(max-width: 768px) 100vw, 768px\" \/><\/figure><div class=\"elementor-image-box-content\"><h3 class=\"elementor-image-box-title\">Hikaye Kartlar\u0131m<\/h3><p class=\"elementor-image-box-description\">CA.5107<\/p><\/div><\/div>\t\t\t\t<\/div>\n\t\t\t\t<\/div>\n\t\t\t\t<div class=\"elementor-element elementor-element-5ed33cdb elementor-position-top elementor-widget elementor-widget-image-box\" data-id=\"5ed33cdb\" data-element_type=\"widget\" data-e-type=\"widget\" data-widget_type=\"image-box.default\">\n\t\t\t\t<div class=\"elementor-widget-container\">\n\t\t\t\t\t<div class=\"elementor-image-box-wrapper\"><figure class=\"elementor-image-box-img\"><img decoding=\"async\" width=\"768\" height=\"1090\" src=\"https:\/\/cagames.com.tr\/wp-content\/uploads\/2024\/08\/HADI-HATIRLA-KONSEPT-179x207-on-768x1090.png\" class=\"elementor-animation-grow attachment-medium_large size-medium_large wp-image-6955\" alt=\"\" srcset=\"https:\/\/cagames.com.tr\/wp-content\/uploads\/2024\/08\/HADI-HATIRLA-KONSEPT-179x207-on-768x1090.png 768w, https:\/\/cagames.com.tr\/wp-content\/uploads\/2024\/08\/HADI-HATIRLA-KONSEPT-179x207-on-211x300.png 211w, https:\/\/cagames.com.tr\/wp-content\/uploads\/2024\/08\/HADI-HATIRLA-KONSEPT-179x207-on-722x1024.png 722w, https:\/\/cagames.com.tr\/wp-content\/uploads\/2024\/08\/HADI-HATIRLA-KONSEPT-179x207-on-1083x1536.png 1083w, https:\/\/cagames.com.tr\/wp-content\/uploads\/2024\/08\/HADI-HATIRLA-KONSEPT-179x207-on-1444x2048.png 1444w, https:\/\/cagames.com.tr\/wp-content\/uploads\/2024\/08\/HADI-HATIRLA-KONSEPT-179x207-on-8x12.png 8w, https:\/\/cagames.com.tr\/wp-content\/uploads\/2024\/08\/HADI-HATIRLA-KONSEPT-179x207-on-370x525.png 370w, https:\/\/cagames.com.tr\/wp-content\/uploads\/2024\/08\/HADI-HATIRLA-KONSEPT-179x207-on-760x1078.png 760w, https:\/\/cagames.com.tr\/wp-content\/uploads\/2024\/08\/HADI-HATIRLA-KONSEPT-179x207-on.png 1739w\" sizes=\"(max-width: 768px) 100vw, 768px\" \/><\/figure><div class=\"elementor-image-box-content\"><h3 class=\"elementor-image-box-title\">Hat\u0131rla Bakal\u0131m<\/h3><p class=\"elementor-image-box-description\">CA.5108<\/p><\/div><\/div>\t\t\t\t<\/div>\n\t\t\t\t<\/div>\n\t\t\t\t<div class=\"elementor-element elementor-element-4351a9a elementor-position-top elementor-widget elementor-widget-image-box\" data-id=\"4351a9a\" data-element_type=\"widget\" data-e-type=\"widget\" data-widget_type=\"image-box.default\">\n\t\t\t\t<div class=\"elementor-widget-container\">\n\t\t\t\t\t<div class=\"elementor-image-box-wrapper\"><figure class=\"elementor-image-box-img\"><img loading=\"lazy\" decoding=\"async\" width=\"768\" height=\"892\" src=\"https:\/\/cagames.com.tr\/wp-content\/uploads\/2024\/08\/Eylem-Kartlarim-Kolaj-768x892.png\" class=\"elementor-animation-grow attachment-medium_large size-medium_large wp-image-6963\" alt=\"\" srcset=\"https:\/\/cagames.com.tr\/wp-content\/uploads\/2024\/08\/Eylem-Kartlarim-Kolaj-768x892.png 768w, https:\/\/cagames.com.tr\/wp-content\/uploads\/2024\/08\/Eylem-Kartlarim-Kolaj-258x300.png 258w, https:\/\/cagames.com.tr\/wp-content\/uploads\/2024\/08\/Eylem-Kartlarim-Kolaj-882x1024.png 882w, https:\/\/cagames.com.tr\/wp-content\/uploads\/2024\/08\/Eylem-Kartlarim-Kolaj-1323x1536.png 1323w, https:\/\/cagames.com.tr\/wp-content\/uploads\/2024\/08\/Eylem-Kartlarim-Kolaj-10x12.png 10w, https:\/\/cagames.com.tr\/wp-content\/uploads\/2024\/08\/Eylem-Kartlarim-Kolaj-370x430.png 370w, https:\/\/cagames.com.tr\/wp-content\/uploads\/2024\/08\/Eylem-Kartlarim-Kolaj-760x882.png 760w, https:\/\/cagames.com.tr\/wp-content\/uploads\/2024\/08\/Eylem-Kartlarim-Kolaj.png 1739w\" sizes=\"(max-width: 768px) 100vw, 768px\" \/><\/figure><div class=\"elementor-image-box-content\"><h3 class=\"elementor-image-box-title\">Eylem Kartlar\u0131m<\/h3><p class=\"elementor-image-box-description\">CA.5174<\/p><\/div><\/div>\t\t\t\t<\/div>\n\t\t\t\t<\/div>\n\t\t\t\t<div class=\"elementor-element elementor-element-25f93e6d elementor-position-top elementor-widget elementor-widget-image-box\" data-id=\"25f93e6d\" data-element_type=\"widget\" data-e-type=\"widget\" data-widget_type=\"image-box.default\">\n\t\t\t\t<div class=\"elementor-widget-container\">\n\t\t\t\t\t<div class=\"elementor-image-box-wrapper\"><figure class=\"elementor-image-box-img\"><img loading=\"lazy\" decoding=\"async\" width=\"768\" height=\"937\" src=\"https:\/\/cagames.com.tr\/wp-content\/uploads\/2024\/08\/Bil-Bakalim-Ne-Degisti-Kolaj-768x937.png\" class=\"elementor-animation-grow attachment-medium_large size-medium_large wp-image-6951\" alt=\"\" srcset=\"https:\/\/cagames.com.tr\/wp-content\/uploads\/2024\/08\/Bil-Bakalim-Ne-Degisti-Kolaj-768x937.png 768w, https:\/\/cagames.com.tr\/wp-content\/uploads\/2024\/08\/Bil-Bakalim-Ne-Degisti-Kolaj-246x300.png 246w, https:\/\/cagames.com.tr\/wp-content\/uploads\/2024\/08\/Bil-Bakalim-Ne-Degisti-Kolaj-839x1024.png 839w, https:\/\/cagames.com.tr\/wp-content\/uploads\/2024\/08\/Bil-Bakalim-Ne-Degisti-Kolaj-1259x1536.png 1259w, https:\/\/cagames.com.tr\/wp-content\/uploads\/2024\/08\/Bil-Bakalim-Ne-Degisti-Kolaj-10x12.png 10w, https:\/\/cagames.com.tr\/wp-content\/uploads\/2024\/08\/Bil-Bakalim-Ne-Degisti-Kolaj-370x452.png 370w, https:\/\/cagames.com.tr\/wp-content\/uploads\/2024\/08\/Bil-Bakalim-Ne-Degisti-Kolaj-760x928.png 760w, https:\/\/cagames.com.tr\/wp-content\/uploads\/2024\/08\/Bil-Bakalim-Ne-Degisti-Kolaj.png 1311w\" sizes=\"(max-width: 768px) 100vw, 768px\" \/><\/figure><div class=\"elementor-image-box-content\"><h3 class=\"elementor-image-box-title\">Bil Bakal\u0131m Ne De\u011fi\u015fti<\/h3><p class=\"elementor-image-box-description\">CA.5109<\/p><\/div><\/div>\t\t\t\t<\/div>\n\t\t\t\t<\/div>\n\t\t\t\t\t<\/div>\n\t\t<\/div>\n\t\t\t\t<div class=\"elementor-column elementor-col-50 elementor-top-column elementor-element elementor-element-7c0450ab\" data-id=\"7c0450ab\" data-element_type=\"column\" data-e-type=\"column\">\n\t\t\t<div class=\"elementor-widget-wrap elementor-element-populated\">\n\t\t\t\t\t\t<div class=\"elementor-element elementor-element-15fb7b27 elementor-position-top elementor-widget elementor-widget-image-box\" data-id=\"15fb7b27\" data-element_type=\"widget\" data-e-type=\"widget\" data-widget_type=\"image-box.default\">\n\t\t\t\t<div class=\"elementor-widget-container\">\n\t\t\t\t\t<div class=\"elementor-image-box-wrapper\"><figure class=\"elementor-image-box-img\"><img loading=\"lazy\" decoding=\"async\" width=\"768\" height=\"1090\" src=\"https:\/\/cagames.com.tr\/wp-content\/uploads\/2024\/08\/EGLENCELI-BILMECELER-768x1090.png\" class=\"elementor-animation-grow attachment-medium_large size-medium_large wp-image-6943\" alt=\"\" srcset=\"https:\/\/cagames.com.tr\/wp-content\/uploads\/2024\/08\/EGLENCELI-BILMECELER-768x1090.png 768w, https:\/\/cagames.com.tr\/wp-content\/uploads\/2024\/08\/EGLENCELI-BILMECELER-211x300.png 211w, https:\/\/cagames.com.tr\/wp-content\/uploads\/2024\/08\/EGLENCELI-BILMECELER-722x1024.png 722w, https:\/\/cagames.com.tr\/wp-content\/uploads\/2024\/08\/EGLENCELI-BILMECELER-1083x1536.png 1083w, https:\/\/cagames.com.tr\/wp-content\/uploads\/2024\/08\/EGLENCELI-BILMECELER-1444x2048.png 1444w, https:\/\/cagames.com.tr\/wp-content\/uploads\/2024\/08\/EGLENCELI-BILMECELER-8x12.png 8w, https:\/\/cagames.com.tr\/wp-content\/uploads\/2024\/08\/EGLENCELI-BILMECELER-370x525.png 370w, https:\/\/cagames.com.tr\/wp-content\/uploads\/2024\/08\/EGLENCELI-BILMECELER-760x1078.png 760w, https:\/\/cagames.com.tr\/wp-content\/uploads\/2024\/08\/EGLENCELI-BILMECELER.png 1739w\" sizes=\"(max-width: 768px) 100vw, 768px\" \/><\/figure><div class=\"elementor-image-box-content\"><h3 class=\"elementor-image-box-title\">E\u011flenceli Bilmeceler<\/h3><p class=\"elementor-image-box-description\">CA.5103<\/p><\/div><\/div>\t\t\t\t<\/div>\n\t\t\t\t<\/div>\n\t\t\t\t<div class=\"elementor-element elementor-element-74e8cc30 elementor-position-top elementor-widget elementor-widget-image-box\" data-id=\"74e8cc30\" data-element_type=\"widget\" data-e-type=\"widget\" data-widget_type=\"image-box.default\">\n\t\t\t\t<div class=\"elementor-widget-container\">\n\t\t\t\t\t<div class=\"elementor-image-box-wrapper\"><figure class=\"elementor-image-box-img\"><img loading=\"lazy\" decoding=\"async\" width=\"768\" height=\"998\" src=\"https:\/\/cagames.com.tr\/wp-content\/uploads\/2022\/06\/CA.5105-DEYI\u0307M-BENDE-scaled-1-768x998.jpg\" class=\"elementor-animation-grow attachment-medium_large size-medium_large wp-image-4615\" alt=\"\" srcset=\"https:\/\/cagames.com.tr\/wp-content\/uploads\/2022\/06\/CA.5105-DEYI\u0307M-BENDE-scaled-1-768x998.jpg 768w, https:\/\/cagames.com.tr\/wp-content\/uploads\/2022\/06\/CA.5105-DEYI\u0307M-BENDE-scaled-1-231x300.jpg 231w, https:\/\/cagames.com.tr\/wp-content\/uploads\/2022\/06\/CA.5105-DEYI\u0307M-BENDE-scaled-1-788x1024.jpg 788w, https:\/\/cagames.com.tr\/wp-content\/uploads\/2022\/06\/CA.5105-DEYI\u0307M-BENDE-scaled-1-1182x1536.jpg 1182w, https:\/\/cagames.com.tr\/wp-content\/uploads\/2022\/06\/CA.5105-DEYI\u0307M-BENDE-scaled-1-1576x2048.jpg 1576w, https:\/\/cagames.com.tr\/wp-content\/uploads\/2022\/06\/CA.5105-DEYI\u0307M-BENDE-scaled-1-370x481.jpg 370w, https:\/\/cagames.com.tr\/wp-content\/uploads\/2022\/06\/CA.5105-DEYI\u0307M-BENDE-scaled-1-760x988.jpg 760w, https:\/\/cagames.com.tr\/wp-content\/uploads\/2022\/06\/CA.5105-DEYI\u0307M-BENDE-scaled-1.jpg 1970w\" sizes=\"(max-width: 768px) 100vw, 768px\" \/><\/figure><div class=\"elementor-image-box-content\"><h3 class=\"elementor-image-box-title\">Deyim Bende<\/h3><p class=\"elementor-image-box-description\">CA.5105<\/p><\/div><\/div>\t\t\t\t<\/div>\n\t\t\t\t<\/div>\n\t\t\t\t<div class=\"elementor-element elementor-element-57b3869a elementor-position-top elementor-widget elementor-widget-image-box\" data-id=\"57b3869a\" data-element_type=\"widget\" data-e-type=\"widget\" data-widget_type=\"image-box.default\">\n\t\t\t\t<div class=\"elementor-widget-container\">\n\t\t\t\t\t<div class=\"elementor-image-box-wrapper\"><figure class=\"elementor-image-box-img\"><img loading=\"lazy\" decoding=\"async\" width=\"768\" height=\"1090\" src=\"https:\/\/cagames.com.tr\/wp-content\/uploads\/2024\/08\/SAGLIKLI-BESINLER-KONSEPT-179x207-on-768x1090.png\" class=\"elementor-animation-grow attachment-medium_large size-medium_large wp-image-6947\" alt=\"\" srcset=\"https:\/\/cagames.com.tr\/wp-content\/uploads\/2024\/08\/SAGLIKLI-BESINLER-KONSEPT-179x207-on-768x1090.png 768w, https:\/\/cagames.com.tr\/wp-content\/uploads\/2024\/08\/SAGLIKLI-BESINLER-KONSEPT-179x207-on-211x300.png 211w, https:\/\/cagames.com.tr\/wp-content\/uploads\/2024\/08\/SAGLIKLI-BESINLER-KONSEPT-179x207-on-722x1024.png 722w, https:\/\/cagames.com.tr\/wp-content\/uploads\/2024\/08\/SAGLIKLI-BESINLER-KONSEPT-179x207-on-1083x1536.png 1083w, https:\/\/cagames.com.tr\/wp-content\/uploads\/2024\/08\/SAGLIKLI-BESINLER-KONSEPT-179x207-on-1444x2048.png 1444w, https:\/\/cagames.com.tr\/wp-content\/uploads\/2024\/08\/SAGLIKLI-BESINLER-KONSEPT-179x207-on-8x12.png 8w, https:\/\/cagames.com.tr\/wp-content\/uploads\/2024\/08\/SAGLIKLI-BESINLER-KONSEPT-179x207-on-370x525.png 370w, https:\/\/cagames.com.tr\/wp-content\/uploads\/2024\/08\/SAGLIKLI-BESINLER-KONSEPT-179x207-on-760x1078.png 760w, https:\/\/cagames.com.tr\/wp-content\/uploads\/2024\/08\/SAGLIKLI-BESINLER-KONSEPT-179x207-on.png 1739w\" sizes=\"(max-width: 768px) 100vw, 768px\" \/><\/figure><div class=\"elementor-image-box-content\"><h3 class=\"elementor-image-box-title\">Sa\u011fl\u0131kl\u0131 Besinler<\/h3><p class=\"elementor-image-box-description\">CA.5106<\/p><\/div><\/div>\t\t\t\t<\/div>\n\t\t\t\t<\/div>\n\t\t\t\t<div class=\"elementor-element elementor-element-e3c74f0 elementor-position-top elementor-widget elementor-widget-image-box\" data-id=\"e3c74f0\" data-element_type=\"widget\" data-e-type=\"widget\" data-widget_type=\"image-box.default\">\n\t\t\t\t<div class=\"elementor-widget-container\">\n\t\t\t\t\t<div class=\"elementor-image-box-wrapper\"><figure class=\"elementor-image-box-img\"><img loading=\"lazy\" decoding=\"async\" width=\"768\" height=\"892\" src=\"https:\/\/cagames.com.tr\/wp-content\/uploads\/2024\/08\/Kavram-Kartlarim-Kolaj-768x892.png\" class=\"elementor-animation-grow attachment-medium_large size-medium_large wp-image-6964\" alt=\"\" srcset=\"https:\/\/cagames.com.tr\/wp-content\/uploads\/2024\/08\/Kavram-Kartlarim-Kolaj-768x892.png 768w, https:\/\/cagames.com.tr\/wp-content\/uploads\/2024\/08\/Kavram-Kartlarim-Kolaj-258x300.png 258w, https:\/\/cagames.com.tr\/wp-content\/uploads\/2024\/08\/Kavram-Kartlarim-Kolaj-882x1024.png 882w, https:\/\/cagames.com.tr\/wp-content\/uploads\/2024\/08\/Kavram-Kartlarim-Kolaj-1323x1536.png 1323w, https:\/\/cagames.com.tr\/wp-content\/uploads\/2024\/08\/Kavram-Kartlarim-Kolaj-10x12.png 10w, https:\/\/cagames.com.tr\/wp-content\/uploads\/2024\/08\/Kavram-Kartlarim-Kolaj-370x430.png 370w, https:\/\/cagames.com.tr\/wp-content\/uploads\/2024\/08\/Kavram-Kartlarim-Kolaj-760x882.png 760w, https:\/\/cagames.com.tr\/wp-content\/uploads\/2024\/08\/Kavram-Kartlarim-Kolaj.png 1739w\" sizes=\"(max-width: 768px) 100vw, 768px\" \/><\/figure><div class=\"elementor-image-box-content\"><h3 class=\"elementor-image-box-title\">Kavram Kartlar\u0131m<\/h3><p class=\"elementor-image-box-description\">CA.5175<\/p><\/div><\/div>\t\t\t\t<\/div>\n\t\t\t\t<\/div>\n\t\t\t\t<div class=\"elementor-element elementor-element-1ed7c4f0 elementor-position-top elementor-widget elementor-widget-image-box\" data-id=\"1ed7c4f0\" data-element_type=\"widget\" data-e-type=\"widget\" data-widget_type=\"image-box.default\">\n\t\t\t\t<div class=\"elementor-widget-container\">\n\t\t\t\t\t<div class=\"elementor-image-box-wrapper\"><figure class=\"elementor-image-box-img\"><img loading=\"lazy\" decoding=\"async\" width=\"768\" height=\"1090\" src=\"https:\/\/cagames.com.tr\/wp-content\/uploads\/2024\/08\/HAYDI-ANLAT-KOLAJ-768x1090.png\" class=\"elementor-animation-grow attachment-medium_large size-medium_large wp-image-6959\" alt=\"\" srcset=\"https:\/\/cagames.com.tr\/wp-content\/uploads\/2024\/08\/HAYDI-ANLAT-KOLAJ-768x1090.png 768w, https:\/\/cagames.com.tr\/wp-content\/uploads\/2024\/08\/HAYDI-ANLAT-KOLAJ-211x300.png 211w, https:\/\/cagames.com.tr\/wp-content\/uploads\/2024\/08\/HAYDI-ANLAT-KOLAJ-722x1024.png 722w, https:\/\/cagames.com.tr\/wp-content\/uploads\/2024\/08\/HAYDI-ANLAT-KOLAJ-1083x1536.png 1083w, https:\/\/cagames.com.tr\/wp-content\/uploads\/2024\/08\/HAYDI-ANLAT-KOLAJ-1444x2048.png 1444w, https:\/\/cagames.com.tr\/wp-content\/uploads\/2024\/08\/HAYDI-ANLAT-KOLAJ-8x12.png 8w, https:\/\/cagames.com.tr\/wp-content\/uploads\/2024\/08\/HAYDI-ANLAT-KOLAJ-370x525.png 370w, https:\/\/cagames.com.tr\/wp-content\/uploads\/2024\/08\/HAYDI-ANLAT-KOLAJ-760x1078.png 760w, https:\/\/cagames.com.tr\/wp-content\/uploads\/2024\/08\/HAYDI-ANLAT-KOLAJ.png 1739w\" sizes=\"(max-width: 768px) 100vw, 768px\" \/><\/figure><div class=\"elementor-image-box-content\"><h3 class=\"elementor-image-box-title\">Haydi Anlat<\/h3><p class=\"elementor-image-box-description\">CA.5080<\/p><\/div><\/div>\t\t\t\t<\/div>\n\t\t\t\t<\/div>\n\t\t\t\t\t<\/div>\n\t\t<\/div>\n\t\t\t\t\t<\/div>\n\t\t<\/section>\n\t\t\t\t<section class=\"elementor-section elementor-top-section elementor-element elementor-element-30dfd41 elementor-section-boxed elementor-section-height-default elementor-section-height-default\" data-id=\"30dfd41\" data-element_type=\"section\" data-e-type=\"section\">\n\t\t\t\t\t\t<div class=\"elementor-container elementor-column-gap-extended\">\n\t\t\t\t\t<div class=\"elementor-column elementor-col-50 elementor-top-column elementor-element elementor-element-78c29e5\" data-id=\"78c29e5\" data-element_type=\"column\" data-e-type=\"column\">\n\t\t\t<div class=\"elementor-widget-wrap\">\n\t\t\t\t\t\t\t<\/div>\n\t\t<\/div>\n\t\t\t\t<div class=\"elementor-column elementor-col-50 elementor-top-column elementor-element elementor-element-431c26d\" data-id=\"431c26d\" data-element_type=\"column\" data-e-type=\"column\">\n\t\t\t<div class=\"elementor-widget-wrap\">\n\t\t\t\t\t\t\t<\/div>\n\t\t<\/div>\n\t\t\t\t\t<\/div>\n\t\t<\/section>\n\t\t\t\t<section class=\"elementor-section elementor-top-section elementor-element elementor-element-176649a elementor-section-boxed elementor-section-height-default elementor-section-height-default\" data-id=\"176649a\" data-element_type=\"section\" data-e-type=\"section\">\n\t\t\t\t\t\t<div class=\"elementor-container elementor-column-gap-extended\">\n\t\t\t\t\t<div class=\"elementor-column elementor-col-50 elementor-top-column elementor-element elementor-element-7f723f4\" data-id=\"7f723f4\" data-element_type=\"column\" data-e-type=\"column\">\n\t\t\t<div class=\"elementor-widget-wrap\">\n\t\t\t\t\t\t\t<\/div>\n\t\t<\/div>\n\t\t\t\t<div class=\"elementor-column elementor-col-50 elementor-top-column elementor-element elementor-element-5a90ddd\" data-id=\"5a90ddd\" data-element_type=\"column\" data-e-type=\"column\">\n\t\t\t<div class=\"elementor-widget-wrap\">\n\t\t\t\t\t\t\t<\/div>\n\t\t<\/div>\n\t\t\t\t\t<\/div>\n\t\t<\/section>\n\t\t\t\t<\/div>","protected":false},"excerpt":{"rendered":"<p>Siyah Beyaz Bebek Kartlar\u0131 CA.5145 Hikaye Kartlar\u0131m CA.5107 Hat\u0131rla Bakal\u0131m CA.5108 Eylem Kartlar\u0131m CA.5174 Bil Bakal\u0131m Ne De\u011fi\u015fti CA.5109 E\u011flenceli Bilmeceler CA.5103 Deyim Bende CA.5105 Sa\u011fl\u0131kl\u0131 Besinler CA.5106 Kavram Kartlar\u0131m CA.5175 Haydi&hellip;<\/p>","protected":false},"author":1,"featured_media":0,"parent":0,"menu_order":0,"comment_status":"closed","ping_status":"closed","template":"","meta":{"footnotes":""},"class_list":["post-4666","page","type-page","status-publish","hentry"],"_links":{"self":[{"href":"https:\/\/cagames.com.tr\/en\/wp-json\/wp\/v2\/pages\/4666","targetHints":{"allow":["GET"]}}],"collection":[{"href":"https:\/\/cagames.com.tr\/en\/wp-json\/wp\/v2\/pages"}],"about":[{"href":"https:\/\/cagames.com.tr\/en\/wp-json\/wp\/v2\/types\/page"}],"author":[{"embeddable":true,"href":"https:\/\/cagames.com.tr\/en\/wp-json\/wp\/v2\/users\/1"}],"replies":[{"embeddable":true,"href":"https:\/\/cagames.com.tr\/en\/wp-json\/wp\/v2\/comments?post=4666"}],"version-history":[{"count":0,"href":"https:\/\/cagames.com.tr\/en\/wp-json\/wp\/v2\/pages\/4666\/revisions"}],"wp:attachment":[{"href":"https:\/\/cagames.com.tr\/en\/wp-json\/wp\/v2\/media?parent=4666"}],"curies":[{"name":"wp","href":"https:\/\/api.w.org\/{rel}","templated":true}]}}