{"id":4676,"date":"2022-06-30T22:10:04","date_gmt":"2022-06-30T19:10:04","guid":{"rendered":"https:\/\/cagames.com.tr\/?page_id=4676"},"modified":"2025-10-31T09:31:31","modified_gmt":"2025-10-31T06:31:31","slug":"egitici-oyunlarlar","status":"publish","type":"page","link":"https:\/\/cagames.com.tr\/en\/egitici-oyunlarlar\/","title":{"rendered":"Educatory Games"},"content":{"rendered":"<div data-elementor-type=\"wp-post\" data-elementor-id=\"4676\" class=\"elementor elementor-4676\">\n\t\t\t\t\t\t<section class=\"elementor-section elementor-top-section elementor-element elementor-element-914aa9c elementor-section-boxed elementor-section-height-default elementor-section-height-default\" data-id=\"914aa9c\" data-element_type=\"section\" data-e-type=\"section\">\n\t\t\t\t\t\t<div class=\"elementor-container elementor-column-gap-extended\">\n\t\t\t\t\t<div class=\"elementor-column elementor-col-50 elementor-top-column elementor-element elementor-element-310a111d\" data-id=\"310a111d\" data-element_type=\"column\" data-e-type=\"column\">\n\t\t\t<div class=\"elementor-widget-wrap elementor-element-populated\">\n\t\t\t\t\t\t<div class=\"elementor-element elementor-element-54266316 elementor-position-top elementor-widget elementor-widget-image-box\" data-id=\"54266316\" data-element_type=\"widget\" data-e-type=\"widget\" data-widget_type=\"image-box.default\">\n\t\t\t\t<div class=\"elementor-widget-container\">\n\t\t\t\t\t<div class=\"elementor-image-box-wrapper\"><figure class=\"elementor-image-box-img\"><img fetchpriority=\"high\" decoding=\"async\" width=\"1444\" height=\"2048\" src=\"https:\/\/cagames.com.tr\/wp-content\/uploads\/2024\/08\/HARFLERI-OGRENIYORUM-KONSEPT-179x207-on-1444x2048.png\" class=\"elementor-animation-grow attachment-2048x2048 size-2048x2048 wp-image-6992\" alt=\"\" srcset=\"https:\/\/cagames.com.tr\/wp-content\/uploads\/2024\/08\/HARFLERI-OGRENIYORUM-KONSEPT-179x207-on-1444x2048.png 1444w, https:\/\/cagames.com.tr\/wp-content\/uploads\/2024\/08\/HARFLERI-OGRENIYORUM-KONSEPT-179x207-on-211x300.png 211w, https:\/\/cagames.com.tr\/wp-content\/uploads\/2024\/08\/HARFLERI-OGRENIYORUM-KONSEPT-179x207-on-722x1024.png 722w, https:\/\/cagames.com.tr\/wp-content\/uploads\/2024\/08\/HARFLERI-OGRENIYORUM-KONSEPT-179x207-on-768x1090.png 768w, https:\/\/cagames.com.tr\/wp-content\/uploads\/2024\/08\/HARFLERI-OGRENIYORUM-KONSEPT-179x207-on-1083x1536.png 1083w, https:\/\/cagames.com.tr\/wp-content\/uploads\/2024\/08\/HARFLERI-OGRENIYORUM-KONSEPT-179x207-on-8x12.png 8w, https:\/\/cagames.com.tr\/wp-content\/uploads\/2024\/08\/HARFLERI-OGRENIYORUM-KONSEPT-179x207-on-370x525.png 370w, https:\/\/cagames.com.tr\/wp-content\/uploads\/2024\/08\/HARFLERI-OGRENIYORUM-KONSEPT-179x207-on-760x1078.png 760w, https:\/\/cagames.com.tr\/wp-content\/uploads\/2024\/08\/HARFLERI-OGRENIYORUM-KONSEPT-179x207-on.png 1739w\" sizes=\"(max-width: 1444px) 100vw, 1444px\" \/><\/figure><div class=\"elementor-image-box-content\"><h3 class=\"elementor-image-box-title\">Learning Our Letters<\/h3><p class=\"elementor-image-box-description\">CA.5042<\/p><\/div><\/div>\t\t\t\t<\/div>\n\t\t\t\t<\/div>\n\t\t\t\t<div class=\"elementor-element elementor-element-1b29bca0 elementor-position-top elementor-widget elementor-widget-image-box\" data-id=\"1b29bca0\" data-element_type=\"widget\" data-e-type=\"widget\" data-widget_type=\"image-box.default\">\n\t\t\t\t<div class=\"elementor-widget-container\">\n\t\t\t\t\t<div class=\"elementor-image-box-wrapper\"><figure class=\"elementor-image-box-img\"><img decoding=\"async\" width=\"1444\" height=\"2048\" src=\"https:\/\/cagames.com.tr\/wp-content\/uploads\/2024\/08\/INGILIZCE-OGRENIYORUM-KONSEPT-179x207-on-1444x2048.png\" class=\"elementor-animation-grow attachment-2048x2048 size-2048x2048 wp-image-7000\" alt=\"\" srcset=\"https:\/\/cagames.com.tr\/wp-content\/uploads\/2024\/08\/INGILIZCE-OGRENIYORUM-KONSEPT-179x207-on-1444x2048.png 1444w, https:\/\/cagames.com.tr\/wp-content\/uploads\/2024\/08\/INGILIZCE-OGRENIYORUM-KONSEPT-179x207-on-211x300.png 211w, https:\/\/cagames.com.tr\/wp-content\/uploads\/2024\/08\/INGILIZCE-OGRENIYORUM-KONSEPT-179x207-on-722x1024.png 722w, https:\/\/cagames.com.tr\/wp-content\/uploads\/2024\/08\/INGILIZCE-OGRENIYORUM-KONSEPT-179x207-on-768x1090.png 768w, https:\/\/cagames.com.tr\/wp-content\/uploads\/2024\/08\/INGILIZCE-OGRENIYORUM-KONSEPT-179x207-on-1083x1536.png 1083w, https:\/\/cagames.com.tr\/wp-content\/uploads\/2024\/08\/INGILIZCE-OGRENIYORUM-KONSEPT-179x207-on-8x12.png 8w, https:\/\/cagames.com.tr\/wp-content\/uploads\/2024\/08\/INGILIZCE-OGRENIYORUM-KONSEPT-179x207-on-370x525.png 370w, https:\/\/cagames.com.tr\/wp-content\/uploads\/2024\/08\/INGILIZCE-OGRENIYORUM-KONSEPT-179x207-on-760x1078.png 760w, https:\/\/cagames.com.tr\/wp-content\/uploads\/2024\/08\/INGILIZCE-OGRENIYORUM-KONSEPT-179x207-on.png 1739w\" sizes=\"(max-width: 1444px) 100vw, 1444px\" \/><\/figure><div class=\"elementor-image-box-content\"><h3 class=\"elementor-image-box-title\">I'm Learning English<\/h3><p class=\"elementor-image-box-description\">CA.5044<\/p><\/div><\/div>\t\t\t\t<\/div>\n\t\t\t\t<\/div>\n\t\t\t\t<div class=\"elementor-element elementor-element-64e02c67 elementor-position-top elementor-widget elementor-widget-image-box\" data-id=\"64e02c67\" data-element_type=\"widget\" data-e-type=\"widget\" data-widget_type=\"image-box.default\">\n\t\t\t\t<div class=\"elementor-widget-container\">\n\t\t\t\t\t<div class=\"elementor-image-box-wrapper\"><figure class=\"elementor-image-box-img\"><img decoding=\"async\" width=\"1444\" height=\"2048\" src=\"https:\/\/cagames.com.tr\/wp-content\/uploads\/2024\/08\/DOGAYI-OGRENIYORUM-KONSEPT-179x207-on-1444x2048.png\" class=\"elementor-animation-grow attachment-2048x2048 size-2048x2048 wp-image-7002\" alt=\"\" srcset=\"https:\/\/cagames.com.tr\/wp-content\/uploads\/2024\/08\/DOGAYI-OGRENIYORUM-KONSEPT-179x207-on-1444x2048.png 1444w, https:\/\/cagames.com.tr\/wp-content\/uploads\/2024\/08\/DOGAYI-OGRENIYORUM-KONSEPT-179x207-on-211x300.png 211w, https:\/\/cagames.com.tr\/wp-content\/uploads\/2024\/08\/DOGAYI-OGRENIYORUM-KONSEPT-179x207-on-722x1024.png 722w, https:\/\/cagames.com.tr\/wp-content\/uploads\/2024\/08\/DOGAYI-OGRENIYORUM-KONSEPT-179x207-on-768x1090.png 768w, https:\/\/cagames.com.tr\/wp-content\/uploads\/2024\/08\/DOGAYI-OGRENIYORUM-KONSEPT-179x207-on-1083x1536.png 1083w, https:\/\/cagames.com.tr\/wp-content\/uploads\/2024\/08\/DOGAYI-OGRENIYORUM-KONSEPT-179x207-on-8x12.png 8w, https:\/\/cagames.com.tr\/wp-content\/uploads\/2024\/08\/DOGAYI-OGRENIYORUM-KONSEPT-179x207-on-370x525.png 370w, https:\/\/cagames.com.tr\/wp-content\/uploads\/2024\/08\/DOGAYI-OGRENIYORUM-KONSEPT-179x207-on-760x1078.png 760w, https:\/\/cagames.com.tr\/wp-content\/uploads\/2024\/08\/DOGAYI-OGRENIYORUM-KONSEPT-179x207-on.png 1739w\" sizes=\"(max-width: 1444px) 100vw, 1444px\" \/><\/figure><div class=\"elementor-image-box-content\"><h3 class=\"elementor-image-box-title\">I'm Learning Nature<\/h3><p class=\"elementor-image-box-description\">CA.5053<\/p><\/div><\/div>\t\t\t\t<\/div>\n\t\t\t\t<\/div>\n\t\t\t\t\t<\/div>\n\t\t<\/div>\n\t\t\t\t<div class=\"elementor-column elementor-col-50 elementor-top-column elementor-element elementor-element-487d68a7\" data-id=\"487d68a7\" data-element_type=\"column\" data-e-type=\"column\">\n\t\t\t<div class=\"elementor-widget-wrap elementor-element-populated\">\n\t\t\t\t\t\t<div class=\"elementor-element elementor-element-3b26c5f2 elementor-position-top elementor-widget elementor-widget-image-box\" data-id=\"3b26c5f2\" data-element_type=\"widget\" data-e-type=\"widget\" data-widget_type=\"image-box.default\">\n\t\t\t\t<div class=\"elementor-widget-container\">\n\t\t\t\t\t<div class=\"elementor-image-box-wrapper\"><figure class=\"elementor-image-box-img\"><img loading=\"lazy\" decoding=\"async\" width=\"1444\" height=\"2048\" src=\"https:\/\/cagames.com.tr\/wp-content\/uploads\/2024\/08\/BAGLANTI-KURMA-KONSEPT-179x207-on-1444x2048.png\" class=\"elementor-animation-grow attachment-2048x2048 size-2048x2048 wp-image-6996\" alt=\"\" srcset=\"https:\/\/cagames.com.tr\/wp-content\/uploads\/2024\/08\/BAGLANTI-KURMA-KONSEPT-179x207-on-1444x2048.png 1444w, https:\/\/cagames.com.tr\/wp-content\/uploads\/2024\/08\/BAGLANTI-KURMA-KONSEPT-179x207-on-211x300.png 211w, https:\/\/cagames.com.tr\/wp-content\/uploads\/2024\/08\/BAGLANTI-KURMA-KONSEPT-179x207-on-722x1024.png 722w, https:\/\/cagames.com.tr\/wp-content\/uploads\/2024\/08\/BAGLANTI-KURMA-KONSEPT-179x207-on-768x1090.png 768w, https:\/\/cagames.com.tr\/wp-content\/uploads\/2024\/08\/BAGLANTI-KURMA-KONSEPT-179x207-on-1083x1536.png 1083w, https:\/\/cagames.com.tr\/wp-content\/uploads\/2024\/08\/BAGLANTI-KURMA-KONSEPT-179x207-on-8x12.png 8w, https:\/\/cagames.com.tr\/wp-content\/uploads\/2024\/08\/BAGLANTI-KURMA-KONSEPT-179x207-on-370x525.png 370w, https:\/\/cagames.com.tr\/wp-content\/uploads\/2024\/08\/BAGLANTI-KURMA-KONSEPT-179x207-on-760x1078.png 760w, https:\/\/cagames.com.tr\/wp-content\/uploads\/2024\/08\/BAGLANTI-KURMA-KONSEPT-179x207-on.png 1739w\" sizes=\"(max-width: 1444px) 100vw, 1444px\" \/><\/figure><div class=\"elementor-image-box-content\"><h3 class=\"elementor-image-box-title\">Ba\u011flant\u0131<br>Kurma<\/h3><p class=\"elementor-image-box-description\">CA.5043<\/p><\/div><\/div>\t\t\t\t<\/div>\n\t\t\t\t<\/div>\n\t\t\t\t<div class=\"elementor-element elementor-element-d0fd4d1 elementor-position-top elementor-widget elementor-widget-image-box\" data-id=\"d0fd4d1\" data-element_type=\"widget\" data-e-type=\"widget\" data-widget_type=\"image-box.default\">\n\t\t\t\t<div class=\"elementor-widget-container\">\n\t\t\t\t\t<div class=\"elementor-image-box-wrapper\"><figure class=\"elementor-image-box-img\"><img loading=\"lazy\" decoding=\"async\" width=\"1444\" height=\"2048\" src=\"https:\/\/cagames.com.tr\/wp-content\/uploads\/2024\/08\/ZIT-KAVRAMLAR-KONSEPT-179x207-on-1444x2048.png\" class=\"elementor-animation-grow attachment-2048x2048 size-2048x2048 wp-image-7001\" alt=\"\" srcset=\"https:\/\/cagames.com.tr\/wp-content\/uploads\/2024\/08\/ZIT-KAVRAMLAR-KONSEPT-179x207-on-1444x2048.png 1444w, https:\/\/cagames.com.tr\/wp-content\/uploads\/2024\/08\/ZIT-KAVRAMLAR-KONSEPT-179x207-on-211x300.png 211w, https:\/\/cagames.com.tr\/wp-content\/uploads\/2024\/08\/ZIT-KAVRAMLAR-KONSEPT-179x207-on-722x1024.png 722w, https:\/\/cagames.com.tr\/wp-content\/uploads\/2024\/08\/ZIT-KAVRAMLAR-KONSEPT-179x207-on-768x1090.png 768w, https:\/\/cagames.com.tr\/wp-content\/uploads\/2024\/08\/ZIT-KAVRAMLAR-KONSEPT-179x207-on-1083x1536.png 1083w, https:\/\/cagames.com.tr\/wp-content\/uploads\/2024\/08\/ZIT-KAVRAMLAR-KONSEPT-179x207-on-8x12.png 8w, https:\/\/cagames.com.tr\/wp-content\/uploads\/2024\/08\/ZIT-KAVRAMLAR-KONSEPT-179x207-on-370x525.png 370w, https:\/\/cagames.com.tr\/wp-content\/uploads\/2024\/08\/ZIT-KAVRAMLAR-KONSEPT-179x207-on-760x1078.png 760w, https:\/\/cagames.com.tr\/wp-content\/uploads\/2024\/08\/ZIT-KAVRAMLAR-KONSEPT-179x207-on.png 1739w\" sizes=\"(max-width: 1444px) 100vw, 1444px\" \/><\/figure><div class=\"elementor-image-box-content\"><h3 class=\"elementor-image-box-title\">Z\u0131t<br>Kavramlar<\/h3><p class=\"elementor-image-box-description\">CA.5045<\/p><\/div><\/div>\t\t\t\t<\/div>\n\t\t\t\t<\/div>\n\t\t\t\t\t<\/div>\n\t\t<\/div>\n\t\t\t\t\t<\/div>\n\t\t<\/section>\n\t\t\t\t<\/div>","protected":false},"excerpt":{"rendered":"<p>Harflerimizi \u00d6\u011freniyorum CA.5042 \u0130ngilizce \u00d6\u011freniyorum CA.5044 Do\u011fay\u0131 \u00d6\u011freniyorum CA.5053 Ba\u011flant\u0131Kurma CA.5043 Z\u0131tKavramlar CA.5045<\/p>","protected":false},"author":1,"featured_media":0,"parent":0,"menu_order":0,"comment_status":"closed","ping_status":"closed","template":"","meta":{"footnotes":""},"class_list":["post-4676","page","type-page","status-publish","hentry"],"_links":{"self":[{"href":"https:\/\/cagames.com.tr\/en\/wp-json\/wp\/v2\/pages\/4676","targetHints":{"allow":["GET"]}}],"collection":[{"href":"https:\/\/cagames.com.tr\/en\/wp-json\/wp\/v2\/pages"}],"about":[{"href":"https:\/\/cagames.com.tr\/en\/wp-json\/wp\/v2\/types\/page"}],"author":[{"embeddable":true,"href":"https:\/\/cagames.com.tr\/en\/wp-json\/wp\/v2\/users\/1"}],"replies":[{"embeddable":true,"href":"https:\/\/cagames.com.tr\/en\/wp-json\/wp\/v2\/comments?post=4676"}],"version-history":[{"count":0,"href":"https:\/\/cagames.com.tr\/en\/wp-json\/wp\/v2\/pages\/4676\/revisions"}],"wp:attachment":[{"href":"https:\/\/cagames.com.tr\/en\/wp-json\/wp\/v2\/media?parent=4676"}],"curies":[{"name":"wp","href":"https:\/\/api.w.org\/{rel}","templated":true}]}}