{"id":4694,"date":"2022-06-30T22:15:40","date_gmt":"2022-06-30T19:15:40","guid":{"rendered":"https:\/\/cagames.com.tr\/?page_id=4694"},"modified":"2025-02-05T15:38:35","modified_gmt":"2025-02-05T12:38:35","slug":"egitici-yer-puzzle-cesitleri-2","status":"publish","type":"page","link":"https:\/\/cagames.com.tr\/en\/egitici-yer-puzzle-cesitleri-2\/","title":{"rendered":"Types of Educational Floor Puzzles"},"content":{"rendered":"<div data-elementor-type=\"wp-post\" data-elementor-id=\"4694\" class=\"elementor elementor-4694\">\n\t\t\t\t\t\t<section class=\"elementor-section elementor-top-section elementor-element elementor-element-6e3a3f01 elementor-section-boxed elementor-section-height-default elementor-section-height-default\" data-id=\"6e3a3f01\" data-element_type=\"section\" data-e-type=\"section\">\n\t\t\t\t\t\t<div class=\"elementor-container elementor-column-gap-extended\">\n\t\t\t\t\t<div class=\"elementor-column elementor-col-50 elementor-top-column elementor-element elementor-element-2a4c0369\" data-id=\"2a4c0369\" data-element_type=\"column\" data-e-type=\"column\">\n\t\t\t<div class=\"elementor-widget-wrap elementor-element-populated\">\n\t\t\t\t\t\t<div class=\"elementor-element elementor-element-13cf4d0e elementor-position-top elementor-widget elementor-widget-image-box\" data-id=\"13cf4d0e\" data-element_type=\"widget\" data-e-type=\"widget\" data-widget_type=\"image-box.default\">\n\t\t\t\t<div class=\"elementor-widget-container\">\n\t\t\t\t\t<div class=\"elementor-image-box-wrapper\"><figure class=\"elementor-image-box-img\"><img fetchpriority=\"high\" decoding=\"async\" width=\"1600\" height=\"1460\" src=\"https:\/\/cagames.com.tr\/wp-content\/uploads\/2022\/06\/CA.5025-DU\u0308NYAMIZ-YER-PUZZLE.jpeg\" class=\"elementor-animation-grow attachment-2048x2048 size-2048x2048 wp-image-4646\" alt=\"\" srcset=\"https:\/\/cagames.com.tr\/wp-content\/uploads\/2022\/06\/CA.5025-DU\u0308NYAMIZ-YER-PUZZLE.jpeg 1600w, https:\/\/cagames.com.tr\/wp-content\/uploads\/2022\/06\/CA.5025-DU\u0308NYAMIZ-YER-PUZZLE-300x274.jpeg 300w, https:\/\/cagames.com.tr\/wp-content\/uploads\/2022\/06\/CA.5025-DU\u0308NYAMIZ-YER-PUZZLE-1024x934.jpeg 1024w, https:\/\/cagames.com.tr\/wp-content\/uploads\/2022\/06\/CA.5025-DU\u0308NYAMIZ-YER-PUZZLE-768x701.jpeg 768w, https:\/\/cagames.com.tr\/wp-content\/uploads\/2022\/06\/CA.5025-DU\u0308NYAMIZ-YER-PUZZLE-1536x1402.jpeg 1536w, https:\/\/cagames.com.tr\/wp-content\/uploads\/2022\/06\/CA.5025-DU\u0308NYAMIZ-YER-PUZZLE-370x338.jpeg 370w, https:\/\/cagames.com.tr\/wp-content\/uploads\/2022\/06\/CA.5025-DU\u0308NYAMIZ-YER-PUZZLE-760x694.jpeg 760w\" sizes=\"(max-width: 1600px) 100vw, 1600px\" \/><\/figure><div class=\"elementor-image-box-content\"><h3 class=\"elementor-image-box-title\">World Educational Puzzle<\/h3><p class=\"elementor-image-box-description\">CA.5025<\/p><\/div><\/div>\t\t\t\t<\/div>\n\t\t\t\t<\/div>\n\t\t\t\t<div class=\"elementor-element elementor-element-2879ae8c elementor-position-top elementor-widget elementor-widget-image-box\" data-id=\"2879ae8c\" data-element_type=\"widget\" data-e-type=\"widget\" data-widget_type=\"image-box.default\">\n\t\t\t\t<div class=\"elementor-widget-container\">\n\t\t\t\t\t<div class=\"elementor-image-box-wrapper\"><figure class=\"elementor-image-box-img\"><img decoding=\"async\" width=\"1600\" height=\"1417\" src=\"https:\/\/cagames.com.tr\/wp-content\/uploads\/2022\/06\/CA.5079-TU\u0308RKI\u0307YEMI\u0307Z-YER-PUZZLE.jpeg\" class=\"elementor-animation-grow attachment-2048x2048 size-2048x2048 wp-image-4647\" alt=\"\" srcset=\"https:\/\/cagames.com.tr\/wp-content\/uploads\/2022\/06\/CA.5079-TU\u0308RKI\u0307YEMI\u0307Z-YER-PUZZLE.jpeg 1600w, https:\/\/cagames.com.tr\/wp-content\/uploads\/2022\/06\/CA.5079-TU\u0308RKI\u0307YEMI\u0307Z-YER-PUZZLE-300x266.jpeg 300w, https:\/\/cagames.com.tr\/wp-content\/uploads\/2022\/06\/CA.5079-TU\u0308RKI\u0307YEMI\u0307Z-YER-PUZZLE-1024x907.jpeg 1024w, https:\/\/cagames.com.tr\/wp-content\/uploads\/2022\/06\/CA.5079-TU\u0308RKI\u0307YEMI\u0307Z-YER-PUZZLE-768x680.jpeg 768w, https:\/\/cagames.com.tr\/wp-content\/uploads\/2022\/06\/CA.5079-TU\u0308RKI\u0307YEMI\u0307Z-YER-PUZZLE-1536x1360.jpeg 1536w, https:\/\/cagames.com.tr\/wp-content\/uploads\/2022\/06\/CA.5079-TU\u0308RKI\u0307YEMI\u0307Z-YER-PUZZLE-370x328.jpeg 370w, https:\/\/cagames.com.tr\/wp-content\/uploads\/2022\/06\/CA.5079-TU\u0308RKI\u0307YEMI\u0307Z-YER-PUZZLE-760x673.jpeg 760w\" sizes=\"(max-width: 1600px) 100vw, 1600px\" \/><\/figure><div class=\"elementor-image-box-content\"><h3 class=\"elementor-image-box-title\">Turkey Educational Puzzle<\/h3><p class=\"elementor-image-box-description\">CA.5079<\/p><\/div><\/div>\t\t\t\t<\/div>\n\t\t\t\t<\/div>\n\t\t\t\t<div class=\"elementor-element elementor-element-62a7d2de elementor-position-top elementor-widget elementor-widget-image-box\" data-id=\"62a7d2de\" data-element_type=\"widget\" data-e-type=\"widget\" data-widget_type=\"image-box.default\">\n\t\t\t\t<div class=\"elementor-widget-container\">\n\t\t\t\t\t<div class=\"elementor-image-box-wrapper\"><figure class=\"elementor-image-box-img\"><img decoding=\"async\" width=\"1600\" height=\"1417\" src=\"https:\/\/cagames.com.tr\/wp-content\/uploads\/2022\/06\/CA.5027-ALFABE-YER-PUZZLE.jpeg\" class=\"elementor-animation-grow attachment-2048x2048 size-2048x2048 wp-image-4648\" alt=\"\" srcset=\"https:\/\/cagames.com.tr\/wp-content\/uploads\/2022\/06\/CA.5027-ALFABE-YER-PUZZLE.jpeg 1600w, https:\/\/cagames.com.tr\/wp-content\/uploads\/2022\/06\/CA.5027-ALFABE-YER-PUZZLE-300x266.jpeg 300w, https:\/\/cagames.com.tr\/wp-content\/uploads\/2022\/06\/CA.5027-ALFABE-YER-PUZZLE-1024x907.jpeg 1024w, https:\/\/cagames.com.tr\/wp-content\/uploads\/2022\/06\/CA.5027-ALFABE-YER-PUZZLE-768x680.jpeg 768w, https:\/\/cagames.com.tr\/wp-content\/uploads\/2022\/06\/CA.5027-ALFABE-YER-PUZZLE-1536x1360.jpeg 1536w, https:\/\/cagames.com.tr\/wp-content\/uploads\/2022\/06\/CA.5027-ALFABE-YER-PUZZLE-370x328.jpeg 370w, https:\/\/cagames.com.tr\/wp-content\/uploads\/2022\/06\/CA.5027-ALFABE-YER-PUZZLE-760x673.jpeg 760w\" sizes=\"(max-width: 1600px) 100vw, 1600px\" \/><\/figure><div class=\"elementor-image-box-content\"><h3 class=\"elementor-image-box-title\">Alphabet Educational Puzzle<\/h3><p class=\"elementor-image-box-description\">CA.5027<\/p><\/div><\/div>\t\t\t\t<\/div>\n\t\t\t\t<\/div>\n\t\t\t\t<div class=\"elementor-element elementor-element-6b75ed14 elementor-position-top elementor-widget elementor-widget-image-box\" data-id=\"6b75ed14\" data-element_type=\"widget\" data-e-type=\"widget\" data-widget_type=\"image-box.default\">\n\t\t\t\t<div class=\"elementor-widget-container\">\n\t\t\t\t\t<div class=\"elementor-image-box-wrapper\"><figure class=\"elementor-image-box-img\"><img loading=\"lazy\" decoding=\"async\" width=\"2048\" height=\"1872\" src=\"https:\/\/cagames.com.tr\/wp-content\/uploads\/2022\/06\/MEVSIMLER-YER-PUZZLE-2-2048x1872.jpg\" class=\"elementor-animation-grow attachment-2048x2048 size-2048x2048 wp-image-4649\" alt=\"\" srcset=\"https:\/\/cagames.com.tr\/wp-content\/uploads\/2022\/06\/MEVSIMLER-YER-PUZZLE-2-2048x1872.jpg 2048w, https:\/\/cagames.com.tr\/wp-content\/uploads\/2022\/06\/MEVSIMLER-YER-PUZZLE-2-300x274.jpg 300w, https:\/\/cagames.com.tr\/wp-content\/uploads\/2022\/06\/MEVSIMLER-YER-PUZZLE-2-1024x936.jpg 1024w, https:\/\/cagames.com.tr\/wp-content\/uploads\/2022\/06\/MEVSIMLER-YER-PUZZLE-2-768x702.jpg 768w, https:\/\/cagames.com.tr\/wp-content\/uploads\/2022\/06\/MEVSIMLER-YER-PUZZLE-2-1536x1404.jpg 1536w, https:\/\/cagames.com.tr\/wp-content\/uploads\/2022\/06\/MEVSIMLER-YER-PUZZLE-2-370x338.jpg 370w, https:\/\/cagames.com.tr\/wp-content\/uploads\/2022\/06\/MEVSIMLER-YER-PUZZLE-2-760x695.jpg 760w\" sizes=\"(max-width: 2048px) 100vw, 2048px\" \/><\/figure><div class=\"elementor-image-box-content\"><h3 class=\"elementor-image-box-title\">Seasons Educational Puzzle<\/h3><p class=\"elementor-image-box-description\">CA.5140<\/p><\/div><\/div>\t\t\t\t<\/div>\n\t\t\t\t<\/div>\n\t\t\t\t\t<\/div>\n\t\t<\/div>\n\t\t\t\t<div class=\"elementor-column elementor-col-50 elementor-top-column elementor-element elementor-element-1e7ec2c7\" data-id=\"1e7ec2c7\" data-element_type=\"column\" data-e-type=\"column\">\n\t\t\t<div class=\"elementor-widget-wrap elementor-element-populated\">\n\t\t\t\t\t\t<div class=\"elementor-element elementor-element-639b9f93 elementor-position-top elementor-widget elementor-widget-image-box\" data-id=\"639b9f93\" data-element_type=\"widget\" data-e-type=\"widget\" data-widget_type=\"image-box.default\">\n\t\t\t\t<div class=\"elementor-widget-container\">\n\t\t\t\t\t<div class=\"elementor-image-box-wrapper\"><figure class=\"elementor-image-box-img\"><img loading=\"lazy\" decoding=\"async\" width=\"1600\" height=\"1446\" src=\"https:\/\/cagames.com.tr\/wp-content\/uploads\/2022\/06\/CA.5026-GEZEGENLER-YER-PUZZLE.jpeg\" class=\"elementor-animation-grow attachment-2048x2048 size-2048x2048 wp-image-4650\" alt=\"\" srcset=\"https:\/\/cagames.com.tr\/wp-content\/uploads\/2022\/06\/CA.5026-GEZEGENLER-YER-PUZZLE.jpeg 1600w, https:\/\/cagames.com.tr\/wp-content\/uploads\/2022\/06\/CA.5026-GEZEGENLER-YER-PUZZLE-300x271.jpeg 300w, https:\/\/cagames.com.tr\/wp-content\/uploads\/2022\/06\/CA.5026-GEZEGENLER-YER-PUZZLE-1024x925.jpeg 1024w, https:\/\/cagames.com.tr\/wp-content\/uploads\/2022\/06\/CA.5026-GEZEGENLER-YER-PUZZLE-768x694.jpeg 768w, https:\/\/cagames.com.tr\/wp-content\/uploads\/2022\/06\/CA.5026-GEZEGENLER-YER-PUZZLE-1536x1388.jpeg 1536w, https:\/\/cagames.com.tr\/wp-content\/uploads\/2022\/06\/CA.5026-GEZEGENLER-YER-PUZZLE-370x334.jpeg 370w, https:\/\/cagames.com.tr\/wp-content\/uploads\/2022\/06\/CA.5026-GEZEGENLER-YER-PUZZLE-760x687.jpeg 760w\" sizes=\"(max-width: 1600px) 100vw, 1600px\" \/><\/figure><div class=\"elementor-image-box-content\"><h3 class=\"elementor-image-box-title\">Planets Educational Puzzle<\/h3><p class=\"elementor-image-box-description\">CA.5026<\/p><\/div><\/div>\t\t\t\t<\/div>\n\t\t\t\t<\/div>\n\t\t\t\t<div class=\"elementor-element elementor-element-4cbaea40 elementor-position-top elementor-widget elementor-widget-image-box\" data-id=\"4cbaea40\" data-element_type=\"widget\" data-e-type=\"widget\" data-widget_type=\"image-box.default\">\n\t\t\t\t<div class=\"elementor-widget-container\">\n\t\t\t\t\t<div class=\"elementor-image-box-wrapper\"><figure class=\"elementor-image-box-img\"><img loading=\"lazy\" decoding=\"async\" width=\"1600\" height=\"1460\" src=\"https:\/\/cagames.com.tr\/wp-content\/uploads\/2022\/06\/Sayilar-Yer-Puzzle-Kolaj.png\" class=\"elementor-animation-grow attachment-2048x2048 size-2048x2048 wp-image-4651\" alt=\"\" srcset=\"https:\/\/cagames.com.tr\/wp-content\/uploads\/2022\/06\/Sayilar-Yer-Puzzle-Kolaj.png 1600w, https:\/\/cagames.com.tr\/wp-content\/uploads\/2022\/06\/Sayilar-Yer-Puzzle-Kolaj-300x274.png 300w, https:\/\/cagames.com.tr\/wp-content\/uploads\/2022\/06\/Sayilar-Yer-Puzzle-Kolaj-1024x934.png 1024w, https:\/\/cagames.com.tr\/wp-content\/uploads\/2022\/06\/Sayilar-Yer-Puzzle-Kolaj-768x701.png 768w, https:\/\/cagames.com.tr\/wp-content\/uploads\/2022\/06\/Sayilar-Yer-Puzzle-Kolaj-1536x1402.png 1536w, https:\/\/cagames.com.tr\/wp-content\/uploads\/2022\/06\/Sayilar-Yer-Puzzle-Kolaj-370x338.png 370w, https:\/\/cagames.com.tr\/wp-content\/uploads\/2022\/06\/Sayilar-Yer-Puzzle-Kolaj-760x694.png 760w\" sizes=\"(max-width: 1600px) 100vw, 1600px\" \/><\/figure><div class=\"elementor-image-box-content\"><h3 class=\"elementor-image-box-title\">Numbers Educational Puzzle<\/h3><p class=\"elementor-image-box-description\">CA.5134<\/p><\/div><\/div>\t\t\t\t<\/div>\n\t\t\t\t<\/div>\n\t\t\t\t<div class=\"elementor-element elementor-element-58ad95c3 elementor-position-top elementor-widget elementor-widget-image-box\" data-id=\"58ad95c3\" data-element_type=\"widget\" data-e-type=\"widget\" data-widget_type=\"image-box.default\">\n\t\t\t\t<div class=\"elementor-widget-container\">\n\t\t\t\t\t<div class=\"elementor-image-box-wrapper\"><figure class=\"elementor-image-box-img\"><img loading=\"lazy\" decoding=\"async\" width=\"1600\" height=\"1460\" src=\"https:\/\/cagames.com.tr\/wp-content\/uploads\/2022\/06\/C\u0327iftlik-Yer-Puzzle-Kolaj.png\" class=\"elementor-animation-grow attachment-2048x2048 size-2048x2048 wp-image-4652\" alt=\"\" srcset=\"https:\/\/cagames.com.tr\/wp-content\/uploads\/2022\/06\/C\u0327iftlik-Yer-Puzzle-Kolaj.png 1600w, https:\/\/cagames.com.tr\/wp-content\/uploads\/2022\/06\/C\u0327iftlik-Yer-Puzzle-Kolaj-300x274.png 300w, https:\/\/cagames.com.tr\/wp-content\/uploads\/2022\/06\/C\u0327iftlik-Yer-Puzzle-Kolaj-1024x934.png 1024w, https:\/\/cagames.com.tr\/wp-content\/uploads\/2022\/06\/C\u0327iftlik-Yer-Puzzle-Kolaj-768x701.png 768w, https:\/\/cagames.com.tr\/wp-content\/uploads\/2022\/06\/C\u0327iftlik-Yer-Puzzle-Kolaj-1536x1402.png 1536w, https:\/\/cagames.com.tr\/wp-content\/uploads\/2022\/06\/C\u0327iftlik-Yer-Puzzle-Kolaj-370x338.png 370w, https:\/\/cagames.com.tr\/wp-content\/uploads\/2022\/06\/C\u0327iftlik-Yer-Puzzle-Kolaj-760x694.png 760w\" sizes=\"(max-width: 1600px) 100vw, 1600px\" \/><\/figure><div class=\"elementor-image-box-content\"><h3 class=\"elementor-image-box-title\">Farm Educational Puzzle<\/h3><p class=\"elementor-image-box-description\">CA.5133<\/p><\/div><\/div>\t\t\t\t<\/div>\n\t\t\t\t<\/div>\n\t\t\t\t<div class=\"elementor-element elementor-element-5099f6a6 elementor-position-top elementor-widget elementor-widget-image-box\" data-id=\"5099f6a6\" data-element_type=\"widget\" data-e-type=\"widget\" data-widget_type=\"image-box.default\">\n\t\t\t\t<div class=\"elementor-widget-container\">\n\t\t\t\t\t<div class=\"elementor-image-box-wrapper\"><figure class=\"elementor-image-box-img\"><img loading=\"lazy\" decoding=\"async\" width=\"1247\" height=\"1140\" src=\"https:\/\/cagames.com.tr\/wp-content\/uploads\/2022\/06\/Dino-YER-PUZZLE-kolaj.jpg\" class=\"elementor-animation-grow attachment-2048x2048 size-2048x2048 wp-image-4653\" alt=\"\" srcset=\"https:\/\/cagames.com.tr\/wp-content\/uploads\/2022\/06\/Dino-YER-PUZZLE-kolaj.jpg 1247w, https:\/\/cagames.com.tr\/wp-content\/uploads\/2022\/06\/Dino-YER-PUZZLE-kolaj-300x274.jpg 300w, https:\/\/cagames.com.tr\/wp-content\/uploads\/2022\/06\/Dino-YER-PUZZLE-kolaj-1024x936.jpg 1024w, https:\/\/cagames.com.tr\/wp-content\/uploads\/2022\/06\/Dino-YER-PUZZLE-kolaj-768x702.jpg 768w, https:\/\/cagames.com.tr\/wp-content\/uploads\/2022\/06\/Dino-YER-PUZZLE-kolaj-370x338.jpg 370w, https:\/\/cagames.com.tr\/wp-content\/uploads\/2022\/06\/Dino-YER-PUZZLE-kolaj-760x695.jpg 760w\" sizes=\"(max-width: 1247px) 100vw, 1247px\" \/><\/figure><div class=\"elementor-image-box-content\"><h3 class=\"elementor-image-box-title\">Dinosaur Educational Puzzle<\/h3><p class=\"elementor-image-box-description\">CA.5139<\/p><\/div><\/div>\t\t\t\t<\/div>\n\t\t\t\t<\/div>\n\t\t\t\t\t<\/div>\n\t\t<\/div>\n\t\t\t\t\t<\/div>\n\t\t<\/section>\n\t\t\t\t<section class=\"elementor-section elementor-top-section elementor-element elementor-element-3d301cb elementor-section-boxed elementor-section-height-default elementor-section-height-default\" data-id=\"3d301cb\" data-element_type=\"section\" data-e-type=\"section\">\n\t\t\t\t\t\t<div class=\"elementor-container elementor-column-gap-extended\">\n\t\t\t\t\t<div class=\"elementor-column elementor-col-50 elementor-top-column elementor-element elementor-element-90cc778\" data-id=\"90cc778\" data-element_type=\"column\" data-e-type=\"column\">\n\t\t\t<div class=\"elementor-widget-wrap elementor-element-populated\">\n\t\t\t\t\t\t<div class=\"elementor-element elementor-element-4b1eb7f elementor-position-top elementor-widget elementor-widget-image-box\" data-id=\"4b1eb7f\" data-element_type=\"widget\" data-e-type=\"widget\" data-widget_type=\"image-box.default\">\n\t\t\t\t<div class=\"elementor-widget-container\">\n\t\t\t\t\t<div class=\"elementor-image-box-wrapper\"><figure class=\"elementor-image-box-img\"><img loading=\"lazy\" decoding=\"async\" width=\"1600\" height=\"1460\" src=\"https:\/\/cagames.com.tr\/wp-content\/uploads\/2023\/10\/Okyanus-Yer-Puzzle-Kolaj.png\" class=\"elementor-animation-grow attachment-2048x2048 size-2048x2048 wp-image-6567\" alt=\"\" srcset=\"https:\/\/cagames.com.tr\/wp-content\/uploads\/2023\/10\/Okyanus-Yer-Puzzle-Kolaj.png 1600w, https:\/\/cagames.com.tr\/wp-content\/uploads\/2023\/10\/Okyanus-Yer-Puzzle-Kolaj-300x274.png 300w, https:\/\/cagames.com.tr\/wp-content\/uploads\/2023\/10\/Okyanus-Yer-Puzzle-Kolaj-1024x934.png 1024w, https:\/\/cagames.com.tr\/wp-content\/uploads\/2023\/10\/Okyanus-Yer-Puzzle-Kolaj-768x701.png 768w, https:\/\/cagames.com.tr\/wp-content\/uploads\/2023\/10\/Okyanus-Yer-Puzzle-Kolaj-1536x1402.png 1536w, https:\/\/cagames.com.tr\/wp-content\/uploads\/2023\/10\/Okyanus-Yer-Puzzle-Kolaj-13x12.png 13w, https:\/\/cagames.com.tr\/wp-content\/uploads\/2023\/10\/Okyanus-Yer-Puzzle-Kolaj-370x338.png 370w, https:\/\/cagames.com.tr\/wp-content\/uploads\/2023\/10\/Okyanus-Yer-Puzzle-Kolaj-760x694.png 760w\" sizes=\"(max-width: 1600px) 100vw, 1600px\" \/><\/figure><div class=\"elementor-image-box-content\"><h3 class=\"elementor-image-box-title\">Okyanus E\u011fitici Puzzle<\/h3><p class=\"elementor-image-box-description\">CA.6030<\/p><\/div><\/div>\t\t\t\t<\/div>\n\t\t\t\t<\/div>\n\t\t\t\t\t<\/div>\n\t\t<\/div>\n\t\t\t\t<div class=\"elementor-column elementor-col-50 elementor-top-column elementor-element elementor-element-8de20e9\" data-id=\"8de20e9\" data-element_type=\"column\" data-e-type=\"column\">\n\t\t\t<div class=\"elementor-widget-wrap elementor-element-populated\">\n\t\t\t\t\t\t<div class=\"elementor-element elementor-element-61e998b elementor-position-top elementor-widget elementor-widget-image-box\" data-id=\"61e998b\" data-element_type=\"widget\" data-e-type=\"widget\" data-widget_type=\"image-box.default\">\n\t\t\t\t<div class=\"elementor-widget-container\">\n\t\t\t\t\t<div class=\"elementor-image-box-wrapper\"><figure class=\"elementor-image-box-img\"><img loading=\"lazy\" decoding=\"async\" width=\"1600\" height=\"1460\" src=\"https:\/\/cagames.com.tr\/wp-content\/uploads\/2023\/10\/Safari-Yer-Puzzle-Kolaj.png\" class=\"elementor-animation-grow attachment-2048x2048 size-2048x2048 wp-image-6568\" alt=\"\" srcset=\"https:\/\/cagames.com.tr\/wp-content\/uploads\/2023\/10\/Safari-Yer-Puzzle-Kolaj.png 1600w, https:\/\/cagames.com.tr\/wp-content\/uploads\/2023\/10\/Safari-Yer-Puzzle-Kolaj-300x274.png 300w, https:\/\/cagames.com.tr\/wp-content\/uploads\/2023\/10\/Safari-Yer-Puzzle-Kolaj-1024x934.png 1024w, https:\/\/cagames.com.tr\/wp-content\/uploads\/2023\/10\/Safari-Yer-Puzzle-Kolaj-768x701.png 768w, https:\/\/cagames.com.tr\/wp-content\/uploads\/2023\/10\/Safari-Yer-Puzzle-Kolaj-1536x1402.png 1536w, https:\/\/cagames.com.tr\/wp-content\/uploads\/2023\/10\/Safari-Yer-Puzzle-Kolaj-13x12.png 13w, https:\/\/cagames.com.tr\/wp-content\/uploads\/2023\/10\/Safari-Yer-Puzzle-Kolaj-370x338.png 370w, https:\/\/cagames.com.tr\/wp-content\/uploads\/2023\/10\/Safari-Yer-Puzzle-Kolaj-760x694.png 760w\" sizes=\"(max-width: 1600px) 100vw, 1600px\" \/><\/figure><div class=\"elementor-image-box-content\"><h3 class=\"elementor-image-box-title\">Safari E\u011fitici Puzzle<\/h3><p class=\"elementor-image-box-description\">CA.6031<\/p><\/div><\/div>\t\t\t\t<\/div>\n\t\t\t\t<\/div>\n\t\t\t\t\t<\/div>\n\t\t<\/div>\n\t\t\t\t\t<\/div>\n\t\t<\/section>\n\t\t\t\t<\/div>","protected":false},"excerpt":{"rendered":"<p>D\u00fcnyam\u0131z E\u011fitici Puzzle CA.5025 T\u00fcrkiyemiz E\u011fitici Puzzle CA.5079 Alfabe E\u011fitici Puzzle CA.5027 Mevsimler E\u011fitici Puzzle CA.5140 Gezegenler E\u011fitici Puzzle CA.5026 Say\u0131lar E\u011fitici Puzzle CA.5134 \u00c7iftlik E\u011fitici Puzzle CA.5133 Dinozor E\u011fitici Puzzle CA.5139&hellip;<\/p>","protected":false},"author":1,"featured_media":0,"parent":0,"menu_order":0,"comment_status":"closed","ping_status":"closed","template":"","meta":{"footnotes":""},"class_list":["post-4694","page","type-page","status-publish","hentry"],"_links":{"self":[{"href":"https:\/\/cagames.com.tr\/en\/wp-json\/wp\/v2\/pages\/4694","targetHints":{"allow":["GET"]}}],"collection":[{"href":"https:\/\/cagames.com.tr\/en\/wp-json\/wp\/v2\/pages"}],"about":[{"href":"https:\/\/cagames.com.tr\/en\/wp-json\/wp\/v2\/types\/page"}],"author":[{"embeddable":true,"href":"https:\/\/cagames.com.tr\/en\/wp-json\/wp\/v2\/users\/1"}],"replies":[{"embeddable":true,"href":"https:\/\/cagames.com.tr\/en\/wp-json\/wp\/v2\/comments?post=4694"}],"version-history":[{"count":0,"href":"https:\/\/cagames.com.tr\/en\/wp-json\/wp\/v2\/pages\/4694\/revisions"}],"wp:attachment":[{"href":"https:\/\/cagames.com.tr\/en\/wp-json\/wp\/v2\/media?parent=4694"}],"curies":[{"name":"wp","href":"https:\/\/api.w.org\/{rel}","templated":true}]}}