{"id":4700,"date":"2022-06-30T22:16:53","date_gmt":"2022-06-30T19:16:53","guid":{"rendered":"https:\/\/cagames.com.tr\/?page_id=4700"},"modified":"2024-08-01T14:23:21","modified_gmt":"2024-08-01T11:23:21","slug":"egitici-frame-puzzle","status":"publish","type":"page","link":"https:\/\/cagames.com.tr\/en\/egitici-frame-puzzle\/","title":{"rendered":"E\u011fitici Ah\u015fap Set"},"content":{"rendered":"<div data-elementor-type=\"wp-post\" data-elementor-id=\"4700\" class=\"elementor elementor-4700\">\n\t\t\t\t\t\t<section class=\"elementor-section elementor-top-section elementor-element elementor-element-cad7213 elementor-section-boxed elementor-section-height-default elementor-section-height-default\" data-id=\"cad7213\" data-element_type=\"section\" data-e-type=\"section\">\n\t\t\t\t\t\t<div class=\"elementor-container elementor-column-gap-extended\">\n\t\t\t\t\t<div class=\"elementor-column elementor-col-50 elementor-top-column elementor-element elementor-element-7a59fa4f\" data-id=\"7a59fa4f\" data-element_type=\"column\" data-e-type=\"column\">\n\t\t\t<div class=\"elementor-widget-wrap elementor-element-populated\">\n\t\t\t\t\t\t<div class=\"elementor-element elementor-element-71c004c6 elementor-position-top elementor-widget elementor-widget-image-box\" data-id=\"71c004c6\" data-element_type=\"widget\" data-e-type=\"widget\" data-widget_type=\"image-box.default\">\n\t\t\t\t<div class=\"elementor-widget-container\">\n\t\t\t\t\t<div class=\"elementor-image-box-wrapper\"><figure class=\"elementor-image-box-img\"><a href=\"https:\/\/cagames.com.tr\/en\/hayvanlar-egitici-frame-puzzle\/\" tabindex=\"-1\"><img fetchpriority=\"high\" decoding=\"async\" width=\"2048\" height=\"1599\" src=\"https:\/\/cagames.com.tr\/wp-content\/uploads\/2022\/06\/CA.5054-EG\u0306I\u0307TI\u0307CI\u0307-SET-HAYVANLAR-2048x1599.png\" class=\"elementor-animation-grow attachment-2048x2048 size-2048x2048 wp-image-4657\" alt=\"\" srcset=\"https:\/\/cagames.com.tr\/wp-content\/uploads\/2022\/06\/CA.5054-EG\u0306I\u0307TI\u0307CI\u0307-SET-HAYVANLAR-2048x1599.png 2048w, https:\/\/cagames.com.tr\/wp-content\/uploads\/2022\/06\/CA.5054-EG\u0306I\u0307TI\u0307CI\u0307-SET-HAYVANLAR-300x234.png 300w, https:\/\/cagames.com.tr\/wp-content\/uploads\/2022\/06\/CA.5054-EG\u0306I\u0307TI\u0307CI\u0307-SET-HAYVANLAR-1024x799.png 1024w, https:\/\/cagames.com.tr\/wp-content\/uploads\/2022\/06\/CA.5054-EG\u0306I\u0307TI\u0307CI\u0307-SET-HAYVANLAR-768x600.png 768w, https:\/\/cagames.com.tr\/wp-content\/uploads\/2022\/06\/CA.5054-EG\u0306I\u0307TI\u0307CI\u0307-SET-HAYVANLAR-1536x1199.png 1536w, https:\/\/cagames.com.tr\/wp-content\/uploads\/2022\/06\/CA.5054-EG\u0306I\u0307TI\u0307CI\u0307-SET-HAYVANLAR-370x289.png 370w, https:\/\/cagames.com.tr\/wp-content\/uploads\/2022\/06\/CA.5054-EG\u0306I\u0307TI\u0307CI\u0307-SET-HAYVANLAR-760x593.png 760w\" sizes=\"(max-width: 2048px) 100vw, 2048px\" \/><\/a><\/figure><div class=\"elementor-image-box-content\"><h3 class=\"elementor-image-box-title\"><a href=\"https:\/\/cagames.com.tr\/en\/hayvanlar-egitici-frame-puzzle\/\">E\u011fitici Set - Hayvanlar<\/a><\/h3><p class=\"elementor-image-box-description\">CA.5054<\/p><\/div><\/div>\t\t\t\t<\/div>\n\t\t\t\t<\/div>\n\t\t\t\t<div class=\"elementor-element elementor-element-173064ee elementor-position-top elementor-widget elementor-widget-image-box\" data-id=\"173064ee\" data-element_type=\"widget\" data-e-type=\"widget\" data-widget_type=\"image-box.default\">\n\t\t\t\t<div class=\"elementor-widget-container\">\n\t\t\t\t\t<div class=\"elementor-image-box-wrapper\"><figure class=\"elementor-image-box-img\"><a href=\"https:\/\/cagames.com.tr\/en\/harfler-egitici-frame-puzzle\/\" tabindex=\"-1\"><img decoding=\"async\" width=\"2048\" height=\"1599\" src=\"https:\/\/cagames.com.tr\/wp-content\/uploads\/2022\/06\/CA.5056-EG\u0306I\u0307TI\u0307CI\u0307-SET-HARFLER-2048x1599.png\" class=\"elementor-animation-grow attachment-2048x2048 size-2048x2048 wp-image-4658\" alt=\"\" srcset=\"https:\/\/cagames.com.tr\/wp-content\/uploads\/2022\/06\/CA.5056-EG\u0306I\u0307TI\u0307CI\u0307-SET-HARFLER-2048x1599.png 2048w, https:\/\/cagames.com.tr\/wp-content\/uploads\/2022\/06\/CA.5056-EG\u0306I\u0307TI\u0307CI\u0307-SET-HARFLER-300x234.png 300w, https:\/\/cagames.com.tr\/wp-content\/uploads\/2022\/06\/CA.5056-EG\u0306I\u0307TI\u0307CI\u0307-SET-HARFLER-1024x799.png 1024w, https:\/\/cagames.com.tr\/wp-content\/uploads\/2022\/06\/CA.5056-EG\u0306I\u0307TI\u0307CI\u0307-SET-HARFLER-768x600.png 768w, https:\/\/cagames.com.tr\/wp-content\/uploads\/2022\/06\/CA.5056-EG\u0306I\u0307TI\u0307CI\u0307-SET-HARFLER-1536x1199.png 1536w, https:\/\/cagames.com.tr\/wp-content\/uploads\/2022\/06\/CA.5056-EG\u0306I\u0307TI\u0307CI\u0307-SET-HARFLER-370x289.png 370w, https:\/\/cagames.com.tr\/wp-content\/uploads\/2022\/06\/CA.5056-EG\u0306I\u0307TI\u0307CI\u0307-SET-HARFLER-760x593.png 760w\" sizes=\"(max-width: 2048px) 100vw, 2048px\" \/><\/a><\/figure><div class=\"elementor-image-box-content\"><h3 class=\"elementor-image-box-title\"><a href=\"https:\/\/cagames.com.tr\/en\/harfler-egitici-frame-puzzle\/\">E\u011fitici Set - Harfler<\/a><\/h3><p class=\"elementor-image-box-description\">CA.5056<\/p><\/div><\/div>\t\t\t\t<\/div>\n\t\t\t\t<\/div>\n\t\t\t\t\t<\/div>\n\t\t<\/div>\n\t\t\t\t<div class=\"elementor-column elementor-col-50 elementor-top-column elementor-element elementor-element-1b71dd5b\" data-id=\"1b71dd5b\" data-element_type=\"column\" data-e-type=\"column\">\n\t\t\t<div class=\"elementor-widget-wrap elementor-element-populated\">\n\t\t\t\t\t\t<div class=\"elementor-element elementor-element-5774c0b9 elementor-position-top elementor-widget elementor-widget-image-box\" data-id=\"5774c0b9\" data-element_type=\"widget\" data-e-type=\"widget\" data-widget_type=\"image-box.default\">\n\t\t\t\t<div class=\"elementor-widget-container\">\n\t\t\t\t\t<div class=\"elementor-image-box-wrapper\"><figure class=\"elementor-image-box-img\"><a href=\"https:\/\/cagames.com.tr\/en\/tasitlar-egitici-frame-puzzle\/\" tabindex=\"-1\"><img decoding=\"async\" width=\"2048\" height=\"1599\" src=\"https:\/\/cagames.com.tr\/wp-content\/uploads\/2022\/06\/CA.5055-EG\u0306I\u0307TI\u0307CI\u0307-SET-TAS\u0327ITLAR-2048x1599.png\" class=\"elementor-animation-grow attachment-2048x2048 size-2048x2048 wp-image-4659\" alt=\"\" srcset=\"https:\/\/cagames.com.tr\/wp-content\/uploads\/2022\/06\/CA.5055-EG\u0306I\u0307TI\u0307CI\u0307-SET-TAS\u0327ITLAR-2048x1599.png 2048w, https:\/\/cagames.com.tr\/wp-content\/uploads\/2022\/06\/CA.5055-EG\u0306I\u0307TI\u0307CI\u0307-SET-TAS\u0327ITLAR-300x234.png 300w, https:\/\/cagames.com.tr\/wp-content\/uploads\/2022\/06\/CA.5055-EG\u0306I\u0307TI\u0307CI\u0307-SET-TAS\u0327ITLAR-1024x799.png 1024w, https:\/\/cagames.com.tr\/wp-content\/uploads\/2022\/06\/CA.5055-EG\u0306I\u0307TI\u0307CI\u0307-SET-TAS\u0327ITLAR-768x600.png 768w, https:\/\/cagames.com.tr\/wp-content\/uploads\/2022\/06\/CA.5055-EG\u0306I\u0307TI\u0307CI\u0307-SET-TAS\u0327ITLAR-1536x1199.png 1536w, https:\/\/cagames.com.tr\/wp-content\/uploads\/2022\/06\/CA.5055-EG\u0306I\u0307TI\u0307CI\u0307-SET-TAS\u0327ITLAR-370x289.png 370w, https:\/\/cagames.com.tr\/wp-content\/uploads\/2022\/06\/CA.5055-EG\u0306I\u0307TI\u0307CI\u0307-SET-TAS\u0327ITLAR-760x593.png 760w\" sizes=\"(max-width: 2048px) 100vw, 2048px\" \/><\/a><\/figure><div class=\"elementor-image-box-content\"><h3 class=\"elementor-image-box-title\"><a href=\"https:\/\/cagames.com.tr\/en\/tasitlar-egitici-frame-puzzle\/\">E\u011fitici Set - Ta\u015f\u0131tlar<\/a><\/h3><p class=\"elementor-image-box-description\">CA.5055<\/p><\/div><\/div>\t\t\t\t<\/div>\n\t\t\t\t<\/div>\n\t\t\t\t<div class=\"elementor-element elementor-element-707abaf6 elementor-position-top elementor-widget elementor-widget-image-box\" data-id=\"707abaf6\" data-element_type=\"widget\" data-e-type=\"widget\" data-widget_type=\"image-box.default\">\n\t\t\t\t<div class=\"elementor-widget-container\">\n\t\t\t\t\t<div class=\"elementor-image-box-wrapper\"><figure class=\"elementor-image-box-img\"><a href=\"https:\/\/cagames.com.tr\/en\/sayilar-egitici-frame-puzzle\/\" tabindex=\"-1\"><img loading=\"lazy\" decoding=\"async\" width=\"2048\" height=\"1599\" src=\"https:\/\/cagames.com.tr\/wp-content\/uploads\/2022\/06\/CA.5057-EG\u0306I\u0307TI\u0307CI\u0307-SET-SAYILAR-2048x1599.png\" class=\"elementor-animation-grow attachment-2048x2048 size-2048x2048 wp-image-4660\" alt=\"\" srcset=\"https:\/\/cagames.com.tr\/wp-content\/uploads\/2022\/06\/CA.5057-EG\u0306I\u0307TI\u0307CI\u0307-SET-SAYILAR-2048x1599.png 2048w, https:\/\/cagames.com.tr\/wp-content\/uploads\/2022\/06\/CA.5057-EG\u0306I\u0307TI\u0307CI\u0307-SET-SAYILAR-300x234.png 300w, https:\/\/cagames.com.tr\/wp-content\/uploads\/2022\/06\/CA.5057-EG\u0306I\u0307TI\u0307CI\u0307-SET-SAYILAR-1024x799.png 1024w, https:\/\/cagames.com.tr\/wp-content\/uploads\/2022\/06\/CA.5057-EG\u0306I\u0307TI\u0307CI\u0307-SET-SAYILAR-768x600.png 768w, https:\/\/cagames.com.tr\/wp-content\/uploads\/2022\/06\/CA.5057-EG\u0306I\u0307TI\u0307CI\u0307-SET-SAYILAR-1536x1199.png 1536w, https:\/\/cagames.com.tr\/wp-content\/uploads\/2022\/06\/CA.5057-EG\u0306I\u0307TI\u0307CI\u0307-SET-SAYILAR-370x289.png 370w, https:\/\/cagames.com.tr\/wp-content\/uploads\/2022\/06\/CA.5057-EG\u0306I\u0307TI\u0307CI\u0307-SET-SAYILAR-760x593.png 760w\" sizes=\"(max-width: 2048px) 100vw, 2048px\" \/><\/a><\/figure><div class=\"elementor-image-box-content\"><h3 class=\"elementor-image-box-title\"><a href=\"https:\/\/cagames.com.tr\/en\/sayilar-egitici-frame-puzzle\/\">E\u011fitici Set - Say\u0131lar<\/a><\/h3><p class=\"elementor-image-box-description\">CA.5057<\/p><\/div><\/div>\t\t\t\t<\/div>\n\t\t\t\t<\/div>\n\t\t\t\t\t<\/div>\n\t\t<\/div>\n\t\t\t\t\t<\/div>\n\t\t<\/section>\n\t\t\t\t<\/div>","protected":false},"excerpt":{"rendered":"<p>E\u011fitici Set &#8211; Hayvanlar CA.5054 E\u011fitici Set &#8211; Harfler CA.5056 E\u011fitici Set &#8211; Ta\u015f\u0131tlar CA.5055 E\u011fitici Set &#8211; Say\u0131lar CA.5057<\/p>","protected":false},"author":1,"featured_media":0,"parent":0,"menu_order":0,"comment_status":"closed","ping_status":"closed","template":"","meta":{"footnotes":""},"class_list":["post-4700","page","type-page","status-publish","hentry"],"_links":{"self":[{"href":"https:\/\/cagames.com.tr\/en\/wp-json\/wp\/v2\/pages\/4700","targetHints":{"allow":["GET"]}}],"collection":[{"href":"https:\/\/cagames.com.tr\/en\/wp-json\/wp\/v2\/pages"}],"about":[{"href":"https:\/\/cagames.com.tr\/en\/wp-json\/wp\/v2\/types\/page"}],"author":[{"embeddable":true,"href":"https:\/\/cagames.com.tr\/en\/wp-json\/wp\/v2\/users\/1"}],"replies":[{"embeddable":true,"href":"https:\/\/cagames.com.tr\/en\/wp-json\/wp\/v2\/comments?post=4700"}],"version-history":[{"count":0,"href":"https:\/\/cagames.com.tr\/en\/wp-json\/wp\/v2\/pages\/4700\/revisions"}],"wp:attachment":[{"href":"https:\/\/cagames.com.tr\/en\/wp-json\/wp\/v2\/media?parent=4700"}],"curies":[{"name":"wp","href":"https:\/\/api.w.org\/{rel}","templated":true}]}}