{"id":4711,"date":"2022-06-30T22:23:03","date_gmt":"2022-06-30T19:23:03","guid":{"rendered":"https:\/\/cagames.com.tr\/?page_id=4711"},"modified":"2025-02-05T15:41:34","modified_gmt":"2025-02-05T12:41:34","slug":"klasik-oyunlar","status":"publish","type":"page","link":"https:\/\/cagames.com.tr\/en\/klasik-oyunlar\/","title":{"rendered":"Classic Games"},"content":{"rendered":"<div data-elementor-type=\"wp-post\" data-elementor-id=\"4711\" class=\"elementor elementor-4711\">\n\t\t\t\t\t\t<section class=\"elementor-section elementor-top-section elementor-element elementor-element-3fe62ae7 elementor-section-boxed elementor-section-height-default elementor-section-height-default\" data-id=\"3fe62ae7\" data-element_type=\"section\" data-e-type=\"section\">\n\t\t\t\t\t\t<div class=\"elementor-container elementor-column-gap-extended\">\n\t\t\t\t\t<div class=\"elementor-column elementor-col-50 elementor-top-column elementor-element elementor-element-6de4af49\" data-id=\"6de4af49\" data-element_type=\"column\" data-e-type=\"column\">\n\t\t\t<div class=\"elementor-widget-wrap elementor-element-populated\">\n\t\t\t\t\t\t<div class=\"elementor-element elementor-element-20d3b1c8 elementor-position-top elementor-widget elementor-widget-image-box\" data-id=\"20d3b1c8\" data-element_type=\"widget\" data-e-type=\"widget\" data-widget_type=\"image-box.default\">\n\t\t\t\t<div class=\"elementor-widget-container\">\n\t\t\t\t\t<div class=\"elementor-image-box-wrapper\"><figure class=\"elementor-image-box-img\"><img fetchpriority=\"high\" decoding=\"async\" width=\"1023\" height=\"1050\" src=\"https:\/\/cagames.com.tr\/wp-content\/uploads\/2022\/06\/CA.10004-PROFESYONEL-SATRANC\u0327-TAKIMI-BU\u0308YU\u0308K-BOY-1.png\" class=\"elementor-animation-grow attachment-2048x2048 size-2048x2048 wp-image-4720\" alt=\"\" srcset=\"https:\/\/cagames.com.tr\/wp-content\/uploads\/2022\/06\/CA.10004-PROFESYONEL-SATRANC\u0327-TAKIMI-BU\u0308YU\u0308K-BOY-1.png 1023w, https:\/\/cagames.com.tr\/wp-content\/uploads\/2022\/06\/CA.10004-PROFESYONEL-SATRANC\u0327-TAKIMI-BU\u0308YU\u0308K-BOY-1-292x300.png 292w, https:\/\/cagames.com.tr\/wp-content\/uploads\/2022\/06\/CA.10004-PROFESYONEL-SATRANC\u0327-TAKIMI-BU\u0308YU\u0308K-BOY-1-998x1024.png 998w, https:\/\/cagames.com.tr\/wp-content\/uploads\/2022\/06\/CA.10004-PROFESYONEL-SATRANC\u0327-TAKIMI-BU\u0308YU\u0308K-BOY-1-768x788.png 768w, https:\/\/cagames.com.tr\/wp-content\/uploads\/2022\/06\/CA.10004-PROFESYONEL-SATRANC\u0327-TAKIMI-BU\u0308YU\u0308K-BOY-1-370x380.png 370w, https:\/\/cagames.com.tr\/wp-content\/uploads\/2022\/06\/CA.10004-PROFESYONEL-SATRANC\u0327-TAKIMI-BU\u0308YU\u0308K-BOY-1-760x780.png 760w\" sizes=\"(max-width: 1023px) 100vw, 1023px\" \/><\/figure><div class=\"elementor-image-box-content\"><h3 class=\"elementor-image-box-title\">Professional Chess Set (large-sized)<\/h3><p class=\"elementor-image-box-description\">CA.10004<\/p><\/div><\/div>\t\t\t\t<\/div>\n\t\t\t\t<\/div>\n\t\t\t\t<div class=\"elementor-element elementor-element-3cdd0f75 elementor-position-top elementor-widget elementor-widget-image-box\" data-id=\"3cdd0f75\" data-element_type=\"widget\" data-e-type=\"widget\" data-widget_type=\"image-box.default\">\n\t\t\t\t<div class=\"elementor-widget-container\">\n\t\t\t\t\t<div class=\"elementor-image-box-wrapper\"><figure class=\"elementor-image-box-img\"><img decoding=\"async\" width=\"2048\" height=\"1712\" src=\"https:\/\/cagames.com.tr\/wp-content\/uploads\/2023\/10\/Renkli-Rulo-Satranc-1-2048x1712.jpg\" class=\"elementor-animation-grow attachment-2048x2048 size-2048x2048 wp-image-6594\" alt=\"\" srcset=\"https:\/\/cagames.com.tr\/wp-content\/uploads\/2023\/10\/Renkli-Rulo-Satranc-1-2048x1712.jpg 2048w, https:\/\/cagames.com.tr\/wp-content\/uploads\/2023\/10\/Renkli-Rulo-Satranc-1-300x251.jpg 300w, https:\/\/cagames.com.tr\/wp-content\/uploads\/2023\/10\/Renkli-Rulo-Satranc-1-1024x856.jpg 1024w, https:\/\/cagames.com.tr\/wp-content\/uploads\/2023\/10\/Renkli-Rulo-Satranc-1-768x642.jpg 768w, https:\/\/cagames.com.tr\/wp-content\/uploads\/2023\/10\/Renkli-Rulo-Satranc-1-1536x1284.jpg 1536w, https:\/\/cagames.com.tr\/wp-content\/uploads\/2023\/10\/Renkli-Rulo-Satranc-1-14x12.jpg 14w, https:\/\/cagames.com.tr\/wp-content\/uploads\/2023\/10\/Renkli-Rulo-Satranc-1-370x309.jpg 370w, https:\/\/cagames.com.tr\/wp-content\/uploads\/2023\/10\/Renkli-Rulo-Satranc-1-760x635.jpg 760w\" sizes=\"(max-width: 2048px) 100vw, 2048px\" \/><\/figure><div class=\"elementor-image-box-content\"><h3 class=\"elementor-image-box-title\">Colorful Chess Set<\/h3><p class=\"elementor-image-box-description\">CA.10009<\/p><\/div><\/div>\t\t\t\t<\/div>\n\t\t\t\t<\/div>\n\t\t\t\t\t<\/div>\n\t\t<\/div>\n\t\t\t\t<div class=\"elementor-column elementor-col-50 elementor-top-column elementor-element elementor-element-32208fe3\" data-id=\"32208fe3\" data-element_type=\"column\" data-e-type=\"column\">\n\t\t\t<div class=\"elementor-widget-wrap elementor-element-populated\">\n\t\t\t\t\t\t<div class=\"elementor-element elementor-element-3e4a8994 elementor-position-top elementor-widget elementor-widget-image-box\" data-id=\"3e4a8994\" data-element_type=\"widget\" data-e-type=\"widget\" data-widget_type=\"image-box.default\">\n\t\t\t\t<div class=\"elementor-widget-container\">\n\t\t\t\t\t<div class=\"elementor-image-box-wrapper\"><figure class=\"elementor-image-box-img\"><img decoding=\"async\" width=\"1023\" height=\"1050\" src=\"https:\/\/cagames.com.tr\/wp-content\/uploads\/2022\/06\/CA.10003-PROFESYONEL-SATRANC\u0327-TAKIMI-KU\u0308C\u0327U\u0308K-BOY.png\" class=\"elementor-animation-grow attachment-2048x2048 size-2048x2048 wp-image-4722\" alt=\"\" srcset=\"https:\/\/cagames.com.tr\/wp-content\/uploads\/2022\/06\/CA.10003-PROFESYONEL-SATRANC\u0327-TAKIMI-KU\u0308C\u0327U\u0308K-BOY.png 1023w, https:\/\/cagames.com.tr\/wp-content\/uploads\/2022\/06\/CA.10003-PROFESYONEL-SATRANC\u0327-TAKIMI-KU\u0308C\u0327U\u0308K-BOY-292x300.png 292w, https:\/\/cagames.com.tr\/wp-content\/uploads\/2022\/06\/CA.10003-PROFESYONEL-SATRANC\u0327-TAKIMI-KU\u0308C\u0327U\u0308K-BOY-998x1024.png 998w, https:\/\/cagames.com.tr\/wp-content\/uploads\/2022\/06\/CA.10003-PROFESYONEL-SATRANC\u0327-TAKIMI-KU\u0308C\u0327U\u0308K-BOY-768x788.png 768w, https:\/\/cagames.com.tr\/wp-content\/uploads\/2022\/06\/CA.10003-PROFESYONEL-SATRANC\u0327-TAKIMI-KU\u0308C\u0327U\u0308K-BOY-370x380.png 370w, https:\/\/cagames.com.tr\/wp-content\/uploads\/2022\/06\/CA.10003-PROFESYONEL-SATRANC\u0327-TAKIMI-KU\u0308C\u0327U\u0308K-BOY-760x780.png 760w\" sizes=\"(max-width: 1023px) 100vw, 1023px\" \/><\/figure><div class=\"elementor-image-box-content\"><h3 class=\"elementor-image-box-title\">Professional Chess Set (small-sized)<\/h3><p class=\"elementor-image-box-description\">CA.10003<\/p><\/div><\/div>\t\t\t\t<\/div>\n\t\t\t\t<\/div>\n\t\t\t\t<div class=\"elementor-element elementor-element-40671a4 elementor-position-top elementor-widget elementor-widget-image-box\" data-id=\"40671a4\" data-element_type=\"widget\" data-e-type=\"widget\" data-widget_type=\"image-box.default\">\n\t\t\t\t<div class=\"elementor-widget-container\">\n\t\t\t\t\t<div class=\"elementor-image-box-wrapper\"><figure class=\"elementor-image-box-img\"><img loading=\"lazy\" decoding=\"async\" width=\"2048\" height=\"1775\" src=\"https:\/\/cagames.com.tr\/wp-content\/uploads\/2023\/10\/Renkli-Rulo-Satranc-2-2048x1775.jpg\" class=\"elementor-animation-grow attachment-2048x2048 size-2048x2048 wp-image-6595\" alt=\"\" srcset=\"https:\/\/cagames.com.tr\/wp-content\/uploads\/2023\/10\/Renkli-Rulo-Satranc-2-2048x1775.jpg 2048w, https:\/\/cagames.com.tr\/wp-content\/uploads\/2023\/10\/Renkli-Rulo-Satranc-2-300x260.jpg 300w, https:\/\/cagames.com.tr\/wp-content\/uploads\/2023\/10\/Renkli-Rulo-Satranc-2-1024x888.jpg 1024w, https:\/\/cagames.com.tr\/wp-content\/uploads\/2023\/10\/Renkli-Rulo-Satranc-2-768x666.jpg 768w, https:\/\/cagames.com.tr\/wp-content\/uploads\/2023\/10\/Renkli-Rulo-Satranc-2-1536x1331.jpg 1536w, https:\/\/cagames.com.tr\/wp-content\/uploads\/2023\/10\/Renkli-Rulo-Satranc-2-14x12.jpg 14w, https:\/\/cagames.com.tr\/wp-content\/uploads\/2023\/10\/Renkli-Rulo-Satranc-2-370x321.jpg 370w, https:\/\/cagames.com.tr\/wp-content\/uploads\/2023\/10\/Renkli-Rulo-Satranc-2-760x659.jpg 760w\" sizes=\"(max-width: 2048px) 100vw, 2048px\" \/><\/figure><div class=\"elementor-image-box-content\"><h3 class=\"elementor-image-box-title\">Colorful Chess Set<\/h3><p class=\"elementor-image-box-description\">CA.10009<\/p><\/div><\/div>\t\t\t\t<\/div>\n\t\t\t\t<\/div>\n\t\t\t\t\t<\/div>\n\t\t<\/div>\n\t\t\t\t\t<\/div>\n\t\t<\/section>\n\t\t\t\t<section class=\"elementor-section elementor-top-section elementor-element elementor-element-1a9b518 elementor-section-boxed elementor-section-height-default elementor-section-height-default\" data-id=\"1a9b518\" data-element_type=\"section\" data-e-type=\"section\">\n\t\t\t\t\t\t<div class=\"elementor-container elementor-column-gap-extended\">\n\t\t\t\t\t<div class=\"elementor-column elementor-col-50 elementor-top-column elementor-element elementor-element-372feba\" data-id=\"372feba\" data-element_type=\"column\" data-e-type=\"column\">\n\t\t\t<div class=\"elementor-widget-wrap elementor-element-populated\">\n\t\t\t\t\t\t<div class=\"elementor-element elementor-element-a876cf7 elementor-position-top elementor-widget elementor-widget-image-box\" data-id=\"a876cf7\" data-element_type=\"widget\" data-e-type=\"widget\" data-widget_type=\"image-box.default\">\n\t\t\t\t<div class=\"elementor-widget-container\">\n\t\t\t\t\t<div class=\"elementor-image-box-wrapper\"><figure class=\"elementor-image-box-img\"><img loading=\"lazy\" decoding=\"async\" width=\"2048\" height=\"1635\" src=\"https:\/\/cagames.com.tr\/wp-content\/uploads\/2022\/06\/CA.10002-MANYETI\u0307K-3LU\u0308-OYUN-SETI\u0307-2048x1635.png\" class=\"elementor-animation-grow attachment-2048x2048 size-2048x2048 wp-image-4723\" alt=\"\" srcset=\"https:\/\/cagames.com.tr\/wp-content\/uploads\/2022\/06\/CA.10002-MANYETI\u0307K-3LU\u0308-OYUN-SETI\u0307-2048x1635.png 2048w, https:\/\/cagames.com.tr\/wp-content\/uploads\/2022\/06\/CA.10002-MANYETI\u0307K-3LU\u0308-OYUN-SETI\u0307-300x240.png 300w, https:\/\/cagames.com.tr\/wp-content\/uploads\/2022\/06\/CA.10002-MANYETI\u0307K-3LU\u0308-OYUN-SETI\u0307-1024x818.png 1024w, https:\/\/cagames.com.tr\/wp-content\/uploads\/2022\/06\/CA.10002-MANYETI\u0307K-3LU\u0308-OYUN-SETI\u0307-768x613.png 768w, https:\/\/cagames.com.tr\/wp-content\/uploads\/2022\/06\/CA.10002-MANYETI\u0307K-3LU\u0308-OYUN-SETI\u0307-1536x1226.png 1536w, https:\/\/cagames.com.tr\/wp-content\/uploads\/2022\/06\/CA.10002-MANYETI\u0307K-3LU\u0308-OYUN-SETI\u0307-370x295.png 370w, https:\/\/cagames.com.tr\/wp-content\/uploads\/2022\/06\/CA.10002-MANYETI\u0307K-3LU\u0308-OYUN-SETI\u0307-760x607.png 760w\" sizes=\"(max-width: 2048px) 100vw, 2048px\" \/><\/figure><div class=\"elementor-image-box-content\"><h3 class=\"elementor-image-box-title\">Magnetic 3-Piece Set<\/h3><p class=\"elementor-image-box-description\">CA.10002<\/p><\/div><\/div>\t\t\t\t<\/div>\n\t\t\t\t<\/div>\n\t\t\t\t\t<\/div>\n\t\t<\/div>\n\t\t\t\t<div class=\"elementor-column elementor-col-50 elementor-top-column elementor-element elementor-element-47f9b2b\" data-id=\"47f9b2b\" data-element_type=\"column\" data-e-type=\"column\">\n\t\t\t<div class=\"elementor-widget-wrap\">\n\t\t\t\t\t\t\t<\/div>\n\t\t<\/div>\n\t\t\t\t\t<\/div>\n\t\t<\/section>\n\t\t\t\t<\/div>","protected":false},"excerpt":{"rendered":"<p>Profesyonel Satran\u00e7 Tak\u0131m\u0131 &#8211; B\u00fcy\u00fck Boy CA.10004 Renkli Satran\u00e7 Tak\u0131m\u0131 CA.10009 Profesyonel Satran\u00e7 Tak\u0131m\u0131 &#8211; K\u00fc\u00e7\u00fck Boy CA.10003 Renkli Satran\u00e7 Tak\u0131m\u0131 CA.10009 Manyetik 3&#8217;l\u00fc Oyun seti CA.10002<\/p>","protected":false},"author":1,"featured_media":0,"parent":0,"menu_order":0,"comment_status":"closed","ping_status":"closed","template":"","meta":{"footnotes":""},"class_list":["post-4711","page","type-page","status-publish","hentry"],"_links":{"self":[{"href":"https:\/\/cagames.com.tr\/en\/wp-json\/wp\/v2\/pages\/4711","targetHints":{"allow":["GET"]}}],"collection":[{"href":"https:\/\/cagames.com.tr\/en\/wp-json\/wp\/v2\/pages"}],"about":[{"href":"https:\/\/cagames.com.tr\/en\/wp-json\/wp\/v2\/types\/page"}],"author":[{"embeddable":true,"href":"https:\/\/cagames.com.tr\/en\/wp-json\/wp\/v2\/users\/1"}],"replies":[{"embeddable":true,"href":"https:\/\/cagames.com.tr\/en\/wp-json\/wp\/v2\/comments?post=4711"}],"version-history":[{"count":0,"href":"https:\/\/cagames.com.tr\/en\/wp-json\/wp\/v2\/pages\/4711\/revisions"}],"wp:attachment":[{"href":"https:\/\/cagames.com.tr\/en\/wp-json\/wp\/v2\/media?parent=4711"}],"curies":[{"name":"wp","href":"https:\/\/api.w.org\/{rel}","templated":true}]}}