{"id":9872,"date":"2025-09-15T12:16:58","date_gmt":"2025-09-15T09:16:58","guid":{"rendered":"https:\/\/cagames.com.tr\/?page_id=9872"},"modified":"2025-09-29T14:55:17","modified_gmt":"2025-09-29T11:55:17","slug":"oyun-cadiri","status":"publish","type":"page","link":"https:\/\/cagames.com.tr\/en\/oyun-cadiri\/","title":{"rendered":"Oyun \u00c7ad\u0131r\u0131"},"content":{"rendered":"<div data-elementor-type=\"wp-page\" data-elementor-id=\"9872\" class=\"elementor elementor-9872\">\n\t\t\t\t\t\t<section class=\"elementor-section elementor-top-section elementor-element elementor-element-af1b05b elementor-section-boxed elementor-section-height-default elementor-section-height-default\" data-id=\"af1b05b\" data-element_type=\"section\" data-e-type=\"section\">\n\t\t\t\t\t\t<div class=\"elementor-container elementor-column-gap-extended\">\n\t\t\t\t\t<div class=\"elementor-column elementor-col-50 elementor-top-column elementor-element elementor-element-a6d4f1d\" data-id=\"a6d4f1d\" data-element_type=\"column\" data-e-type=\"column\">\n\t\t\t<div class=\"elementor-widget-wrap elementor-element-populated\">\n\t\t\t\t\t\t<div class=\"elementor-element elementor-element-9fae29f elementor-position-top elementor-widget elementor-widget-image-box\" data-id=\"9fae29f\" data-element_type=\"widget\" data-e-type=\"widget\" data-widget_type=\"image-box.default\">\n\t\t\t\t<div class=\"elementor-widget-container\">\n\t\t\t\t\t<div class=\"elementor-image-box-wrapper\"><figure class=\"elementor-image-box-img\"><img fetchpriority=\"high\" decoding=\"async\" width=\"1169\" height=\"1133\" src=\"https:\/\/cagames.com.tr\/wp-content\/uploads\/2025\/09\/KRAL-SAKIR-CADIR-1.png\" class=\"elementor-animation-grow attachment-2048x2048 size-2048x2048 wp-image-9877\" alt=\"\" srcset=\"https:\/\/cagames.com.tr\/wp-content\/uploads\/2025\/09\/KRAL-SAKIR-CADIR-1.png 1169w, https:\/\/cagames.com.tr\/wp-content\/uploads\/2025\/09\/KRAL-SAKIR-CADIR-1-300x291.png 300w, https:\/\/cagames.com.tr\/wp-content\/uploads\/2025\/09\/KRAL-SAKIR-CADIR-1-1024x992.png 1024w, https:\/\/cagames.com.tr\/wp-content\/uploads\/2025\/09\/KRAL-SAKIR-CADIR-1-768x744.png 768w, https:\/\/cagames.com.tr\/wp-content\/uploads\/2025\/09\/KRAL-SAKIR-CADIR-1-12x12.png 12w, https:\/\/cagames.com.tr\/wp-content\/uploads\/2025\/09\/KRAL-SAKIR-CADIR-1-370x359.png 370w, https:\/\/cagames.com.tr\/wp-content\/uploads\/2025\/09\/KRAL-SAKIR-CADIR-1-760x737.png 760w\" sizes=\"(max-width: 1169px) 100vw, 1169px\" \/><\/figure><div class=\"elementor-image-box-content\"><h3 class=\"elementor-image-box-title\">Kral \u015eakir Oyun \u00c7ad\u0131r\u0131 1<\/h3><p class=\"elementor-image-box-description\">CA.2100<\/p><\/div><\/div>\t\t\t\t<\/div>\n\t\t\t\t<\/div>\n\t\t\t\t\t<\/div>\n\t\t<\/div>\n\t\t\t\t<div class=\"elementor-column elementor-col-50 elementor-top-column elementor-element elementor-element-5d73a48\" data-id=\"5d73a48\" data-element_type=\"column\" data-e-type=\"column\">\n\t\t\t<div class=\"elementor-widget-wrap elementor-element-populated\">\n\t\t\t\t\t\t<div class=\"elementor-element elementor-element-5216624 elementor-position-top elementor-widget elementor-widget-image-box\" data-id=\"5216624\" data-element_type=\"widget\" data-e-type=\"widget\" data-widget_type=\"image-box.default\">\n\t\t\t\t<div class=\"elementor-widget-container\">\n\t\t\t\t\t<div class=\"elementor-image-box-wrapper\"><figure class=\"elementor-image-box-img\"><img decoding=\"async\" width=\"1169\" height=\"1133\" src=\"https:\/\/cagames.com.tr\/wp-content\/uploads\/2025\/09\/KRAL-SAKIR-CADIR-2.png\" class=\"elementor-animation-grow attachment-2048x2048 size-2048x2048 wp-image-9878\" alt=\"\" srcset=\"https:\/\/cagames.com.tr\/wp-content\/uploads\/2025\/09\/KRAL-SAKIR-CADIR-2.png 1169w, https:\/\/cagames.com.tr\/wp-content\/uploads\/2025\/09\/KRAL-SAKIR-CADIR-2-300x291.png 300w, https:\/\/cagames.com.tr\/wp-content\/uploads\/2025\/09\/KRAL-SAKIR-CADIR-2-1024x992.png 1024w, https:\/\/cagames.com.tr\/wp-content\/uploads\/2025\/09\/KRAL-SAKIR-CADIR-2-768x744.png 768w, https:\/\/cagames.com.tr\/wp-content\/uploads\/2025\/09\/KRAL-SAKIR-CADIR-2-12x12.png 12w, https:\/\/cagames.com.tr\/wp-content\/uploads\/2025\/09\/KRAL-SAKIR-CADIR-2-370x359.png 370w, https:\/\/cagames.com.tr\/wp-content\/uploads\/2025\/09\/KRAL-SAKIR-CADIR-2-760x737.png 760w\" sizes=\"(max-width: 1169px) 100vw, 1169px\" \/><\/figure><div class=\"elementor-image-box-content\"><h3 class=\"elementor-image-box-title\">Kral \u015eakir Oyun \u00c7ad\u0131r\u0131 2<\/h3><p class=\"elementor-image-box-description\">CA.2100<\/p><\/div><\/div>\t\t\t\t<\/div>\n\t\t\t\t<\/div>\n\t\t\t\t\t<\/div>\n\t\t<\/div>\n\t\t\t\t\t<\/div>\n\t\t<\/section>\n\t\t\t\t<section class=\"elementor-section elementor-top-section elementor-element elementor-element-f8e59af elementor-section-boxed elementor-section-height-default elementor-section-height-default\" data-id=\"f8e59af\" data-element_type=\"section\" data-e-type=\"section\">\n\t\t\t\t\t\t<div class=\"elementor-container elementor-column-gap-extended\">\n\t\t\t\t\t<div class=\"elementor-column elementor-col-50 elementor-top-column elementor-element elementor-element-ec9eb46\" data-id=\"ec9eb46\" data-element_type=\"column\" data-e-type=\"column\">\n\t\t\t<div class=\"elementor-widget-wrap elementor-element-populated\">\n\t\t\t\t\t\t<div class=\"elementor-element elementor-element-1d135a1 elementor-position-top elementor-widget elementor-widget-image-box\" data-id=\"1d135a1\" data-element_type=\"widget\" data-e-type=\"widget\" data-widget_type=\"image-box.default\">\n\t\t\t\t<div class=\"elementor-widget-container\">\n\t\t\t\t\t<div class=\"elementor-image-box-wrapper\"><figure class=\"elementor-image-box-img\"><img decoding=\"async\" width=\"704\" height=\"701\" src=\"https:\/\/cagames.com.tr\/wp-content\/uploads\/2025\/09\/Sirinler-Cadir-1.png\" class=\"elementor-animation-grow attachment-2048x2048 size-2048x2048 wp-image-9990\" alt=\"\" srcset=\"https:\/\/cagames.com.tr\/wp-content\/uploads\/2025\/09\/Sirinler-Cadir-1.png 704w, https:\/\/cagames.com.tr\/wp-content\/uploads\/2025\/09\/Sirinler-Cadir-1-300x300.png 300w, https:\/\/cagames.com.tr\/wp-content\/uploads\/2025\/09\/Sirinler-Cadir-1-150x150.png 150w, https:\/\/cagames.com.tr\/wp-content\/uploads\/2025\/09\/Sirinler-Cadir-1-12x12.png 12w, https:\/\/cagames.com.tr\/wp-content\/uploads\/2025\/09\/Sirinler-Cadir-1-370x368.png 370w, https:\/\/cagames.com.tr\/wp-content\/uploads\/2025\/09\/Sirinler-Cadir-1-90x90.png 90w\" sizes=\"(max-width: 704px) 100vw, 704px\" \/><\/figure><div class=\"elementor-image-box-content\"><h3 class=\"elementor-image-box-title\">\u015eirinler Oyun \u00c7ad\u0131r\u0131 1<\/h3><p class=\"elementor-image-box-description\">CA.2200<\/p><\/div><\/div>\t\t\t\t<\/div>\n\t\t\t\t<\/div>\n\t\t\t\t\t<\/div>\n\t\t<\/div>\n\t\t\t\t<div class=\"elementor-column elementor-col-50 elementor-top-column elementor-element elementor-element-74485f0\" data-id=\"74485f0\" data-element_type=\"column\" data-e-type=\"column\">\n\t\t\t<div class=\"elementor-widget-wrap elementor-element-populated\">\n\t\t\t\t\t\t<div class=\"elementor-element elementor-element-e8d1270 elementor-position-top elementor-widget elementor-widget-image-box\" data-id=\"e8d1270\" data-element_type=\"widget\" data-e-type=\"widget\" data-widget_type=\"image-box.default\">\n\t\t\t\t<div class=\"elementor-widget-container\">\n\t\t\t\t\t<div class=\"elementor-image-box-wrapper\"><figure class=\"elementor-image-box-img\"><img loading=\"lazy\" decoding=\"async\" width=\"701\" height=\"701\" src=\"https:\/\/cagames.com.tr\/wp-content\/uploads\/2025\/09\/Sirinler-Cadir-2.png\" class=\"elementor-animation-grow attachment-2048x2048 size-2048x2048 wp-image-9991\" alt=\"\" srcset=\"https:\/\/cagames.com.tr\/wp-content\/uploads\/2025\/09\/Sirinler-Cadir-2.png 701w, https:\/\/cagames.com.tr\/wp-content\/uploads\/2025\/09\/Sirinler-Cadir-2-300x300.png 300w, https:\/\/cagames.com.tr\/wp-content\/uploads\/2025\/09\/Sirinler-Cadir-2-150x150.png 150w, https:\/\/cagames.com.tr\/wp-content\/uploads\/2025\/09\/Sirinler-Cadir-2-12x12.png 12w, https:\/\/cagames.com.tr\/wp-content\/uploads\/2025\/09\/Sirinler-Cadir-2-370x370.png 370w, https:\/\/cagames.com.tr\/wp-content\/uploads\/2025\/09\/Sirinler-Cadir-2-90x90.png 90w\" sizes=\"(max-width: 701px) 100vw, 701px\" \/><\/figure><div class=\"elementor-image-box-content\"><h3 class=\"elementor-image-box-title\">\u015eirinler Oyun \u00c7ad\u0131r\u0131 2<\/h3><p class=\"elementor-image-box-description\">CA.2200<\/p><\/div><\/div>\t\t\t\t<\/div>\n\t\t\t\t<\/div>\n\t\t\t\t\t<\/div>\n\t\t<\/div>\n\t\t\t\t\t<\/div>\n\t\t<\/section>\n\t\t\t\t<\/div>","protected":false},"excerpt":{"rendered":"<p>Kral \u015eakir Oyun \u00c7ad\u0131r\u0131 1 CA.2100 Kral \u015eakir Oyun \u00c7ad\u0131r\u0131 2 CA.2100 \u015eirinler Oyun \u00c7ad\u0131r\u0131 1 CA.2200 \u015eirinler Oyun \u00c7ad\u0131r\u0131 2 CA.2200<\/p>","protected":false},"author":990002,"featured_media":0,"parent":0,"menu_order":0,"comment_status":"closed","ping_status":"closed","template":"","meta":{"footnotes":""},"class_list":["post-9872","page","type-page","status-publish","hentry"],"_links":{"self":[{"href":"https:\/\/cagames.com.tr\/en\/wp-json\/wp\/v2\/pages\/9872","targetHints":{"allow":["GET"]}}],"collection":[{"href":"https:\/\/cagames.com.tr\/en\/wp-json\/wp\/v2\/pages"}],"about":[{"href":"https:\/\/cagames.com.tr\/en\/wp-json\/wp\/v2\/types\/page"}],"author":[{"embeddable":true,"href":"https:\/\/cagames.com.tr\/en\/wp-json\/wp\/v2\/users\/990002"}],"replies":[{"embeddable":true,"href":"https:\/\/cagames.com.tr\/en\/wp-json\/wp\/v2\/comments?post=9872"}],"version-history":[{"count":0,"href":"https:\/\/cagames.com.tr\/en\/wp-json\/wp\/v2\/pages\/9872\/revisions"}],"wp:attachment":[{"href":"https:\/\/cagames.com.tr\/en\/wp-json\/wp\/v2\/media?parent=9872"}],"curies":[{"name":"wp","href":"https:\/\/api.w.org\/{rel}","templated":true}]}}