{"id":2351,"date":"2018-08-10T12:41:48","date_gmt":"2018-08-10T09:41:48","guid":{"rendered":"https:\/\/www.pickistanbul.com\/demo2\/?page_id=2351"},"modified":"2025-12-17T12:02:23","modified_gmt":"2025-12-17T09:02:23","slug":"lisanslarimiz","status":"publish","type":"page","link":"https:\/\/cagames.com.tr\/tr\/lisanslarimiz\/","title":{"rendered":"Lisanslar\u0131m\u0131z"},"content":{"rendered":"\t\t<div data-elementor-type=\"wp-post\" data-elementor-id=\"2351\" class=\"elementor elementor-2351\">\n\t\t\t\t\t\t<section class=\"elementor-section elementor-top-section elementor-element elementor-element-6be05bd elementor-section-stretched elementor-section-boxed elementor-section-height-default elementor-section-height-default\" data-id=\"6be05bd\" data-element_type=\"section\" data-e-type=\"section\" data-settings=\"{&quot;stretch_section&quot;:&quot;section-stretched&quot;,&quot;background_background&quot;:&quot;classic&quot;}\">\n\t\t\t\t\t\t<div class=\"elementor-container elementor-column-gap-extended\">\n\t\t\t\t\t<div class=\"elementor-column elementor-col-100 elementor-top-column elementor-element elementor-element-ea2891b\" data-id=\"ea2891b\" data-element_type=\"column\" data-e-type=\"column\" data-settings=\"{&quot;background_background&quot;:&quot;classic&quot;}\">\n\t\t\t<div class=\"elementor-widget-wrap elementor-element-populated\">\n\t\t\t\t\t\t<div class=\"elementor-element elementor-element-7fa9215 elementor-widget elementor-widget-spacer\" data-id=\"7fa9215\" data-element_type=\"widget\" data-e-type=\"widget\" data-widget_type=\"spacer.default\">\n\t\t\t\t<div class=\"elementor-widget-container\">\n\t\t\t\t\t\t\t<div class=\"elementor-spacer\">\n\t\t\t<div class=\"elementor-spacer-inner\"><\/div>\n\t\t<\/div>\n\t\t\t\t\t\t<\/div>\n\t\t\t\t<\/div>\n\t\t\t\t<div class=\"elementor-element elementor-element-d860e77 elementor-widget elementor-widget-spacer\" data-id=\"d860e77\" data-element_type=\"widget\" data-e-type=\"widget\" data-widget_type=\"spacer.default\">\n\t\t\t\t<div class=\"elementor-widget-container\">\n\t\t\t\t\t\t\t<div class=\"elementor-spacer\">\n\t\t\t<div class=\"elementor-spacer-inner\"><\/div>\n\t\t<\/div>\n\t\t\t\t\t\t<\/div>\n\t\t\t\t<\/div>\n\t\t\t\t<div class=\"elementor-element elementor-element-60450e7 elementor-widget elementor-widget-image\" data-id=\"60450e7\" data-element_type=\"widget\" data-e-type=\"widget\" data-widget_type=\"image.default\">\n\t\t\t\t<div class=\"elementor-widget-container\">\n\t\t\t\t\t\t\t\t\t\t\t\t\t\t\t<img fetchpriority=\"high\" decoding=\"async\" width=\"1185\" height=\"478\" src=\"https:\/\/cagames.com.tr\/wp-content\/uploads\/2025\/12\/Lisanslarimiz.png\" class=\"attachment-full size-full wp-image-10299\" alt=\"\" srcset=\"https:\/\/cagames.com.tr\/wp-content\/uploads\/2025\/12\/Lisanslarimiz.png 1185w, https:\/\/cagames.com.tr\/wp-content\/uploads\/2025\/12\/Lisanslarimiz-300x121.png 300w, https:\/\/cagames.com.tr\/wp-content\/uploads\/2025\/12\/Lisanslarimiz-1024x413.png 1024w, https:\/\/cagames.com.tr\/wp-content\/uploads\/2025\/12\/Lisanslarimiz-768x310.png 768w, https:\/\/cagames.com.tr\/wp-content\/uploads\/2025\/12\/Lisanslarimiz-18x7.png 18w, https:\/\/cagames.com.tr\/wp-content\/uploads\/2025\/12\/Lisanslarimiz-370x149.png 370w, https:\/\/cagames.com.tr\/wp-content\/uploads\/2025\/12\/Lisanslarimiz-760x307.png 760w\" sizes=\"(max-width: 1185px) 100vw, 1185px\" \/>\t\t\t\t\t\t\t\t\t\t\t\t\t\t\t<\/div>\n\t\t\t\t<\/div>\n\t\t\t\t\t<\/div>\n\t\t<\/div>\n\t\t\t\t\t<\/div>\n\t\t<\/section>\n\t\t\t\t<section class=\"elementor-section elementor-top-section elementor-element elementor-element-c61d633 elementor-section-stretched scheme_dark elementor-section-boxed elementor-section-height-default elementor-section-height-default\" data-id=\"c61d633\" data-element_type=\"section\" data-e-type=\"section\" data-settings=\"{&quot;stretch_section&quot;:&quot;section-stretched&quot;,&quot;background_background&quot;:&quot;classic&quot;}\">\n\t\t\t\t\t\t<div class=\"elementor-container elementor-column-gap-extended\">\n\t\t\t\t\t<div class=\"elementor-column elementor-col-100 elementor-top-column elementor-element elementor-element-a34de12\" data-id=\"a34de12\" data-element_type=\"column\" data-e-type=\"column\">\n\t\t\t<div class=\"elementor-widget-wrap elementor-element-populated\">\n\t\t\t\t\t\t<section class=\"elementor-section elementor-inner-section elementor-element elementor-element-0ca5f61 elementor-section-boxed elementor-section-height-default elementor-section-height-default\" data-id=\"0ca5f61\" data-element_type=\"section\" data-e-type=\"section\">\n\t\t\t\t\t\t<div class=\"elementor-container elementor-column-gap-extended\">\n\t\t\t\t\t<div class=\"elementor-column elementor-col-50 elementor-inner-column elementor-element elementor-element-4404d1d\" data-id=\"4404d1d\" data-element_type=\"column\" data-e-type=\"column\">\n\t\t\t<div class=\"elementor-widget-wrap\">\n\t\t\t\t\t\t\t<\/div>\n\t\t<\/div>\n\t\t\t\t<div class=\"elementor-column elementor-col-50 elementor-inner-column elementor-element elementor-element-6bbb704\" data-id=\"6bbb704\" data-element_type=\"column\" data-e-type=\"column\">\n\t\t\t<div class=\"elementor-widget-wrap elementor-element-populated\">\n\t\t\t\t\t\t<div class=\"elementor-element elementor-element-fde4f93 elementor-widget elementor-widget-text-editor\" data-id=\"fde4f93\" data-element_type=\"widget\" data-e-type=\"widget\" data-widget_type=\"text-editor.default\">\n\t\t\t\t<div class=\"elementor-widget-container\">\n\t\t\t\t\t\t\t\t\t<p>\u00dcr\u00fcnlerimizin g\u00f6rsel ve kavramsal tasar\u0131mlar\u0131n\u0131 uzman ekiplerimizle birlikte, \u00e7ocuk ve yeti\u015fkinleri ayn\u0131 heyecanda bulu\u015fturacak \u015fekilde haz\u0131rl\u0131yoruz.\u00a0 \u00dcr\u00fcnlerimizin alt yap\u0131s\u0131 e\u011flence ile birlikte, sosyalle\u015fme, zihinsel geli\u015fime ve \u00f6\u011frenmeye katk\u0131 sa\u011flayabilecek \u015fekilde olu\u015fturuluyor.\u00a0<\/p>\t\t\t\t\t\t\t\t<\/div>\n\t\t\t\t<\/div>\n\t\t\t\t\t<\/div>\n\t\t<\/div>\n\t\t\t\t\t<\/div>\n\t\t<\/section>\n\t\t\t\t<div class=\"elementor-element elementor-element-cd07269 elementor-widget elementor-widget-spacer\" data-id=\"cd07269\" data-element_type=\"widget\" data-e-type=\"widget\" data-widget_type=\"spacer.default\">\n\t\t\t\t<div class=\"elementor-widget-container\">\n\t\t\t\t\t\t\t<div class=\"elementor-spacer\">\n\t\t\t<div class=\"elementor-spacer-inner\"><\/div>\n\t\t<\/div>\n\t\t\t\t\t\t<\/div>\n\t\t\t\t<\/div>\n\t\t\t\t<section class=\"elementor-section elementor-inner-section elementor-element elementor-element-045b8df elementor-section-boxed elementor-section-height-default elementor-section-height-default\" data-id=\"045b8df\" data-element_type=\"section\" data-e-type=\"section\">\n\t\t\t\t\t\t<div class=\"elementor-container elementor-column-gap-extended\">\n\t\t\t\t\t<div class=\"elementor-column elementor-col-50 elementor-inner-column elementor-element elementor-element-d506b43\" data-id=\"d506b43\" data-element_type=\"column\" data-e-type=\"column\">\n\t\t\t<div class=\"elementor-widget-wrap elementor-element-populated\">\n\t\t\t\t\t\t<div class=\"elementor-element elementor-element-7836a35 elementor-widget elementor-widget-text-editor\" data-id=\"7836a35\" data-element_type=\"widget\" data-e-type=\"widget\" data-widget_type=\"text-editor.default\">\n\t\t\t\t<div class=\"elementor-widget-container\">\n\t\t\t\t\t\t\t\t\t<ul><li>\u00c7ocuklar\u0131n en etkili ve e\u011flenceli \u015fekilde \u00f6\u011frenmelerini sa\u011flaman\u0131n yolu oyundur.<\/li><li>Puzzle; \u00e7ocuklar\u0131n alg\u0131lama, karar verme, deneme &#8211; yan\u0131lma ve ba\u015farma duygular\u0131n\u0131n geli\u015fiminde katk\u0131 sa\u011flar.<\/li><li>Memory kutu oyunlar\u0131 \u00e7ocuklar\u0131n bili\u015fsel, sosyal ve duygusal geli\u015fimlerine katk\u0131 sa\u011flayan e\u011flenceli bir oyundur.<\/li><\/ul>\t\t\t\t\t\t\t\t<\/div>\n\t\t\t\t<\/div>\n\t\t\t\t\t<\/div>\n\t\t<\/div>\n\t\t\t\t<div class=\"elementor-column elementor-col-50 elementor-inner-column elementor-element elementor-element-189fa76\" data-id=\"189fa76\" data-element_type=\"column\" data-e-type=\"column\">\n\t\t\t<div class=\"elementor-widget-wrap elementor-element-populated\">\n\t\t\t\t\t\t<div class=\"elementor-element elementor-element-07c1cec elementor-widget elementor-widget-text-editor\" data-id=\"07c1cec\" data-element_type=\"widget\" data-e-type=\"widget\" data-widget_type=\"text-editor.default\">\n\t\t\t\t<div class=\"elementor-widget-container\">\n\t\t\t\t\t\t\t\t\t<ul class=\"list-check\"><li>Ba\u011flant\u0131 kurma kartlar\u0131; \u00e7ocuklar\u0131n do\u011fru g\u00f6zlemleme, kar\u015f\u0131la\u015ft\u0131rma ve e\u015fle\u015ftirme yeteneklerini geli\u015ftirir.<\/li><li>\u0130ngilizce e\u015fle\u015ftirme kartlar\u0131; \u00e7ocuklar\u0131n g\u00f6rsel haf\u0131zalar\u0131n\u0131, dikkat ve hat\u0131rlama becerilerini geli\u015ftirir.<\/li><li>Z\u0131t kavramlar oyun kartlar\u0131; \u00e7ocuklar\u0131n \u00f6zellikle muhakeme ve idrak yeteneklerinin geli\u015fmesine katk\u0131da bulunur.<\/li><\/ul>\t\t\t\t\t\t\t\t<\/div>\n\t\t\t\t<\/div>\n\t\t\t\t\t<\/div>\n\t\t<\/div>\n\t\t\t\t\t<\/div>\n\t\t<\/section>\n\t\t\t\t\t<\/div>\n\t\t<\/div>\n\t\t\t\t\t<\/div>\n\t\t<\/section>\n\t\t\t\t<\/div>\n\t\t","protected":false},"excerpt":{"rendered":"<p>\u00dcr\u00fcnlerimizin g\u00f6rsel ve kavramsal tasar\u0131mlar\u0131n\u0131 uzman ekiplerimizle birlikte, \u00e7ocuk ve yeti\u015fkinleri ayn\u0131 heyecanda bulu\u015fturacak \u015fekilde haz\u0131rl\u0131yoruz.\u00a0 \u00dcr\u00fcnlerimizin alt yap\u0131s\u0131 e\u011flence ile birlikte, sosyalle\u015fme, zihinsel geli\u015fime ve \u00f6\u011frenmeye katk\u0131 sa\u011flayabilecek \u015fekilde olu\u015fturuluyor.\u00a0 \u00c7ocuklar\u0131n&hellip;<\/p>\n","protected":false},"author":1,"featured_media":0,"parent":0,"menu_order":0,"comment_status":"closed","ping_status":"closed","template":"","meta":{"footnotes":""},"class_list":["post-2351","page","type-page","status-publish","hentry"],"_links":{"self":[{"href":"https:\/\/cagames.com.tr\/tr\/wp-json\/wp\/v2\/pages\/2351","targetHints":{"allow":["GET"]}}],"collection":[{"href":"https:\/\/cagames.com.tr\/tr\/wp-json\/wp\/v2\/pages"}],"about":[{"href":"https:\/\/cagames.com.tr\/tr\/wp-json\/wp\/v2\/types\/page"}],"author":[{"embeddable":true,"href":"https:\/\/cagames.com.tr\/tr\/wp-json\/wp\/v2\/users\/1"}],"replies":[{"embeddable":true,"href":"https:\/\/cagames.com.tr\/tr\/wp-json\/wp\/v2\/comments?post=2351"}],"version-history":[{"count":36,"href":"https:\/\/cagames.com.tr\/tr\/wp-json\/wp\/v2\/pages\/2351\/revisions"}],"predecessor-version":[{"id":10302,"href":"https:\/\/cagames.com.tr\/tr\/wp-json\/wp\/v2\/pages\/2351\/revisions\/10302"}],"wp:attachment":[{"href":"https:\/\/cagames.com.tr\/tr\/wp-json\/wp\/v2\/media?parent=2351"}],"curies":[{"name":"wp","href":"https:\/\/api.w.org\/{rel}","templated":true}]}}