{"id":2418,"date":"2018-08-10T12:41:48","date_gmt":"2018-08-10T09:41:48","guid":{"rendered":"https:\/\/www.pickistanbul.com\/demo2\/?page_id=2418"},"modified":"2022-07-03T18:28:09","modified_gmt":"2022-07-03T15:28:09","slug":"sikca-sorulan-sorular","status":"publish","type":"page","link":"https:\/\/cagames.com.tr\/tr\/sikca-sorulan-sorular\/","title":{"rendered":"S.S.S"},"content":{"rendered":"\t\t<div data-elementor-type=\"wp-post\" data-elementor-id=\"2418\" class=\"elementor elementor-2418\">\n\t\t\t\t\t\t<section class=\"elementor-section elementor-top-section elementor-element elementor-element-617219c elementor-section-boxed elementor-section-height-default elementor-section-height-default\" data-id=\"617219c\" data-element_type=\"section\" data-e-type=\"section\">\n\t\t\t\t\t\t<div class=\"elementor-container elementor-column-gap-extended\">\n\t\t\t\t\t<div class=\"elementor-column elementor-col-100 elementor-top-column elementor-element elementor-element-51097a54\" data-id=\"51097a54\" data-element_type=\"column\" data-e-type=\"column\">\n\t\t\t<div class=\"elementor-widget-wrap elementor-element-populated\">\n\t\t\t\t\t\t<div class=\"elementor-element elementor-element-a24dabb elementor-widget elementor-widget-spacer\" data-id=\"a24dabb\" data-element_type=\"widget\" data-e-type=\"widget\" data-widget_type=\"spacer.default\">\n\t\t\t\t<div class=\"elementor-widget-container\">\n\t\t\t\t\t\t\t<div class=\"elementor-spacer\">\n\t\t\t<div class=\"elementor-spacer-inner\"><\/div>\n\t\t<\/div>\n\t\t\t\t\t\t<\/div>\n\t\t\t\t<\/div>\n\t\t\t\t<div class=\"elementor-element elementor-element-90ef0b3 elementor-widget elementor-widget-heading\" data-id=\"90ef0b3\" data-element_type=\"widget\" data-e-type=\"widget\" data-widget_type=\"heading.default\">\n\t\t\t\t<div class=\"elementor-widget-container\">\n\t\t\t\t\t<h2 class=\"elementor-heading-title elementor-size-default\">S\u0131k\u00e7a Sorulan Sorular<\/h2>\t\t\t\t<\/div>\n\t\t\t\t<\/div>\n\t\t\t\t<div class=\"elementor-element elementor-element-68c8190 elementor-widget elementor-widget-spacer\" data-id=\"68c8190\" data-element_type=\"widget\" data-e-type=\"widget\" data-widget_type=\"spacer.default\">\n\t\t\t\t<div class=\"elementor-widget-container\">\n\t\t\t\t\t\t\t<div class=\"elementor-spacer\">\n\t\t\t<div class=\"elementor-spacer-inner\"><\/div>\n\t\t<\/div>\n\t\t\t\t\t\t<\/div>\n\t\t\t\t<\/div>\n\t\t\t\t\t<\/div>\n\t\t<\/div>\n\t\t\t\t\t<\/div>\n\t\t<\/section>\n\t\t\t\t<section class=\"elementor-section elementor-top-section elementor-element elementor-element-a285a91 elementor-section-boxed elementor-section-height-default elementor-section-height-default\" data-id=\"a285a91\" data-element_type=\"section\" data-e-type=\"section\">\n\t\t\t\t\t\t<div class=\"elementor-container elementor-column-gap-extended\">\n\t\t\t\t\t<div class=\"elementor-column elementor-col-100 elementor-top-column elementor-element elementor-element-4e9f489\" data-id=\"4e9f489\" data-element_type=\"column\" data-e-type=\"column\">\n\t\t\t<div class=\"elementor-widget-wrap elementor-element-populated\">\n\t\t\t\t\t\t<div class=\"elementor-element elementor-element-3f7ef80 elementor-widget elementor-widget-toggle\" data-id=\"3f7ef80\" data-element_type=\"widget\" data-e-type=\"widget\" data-widget_type=\"toggle.default\">\n\t\t\t\t<div class=\"elementor-widget-container\">\n\t\t\t\t\t\t\t<div class=\"elementor-toggle\">\n\t\t\t\t\t\t\t<div class=\"elementor-toggle-item\">\n\t\t\t\t\t<div id=\"elementor-tab-title-6651\" class=\"elementor-tab-title\" data-tab=\"1\" role=\"button\" aria-controls=\"elementor-tab-content-6651\" aria-expanded=\"false\">\n\t\t\t\t\t\t\t\t\t\t\t\t<a class=\"elementor-toggle-title\" tabindex=\"0\">PUZZLE FAYDALARI NELERD\u0130R?<\/a>\n\t\t\t\t\t<\/div>\n\n\t\t\t\t\t<div id=\"elementor-tab-content-6651\" class=\"elementor-tab-content elementor-clearfix\" data-tab=\"1\" role=\"region\" aria-labelledby=\"elementor-tab-title-6651\"><p>\u00d6zellikle yapbozlar, \u00e7ocuklar\u0131n zihinsel, fiziksel, sosyal ve duygusal geli\u015fimi i\u00e7in olduk\u00e7a \u00f6nemli bir aktivitedir.<\/p><p>Yapboz; yap\u0131lma a\u015famas\u0131nda kar\u0131\u015f\u0131k, anlams\u0131z ve birbirinden ba\u011f\u0131ms\u0131z gibi duran par\u00e7alar\u0131n bir araya getirilip, b\u00fct\u00fcnl\u00fck olu\u015fturmas\u0131 \u015feklinde tan\u0131mlanabilir. Bu b\u00fct\u00fcnl\u00fc\u011f\u00fc olu\u015fturma i\u015flemi zihinsel beceri gerektiren bir durumdur. Yapboz bu y\u00f6n\u00fcyle \u00e7ocuklar\u0131n zihinsel geli\u015fimine katk\u0131da bulunarak par\u00e7a-b\u00fct\u00fcn ili\u015fkisinin olu\u015fumunu sa\u011flar. Ayr\u0131ca dikkat ve alg\u0131 geli\u015fimi, \u015fekil-zemin alg\u0131s\u0131, t\u00fcme var\u0131m-t\u00fcmden gelim, muhakeme-mukayese, s\u0131n\u0131flama-s\u0131ralama, analiz-sentez, problem \u00e7\u00f6zme, alternatifleri deneme, \u00e7\u00f6z\u00fcm \u00fcretme, benzerlik-farkl\u0131l\u0131k, el g\u00f6z koordinasyonu, hareket zaman et\u00fcd\u00fc, analitik d\u00fc\u015f\u00fcnme, ak\u0131l y\u00fcr\u00fctme, b\u00fct\u00fcnle\u015ftirme-e\u015fle\u015ftirme-ard\u0131\u015f\u0131kl\u0131k becerilerinin geli\u015fmesi a\u00e7\u0131s\u0131ndan da art\u0131 kazan\u00e7lar\u0131 vard\u0131r.<\/p><p>Yapbozu yapabilmek i\u00e7in \u00e7ocu\u011fun k\u00fc\u00e7\u00fck kaslar\u0131n\u0131 \u00e7al\u0131\u015ft\u0131rmas\u0131 gerekir. Tekrarlanan egzersizler, kaslar\u0131 kuvvetli hale getirir ve o davran\u0131\u015f\u0131n peki\u015fmesine yard\u0131mc\u0131 olur ve fiziksel geli\u015fimini destekler.<\/p><p>Yapbozu tamamlamak ise \u00e7ocuk i\u00e7in b\u00fcy\u00fck bir zafer anlam\u0131na gelir ve bu ba\u015far\u0131 onun \u00f6z g\u00fcveni i\u00e7in \u00f6nemli bir katk\u0131d\u0131r. Yapbozun bu y\u00f6n\u00fcyle \u00e7ocu\u011fun duygusal geli\u015fimine katk\u0131s\u0131 da s\u00f6z konusudur.<\/p><p>Yapbozlar ayr\u0131ca merak-ke\u015fif, \u00fcretgenlik, sab\u0131r, ba\u011f\u0131ms\u0131z i\u015f yapabilme, sosyalle\u015fme, hedefe odaklanma gibi becerileri kuvvetlendirdi\u011fi i\u00e7in sosyal geli\u015fim i\u00e7inde bir hazine niteli\u011findedir.<\/p><p>\u00c7ocuklar 12-18 ay aras\u0131 \u00fc\u00e7-d\u00f6rt par\u00e7al\u0131k yapbozla oynayabilirler. Ya\u015f ilerledik\u00e7e yapbozun par\u00e7alar\u0131 da art\u0131r\u0131larak etkinli\u011fe devam edilir. Fakat dikkat edilmesi gereken konu, bu ya\u015ftaki \u00e7ocuklar\u0131n dikkat s\u00fcrelerinin k\u0131sa olmas\u0131 ve uzun dakikalar bu oyunu oynayamamalar\u0131d\u0131r. Bu sebeple iki-\u00fc\u00e7 ya\u015f\u0131na do\u011fru \u00e7ocuklar, ebeveynleri ile bu oyunu daha uzun s\u00fcre oynayabilirler. Bu ya\u015ftaki \u00e7ocuklar yap\u0131p bozmay\u0131 \u00e7ok sevdikleri i\u00e7in bu oyundan \u00e7ok keyif al\u0131rlar.<\/p><p>Sizlerde \u00e7ocuklar\u0131n\u0131zla hem e\u011flenceli vakit ge\u00e7irebilir hem de onun geli\u015fimine katk\u0131da bulunabilirsiniz. Kim bilir belki de yeti\u015fkin oldu\u011funda en zevk ald\u0131\u011f\u0131 hobilerinden biri de puzzle olur.<\/p><\/div>\n\t\t\t\t<\/div>\n\t\t\t\t\t\t\t<div class=\"elementor-toggle-item\">\n\t\t\t\t\t<div id=\"elementor-tab-title-6652\" class=\"elementor-tab-title\" data-tab=\"2\" role=\"button\" aria-controls=\"elementor-tab-content-6652\" aria-expanded=\"false\">\n\t\t\t\t\t\t\t\t\t\t\t\t<a class=\"elementor-toggle-title\" tabindex=\"0\">SATRAN\u00c7IN FAYDALARI NELERD\u0130R?<\/a>\n\t\t\t\t\t<\/div>\n\n\t\t\t\t\t<div id=\"elementor-tab-content-6652\" class=\"elementor-tab-content elementor-clearfix\" data-tab=\"2\" role=\"region\" aria-labelledby=\"elementor-tab-title-6652\"><p>\u2013 K\u00f6t\u00fc al\u0131\u015fkanl\u0131klar edinilmesine engel olur.<\/p><p>\u00a0\u2013 Planl\u0131 hareket etmenin \u00f6nemini ve gereklili\u011fini kavrat\u0131r.<\/p><p>\u00a0-S\u00fcratli, do\u011fru \u00a0ve \u00e7abuk d\u00fc\u015f\u00fcnebilmeye yard\u0131mc\u0131 olur, olaylara do\u011fru yorumlarla yakla\u015fabilme yeteneklerini geli\u015ftirir.<\/p><p>\u00a0\u2013 Ki\u015fili\u011fi ve karekteri olumlu y\u00f6nde etkiler ve geli\u015ftirir.<\/p><p>\u00a0-\u201cKendine g\u00fcven\u201d duygusu a\u015f\u0131lar ve bunu geli\u015ftirir.<\/p><p>\u00a0\u2013 Kendi g\u00fc\u00e7 ve yeteneklerini daha iyi tan\u0131yarak,\u00a0\u00a0bireysel g\u00fc\u00e7 ve yetenekleri a\u00e7\u0131\u011fa \u00e7\u0131karmaya ve bireysel do\u011fru kararlar alabilmeye yard\u0131mc\u0131 olur.<\/p><p>\u00a0\u2013 Dikkatini tek konu \u00fczerinde yo\u011funla\u015ft\u0131rabilme al\u0131\u015fkanl\u0131\u011f\u0131 kazand\u0131r\u0131r.<\/p><p>\u00a0-Di\u011fer ders konular\u0131n\u0131n daha iyi anla\u015f\u0131l\u0131p kavramas\u0131na\u00a0\u00a0yard\u0131mc\u0131 olur.\u00a0Bilimselli\u011fi \u00f6n plana alarak ara\u015ft\u0131rmalar yapmaya y\u00f6nlendirir.<\/p><p>\u00a0\u2013 Konulara kar\u015f\u0131 \u015f\u00fcpheci yakla\u015f\u0131m\u0131 benimsetir, onlar\u0131 ezberci zihniyetten ar\u0131nd\u0131r\u0131r.<\/p><p>\u00a0\u2013 Ki\u015fileri d\u00fc\u015f\u00fcnen, ara\u015ft\u0131ran, yarg\u0131layan varl\u0131klar haline getirir ve \u00a0yarat\u0131c\u0131l\u0131klar\u0131nda \u00f6zg\u00fcr b\u0131rakan bir ortam haz\u0131rlar.<\/p><p>\u00a0\u2013 Ba\u015far\u0131ya ancak ve ancak sistemli ve disiplinli bir \u00e7al\u0131\u015fmayla var\u0131labilece\u011fini g\u00f6sterir.<\/p><p>\u00a0\u2013 M\u00fccadeleci bir ruh yap\u0131s\u0131na sahip olman\u0131n gereklili\u011fini benimsetir.<\/p><p>\u00a0\u2013 Ba\u015far\u0131s\u0131zl\u0131klar kar\u015f\u0131s\u0131nda y\u0131lmamay\u0131, ba\u015far\u0131 i\u00e7in daha da \u00e7ok \u00e7al\u0131\u015fman\u0131n gerekli oldu\u011funu \u00f6\u011fretir.<\/p><p>\u00a0\u2013 Ba\u015far\u0131lardan b\u00fcy\u00fck hazlar duyarak daha da ba\u015far\u0131l\u0131 olmaya y\u00f6nlendirir.<\/p><p>\u00a0\u2013 Yepyeni hedefler g\u00f6stererek bu yeni hedefler do\u011frultusunda motivasyon sa\u011flar.<\/p><p>\u00a0\u2013 Ki\u015filerin olumsuz bir y\u00f6n\u00fcn\u00fc, eksikli\u011fini, veya bir davran\u0131\u015f bozuklu\u011funu h\u0131zl\u0131ca ortaya \u00e7\u0131kar\u0131r.<\/p><p>\u00a0\u2013 Kurallara uymay\u0131, dost\u00e7a oynamay\u0131, kaybetmeyi kabullenmeyi, kazanan\u0131 kutlamay\u0131 \u00f6\u011fretir.<\/p><p>\u00a0\u2013 Yak\u0131n dostluklar kurup daha \u00e7ok sosyalle\u015fmeye ve sosyal ya\u015fam\u0131n\u0131n zenginle\u015fmesine yard\u0131mc\u0131 olur.<\/p><p>\u00a0\u2013 Satranc\u0131n yararlar\u0131n\u0131 g\u00f6steren b\u00fct\u00fcn bu maddeler, Milli E\u011fitimin de temel ama\u00e7lar\u0131ndand\u0131r, T\u00fcrk Milli\u00a0 E\u011fitimi\u2019nin\u00a0\u00a0\u00f6\u011frenciler taraf\u0131ndan kazan\u0131lmas\u0131n\u0131 istedi\u011fi temel davran\u0131\u015flard\u0131r. Bu kadar pozitif etkisi olan bir ara\u00e7 kesinlikle bir \u2018E\u011e\u0130T\u0130M ARACI\u2019d\u0131r. Yery\u00fcz\u00fcnde ba\u015fka hi\u00e7bir ara\u00e7, bu kadar olumlu davran\u0131\u015flar\u0131n hepsini birden bireylere kazand\u0131ramaz!<\/p><p>\u00d6yleyse, \u00e7ocuklar\u0131m\u0131z\u0131n olabildi\u011fince k\u00fc\u00e7\u00fck ya\u015ftan ba\u015flayarak \u2018Ki\u015filik geli\u015fiminde satranc\u0131n pozitif etkilerinden yararlanma\u2019 ama\u00e7lanmal\u0131, \u00e7ocuklar\u0131m\u0131z\u0131n olumlu davran\u0131\u015flar sergilemelerini sa\u011flamaya \u00e7al\u0131\u015fmal\u0131\u00a0\u00a0bu ama\u00e7\u00a0\u00a0bir\u00a0 \u2018g\u00f6rev\u2019 olarak benimsenmelidir.<\/p><\/div>\n\t\t\t\t<\/div>\n\t\t\t\t\t\t\t<div class=\"elementor-toggle-item\">\n\t\t\t\t\t<div id=\"elementor-tab-title-6653\" class=\"elementor-tab-title\" data-tab=\"3\" role=\"button\" aria-controls=\"elementor-tab-content-6653\" aria-expanded=\"false\">\n\t\t\t\t\t\t\t\t\t\t\t\t<a class=\"elementor-toggle-title\" tabindex=\"0\">AH\u015eAP OYUNCAKLARIN FAYDALARI NELERD\u0130R?<\/a>\n\t\t\t\t\t<\/div>\n\n\t\t\t\t\t<div id=\"elementor-tab-content-6653\" class=\"elementor-tab-content elementor-clearfix\" data-tab=\"3\" role=\"region\" aria-labelledby=\"elementor-tab-title-6653\"><p>\u00c7ocu\u011funuza Ah\u015fap Oyuncak Kulland\u0131rman\u0131n Faydalar\u0131<\/p><p>\u00c7ocuklar\u0131n geli\u015fmesinde b\u00fcy\u00fck bir \u00f6nem kazanan oyuncaklar\u0131n se\u00e7imi \u00f6zenle yap\u0131lmal\u0131d\u0131r. Yabanc\u0131 \u00fclkelerden \u00fcretilen bir\u00e7ok zararl\u0131 maddelerin i\u00e7inde bar\u0131nd\u0131ran plastik oyuncaklar\u0131n sat\u0131n alarak \u00e7ocu\u011funuzun sa\u011fl\u0131\u011f\u0131n\u0131z\u0131 riske atmamak istiyorsan\u0131z onlara hi\u00e7bir zararl\u0131 maddenin bulunmad\u0131\u011f\u0131 ah\u015fap oyuncaklar\u0131 sat\u0131n al\u0131n\u0131z. \u015eu hayatta en \u00e7ok de\u011fer verdi\u011fimiz varl\u0131k olan \u00e7ocuklar\u0131m\u0131z\u0131n sa\u011fl\u0131\u011f\u0131n\u0131 ve geli\u015fimini olumsuz y\u00f6nden etkilemek istemiyorsan\u0131z plastik oyuncaklardan uzak ah\u015fap oyuncaklara yak\u0131n olmal\u0131s\u0131n\u0131z. Ah\u015fap oyuncaklar\u0131n faydalar\u0131 nelerdir diye kafan\u0131zda soru i\u015faretleri var ise i\u015fte Ah\u015fap oyuncaklar\u0131n faydalar\u0131;<\/p><p>Ah\u015fap oyuncaklar tamamiyle el yap\u0131m\u0131 oldu\u011fundan plastik oyuncaklardaki gibi hi\u00e7bir zararl\u0131 madde i\u00e7ermemektedir.<br \/>Ah\u015fap oyuncaklarda hi\u00e7bir \u015fekilde kanserojen bir madde bulunmamaktad\u0131r.<br \/>Ah\u015fap oyuncaklar hijyenik bak\u0131m\u0131ndan olduk\u00e7a temizdir ve plastik oyuncaklara g\u00f6re bakteri bulundurmaz.<br \/>\u00c7ocuklar\u0131m\u0131z ah\u015fap oyuncaklarla oynad\u0131\u011f\u0131nda yani ah\u015fap oyunca\u011fa dokundu\u011funda \u0131s\u0131s\u0131n\u0131 ve dokusunu alg\u0131lar.<br \/>Ah\u015fap oyunca\u011f\u0131n ham maddesi a\u011fa\u00e7 oldu\u011fundan \u00e7ocuk a\u011fa\u00e7 ve do\u011fa ile bir ba\u011f kurar.<br \/>Ah\u015fap oyuncaklar \u00e7ocu\u011funuza do\u011fa sevgisini kazand\u0131r\u0131r.<br \/>Ah\u015fap oyuncaklar \u00e7ocu\u011fun hayal g\u00fcc\u00fcn\u00fcn de geli\u015fmesine yard\u0131mc\u0131 olur.<br \/>Ah\u015fap oyuncaklar plastik oyuncaklara g\u00f6re daha sa\u011flam ve daha uzun \u00f6m\u00fcrl\u00fcd\u00fcr.<\/p><p>Sizlerde b\u00f6yle faydal\u0131 oyuncaklar\u0131 \u00e7ocuklar\u0131n\u0131za alarak onlar\u0131n sa\u011fl\u0131kl\u0131 bir \u015fekilde geli\u015fmesini sa\u011flayabilirsiniz.<\/p><\/div>\n\t\t\t\t<\/div>\n\t\t\t\t\t\t\t<div class=\"elementor-toggle-item\">\n\t\t\t\t\t<div id=\"elementor-tab-title-6654\" class=\"elementor-tab-title\" data-tab=\"4\" role=\"button\" aria-controls=\"elementor-tab-content-6654\" aria-expanded=\"false\">\n\t\t\t\t\t\t\t\t\t\t\t\t<a class=\"elementor-toggle-title\" tabindex=\"0\">A\u0130LECE OYUN OYNAMANIN FAYDALARI NELERD\u0130R?<\/a>\n\t\t\t\t\t<\/div>\n\n\t\t\t\t\t<div id=\"elementor-tab-content-6654\" class=\"elementor-tab-content elementor-clearfix\" data-tab=\"4\" role=\"region\" aria-labelledby=\"elementor-tab-title-6654\"><p>\u00d6zellikle ailece oynand\u0131\u011f\u0131nda masa oyunlar\u0131n\u0131n faydalar\u0131n\u0131 saymakla bitmez. Umuyoruz a\u015fa\u011f\u0131daki liste sizi ge\u00e7mi\u015f an\u0131lar\u0131n\u0131za geri g\u00f6t\u00fcrecektir. E\u011fer oynarken siz de oyundan keyif al\u0131yorsan\u0131z, \u00e7ocuklar bunun fark\u0131na var\u0131r. E\u011fer siz e\u011fleniyorsan\u0131z onlar da e\u011flenir.<\/p><p>\u00c7ocuklar\u0131n\u0131zla masa oyunlar\u0131 oynay\u0131n \u00e7\u00fcnk\u00fc bu aile ba\u011flar\u0131n\u0131 g\u00fc\u00e7lendirir. \u0130ster yeni bir oyun \u00f6\u011frenin ister eski bir oyunu oynay\u0131n, \u00e7ocuklar\u0131n\u0131z\u0131 sizinle oyun oynarken ge\u00e7irdikleri mutlu zaman\u0131 hep hat\u0131rlayacakt\u0131r.<br \/>\u0130\u015f hayat\u0131n\u0131n yo\u011funlu\u011fundan \u00f6t\u00fcr\u00fc aileyi ihmal etmek \u2013 ve hayat\u0131n en b\u00fcy\u00fck e\u011flencelerinden birini ka\u00e7\u0131rmak \u2013 \u00e7ok kolayd\u0131r. Birlikte oyun oynamak \u00e7o\u011fu kez birbirinizle konu\u015fman\u0131z\u0131 gerektirir. Ve bu b\u00fcy\u00fck bir art\u0131d\u0131r!<br \/>Birlikte masa oyunlar\u0131 oynay\u0131n \u00e7\u00fcnk\u00fc bu e\u011flencelidir. Disiplini biraz gev\u015fetin ve \u00e7ocuklar\u0131n e\u011flencesine kat\u0131l\u0131n!<br \/>Masa oyunlar\u0131 oynamak \u00e7ocuklara g\u00fcvenli bir ortamda kazanman\u0131n keyfini ve kaybetmenin h\u00fczn\u00fcn\u00fc ya\u015fama imkan\u0131 verir. Hem kazanmay\u0131 hem de kaybetmeyi \u00f6\u011frenirler. Ve bunu oyunu kazanan ve kaybeden karde\u015fleri ve ebeveynleri ile birlikte \u00f6\u011frenirler. Hi\u00e7 kimse sinirli bir kaybedeni ve kendini be\u011fenmi\u015f bir kazanan\u0131 sevmez. Bu t\u00fcr oyunlar i\u00e7in yer hi\u00e7bir zaman sorun olmaz. \u00c7o\u011fu durumda mutfak masas\u0131 bu t\u00fcr oyunlar i\u00e7in gerekli alan\u0131 sa\u011flar.<br \/>Yeni bir oyun \u00f6\u011frenirken, \u00e7ocuklar ilk olarak talimatlar\u0131 okuman\u0131n de\u011ferini kavrar. Kurallar kesindir ve \u00e7ocuklar sadece bunlar\u0131 \u00f6\u011frenmekle kalmaz ayr\u0131ca ilerleyen zamanlarda yeniden g\u00f6z atarlar.Sizin unuttu\u011funuz kurallar\u0131 daha sonra \u015fiddetle hat\u0131rlar.<br \/>Aile ile masa oyunlar\u0131 oynamak \u00e7ocuklar\u0131 di\u011fer \u00e7ocuklarla masa oyunlar\u0131 oynama konusunda da te\u015fvik eder.<br \/>Oyunlar e\u011fiticidir \u2013 zihnimizi uyan\u0131k tutmam\u0131za yard\u0131mc\u0131 olur. Gen\u00e7 ya da ya\u015fl\u0131 herkes konsantrasyon ve d\u00fc\u015f\u00fcnme becerilerini geli\u015ftirir.<br \/>\u00c7ift olarak masa oyunlar\u0131 oynaman\u0131n \u00f6nemini unutmay\u0131n. Televizyonu kapat\u0131n ve birlikte Q-B\u0130TZ oynay\u0131n! \u0130leti\u015fiminiz ve ili\u015fkinizde g\u00f6rece\u011finiz geli\u015fmeler sizi \u015fa\u015f\u0131rtacakt\u0131r.<br \/>\u00c7ocuklarda oyun<br \/>oynamak zeka geli\u015fimini etkiler.<\/p><p>\u00dcr\u00fcnlerimizin g\u00f6rsel ve kavramsal tasar\u0131mlar\u0131n\u0131 uzman ekiplerimizle birlikte, \u00e7ocuk ve yeti\u015fkinleri ayn\u0131 heyecanda bulu\u015fturacak \u015fekilde haz\u0131rl\u0131yoruz.\u00a0 \u00dcr\u00fcnlerimizin alt yap\u0131s\u0131 e\u011flence ile birlikte, sosyalle\u015fme, zihinsel geli\u015fime ve \u00f6\u011frenmeye katk\u0131 sa\u011flayabilecek \u015fekilde olu\u015fturuluyor.\u00a0<\/p><p>\u00c7ocuklar\u0131n i\u00e7in en etkili ve e\u011flenceli \u00f6\u011frenmesini sa\u011flaman\u0131n yolu \u2018oyun\u2019dur.<br \/>Puzzle; \u00e7ocuklar\u0131n alg\u0131lama, karar verme, deneme &#8211; yan\u0131lma ve ba\u015farma duygular\u0131n\u0131n geli\u015fiminde katk\u0131 sa\u011flar.<br \/>Ba\u011flant\u0131 kurma kartlar\u0131; \u00e7ocuklar\u0131n do\u011fru g\u00f6zlemleme, kar\u015f\u0131la\u015ft\u0131rma ve e\u015fle\u015ftirme yeteneklerini geli\u015ftirir.<br \/>Ba\u011flant\u0131 kurma kartlar\u0131; \u00e7ocuklar\u0131n do\u011fru g\u00f6zlemleme, kar\u015f\u0131la\u015ft\u0131rma ve e\u015fle\u015ftirme yeteneklerini geli\u015ftirir.<br \/>\u0130ngilizce e\u015fle\u015ftirme kartlar\u0131; \u00e7ocuklar\u0131n g\u00f6rsel haf\u0131zalar\u0131n\u0131, dikkat ve hat\u0131rlama becerilerini geli\u015ftirir.<br \/>Z\u0131t kavramlar oyun kartlar\u0131; \u00e7ocuklar\u0131n \u00f6zellikle muhakeme ve idrak yeteneklerinin geli\u015fmesine katk\u0131da bulunur.<\/p><\/div>\n\t\t\t\t<\/div>\n\t\t\t\t\t\t\t\t<\/div>\n\t\t\t\t\t\t<\/div>\n\t\t\t\t<\/div>\n\t\t\t\t<div class=\"elementor-element elementor-element-6eca21b elementor-widget elementor-widget-spacer\" data-id=\"6eca21b\" data-element_type=\"widget\" data-e-type=\"widget\" data-widget_type=\"spacer.default\">\n\t\t\t\t<div class=\"elementor-widget-container\">\n\t\t\t\t\t\t\t<div class=\"elementor-spacer\">\n\t\t\t<div class=\"elementor-spacer-inner\"><\/div>\n\t\t<\/div>\n\t\t\t\t\t\t<\/div>\n\t\t\t\t<\/div>\n\t\t\t\t\t<\/div>\n\t\t<\/div>\n\t\t\t\t\t<\/div>\n\t\t<\/section>\n\t\t\t\t<\/div>\n\t\t","protected":false},"excerpt":{"rendered":"<p>S\u0131k\u00e7a Sorulan Sorular PUZZLE FAYDALARI NELERD\u0130R? \u00d6zellikle yapbozlar, \u00e7ocuklar\u0131n zihinsel, fiziksel, sosyal ve duygusal geli\u015fimi i\u00e7in olduk\u00e7a \u00f6nemli bir aktivitedir. Yapboz; yap\u0131lma a\u015famas\u0131nda kar\u0131\u015f\u0131k, anlams\u0131z ve birbirinden ba\u011f\u0131ms\u0131z gibi duran par\u00e7alar\u0131n bir&hellip;<\/p>\n","protected":false},"author":1,"featured_media":0,"parent":0,"menu_order":0,"comment_status":"closed","ping_status":"closed","template":"","meta":{"footnotes":""},"class_list":["post-2418","page","type-page","status-publish","hentry"],"_links":{"self":[{"href":"https:\/\/cagames.com.tr\/tr\/wp-json\/wp\/v2\/pages\/2418","targetHints":{"allow":["GET"]}}],"collection":[{"href":"https:\/\/cagames.com.tr\/tr\/wp-json\/wp\/v2\/pages"}],"about":[{"href":"https:\/\/cagames.com.tr\/tr\/wp-json\/wp\/v2\/types\/page"}],"author":[{"embeddable":true,"href":"https:\/\/cagames.com.tr\/tr\/wp-json\/wp\/v2\/users\/1"}],"replies":[{"embeddable":true,"href":"https:\/\/cagames.com.tr\/tr\/wp-json\/wp\/v2\/comments?post=2418"}],"version-history":[{"count":12,"href":"https:\/\/cagames.com.tr\/tr\/wp-json\/wp\/v2\/pages\/2418\/revisions"}],"predecessor-version":[{"id":4946,"href":"https:\/\/cagames.com.tr\/tr\/wp-json\/wp\/v2\/pages\/2418\/revisions\/4946"}],"wp:attachment":[{"href":"https:\/\/cagames.com.tr\/tr\/wp-json\/wp\/v2\/media?parent=2418"}],"curies":[{"name":"wp","href":"https:\/\/api.w.org\/{rel}","templated":true}]}}