{"id":2582,"date":"2022-04-09T12:59:14","date_gmt":"2022-04-09T09:59:14","guid":{"rendered":"https:\/\/www.pickistanbul.com\/demo2\/?page_id=2582"},"modified":"2022-07-01T03:08:33","modified_gmt":"2022-07-01T00:08:33","slug":"wissper-boyama-kitabi-2","status":"publish","type":"page","link":"https:\/\/cagames.com.tr\/tr\/wissper-boyama-kitabi-2\/","title":{"rendered":"Wissper Boyama Kitab\u0131 2"},"content":{"rendered":"\t\t<div data-elementor-type=\"wp-post\" data-elementor-id=\"2582\" class=\"elementor elementor-2582\">\n\t\t\t\t\t\t<section class=\"elementor-section elementor-top-section elementor-element elementor-element-d90ae15 elementor-section-boxed elementor-section-height-default elementor-section-height-default\" data-id=\"d90ae15\" data-element_type=\"section\" data-e-type=\"section\">\n\t\t\t\t\t\t<div class=\"elementor-container elementor-column-gap-extended\">\n\t\t\t\t\t<div class=\"elementor-column elementor-col-50 elementor-top-column elementor-element elementor-element-5b41a5e\" data-id=\"5b41a5e\" data-element_type=\"column\" data-e-type=\"column\">\n\t\t\t<div class=\"elementor-widget-wrap elementor-element-populated\">\n\t\t\t\t\t\t<div class=\"elementor-element elementor-element-0d829b5 elementor-widget elementor-widget-image\" data-id=\"0d829b5\" data-element_type=\"widget\" data-e-type=\"widget\" data-widget_type=\"image.default\">\n\t\t\t\t<div class=\"elementor-widget-container\">\n\t\t\t\t\t\t\t\t\t\t\t\t\t\t\t<img decoding=\"async\" src=\"https:\/\/www.pickistanbul.com\/demo2\/wp-content\/uploads\/2022\/06\/CA.1018-WISSPER-BOYAMA-KI\u0307TABI-2.png\" title=\"\" alt=\"\" loading=\"lazy\" \/>\t\t\t\t\t\t\t\t\t\t\t\t\t\t\t<\/div>\n\t\t\t\t<\/div>\n\t\t\t\t\t<\/div>\n\t\t<\/div>\n\t\t\t\t<div class=\"elementor-column elementor-col-50 elementor-top-column elementor-element elementor-element-f000d6e\" data-id=\"f000d6e\" data-element_type=\"column\" data-e-type=\"column\">\n\t\t\t<div class=\"elementor-widget-wrap elementor-element-populated\">\n\t\t\t\t\t\t<div class=\"elementor-element elementor-element-ac6efb7 elementor-widget elementor-widget-heading\" data-id=\"ac6efb7\" data-element_type=\"widget\" data-e-type=\"widget\" data-widget_type=\"heading.default\">\n\t\t\t\t<div class=\"elementor-widget-container\">\n\t\t\t\t\t<h2 class=\"elementor-heading-title elementor-size-default\">Wissper Boyama Kitab\u0131 - 2<\/h2>\t\t\t\t<\/div>\n\t\t\t\t<\/div>\n\t\t\t\t<div class=\"elementor-element elementor-element-6c32083 elementor-widget elementor-widget-spacer\" data-id=\"6c32083\" data-element_type=\"widget\" data-e-type=\"widget\" data-widget_type=\"spacer.default\">\n\t\t\t\t<div class=\"elementor-widget-container\">\n\t\t\t\t\t\t\t<div class=\"elementor-spacer\">\n\t\t\t<div class=\"elementor-spacer-inner\"><\/div>\n\t\t<\/div>\n\t\t\t\t\t\t<\/div>\n\t\t\t\t<\/div>\n\t\t\t\t<div class=\"elementor-element elementor-element-5877e70 elementor-widget elementor-widget-text-editor\" data-id=\"5877e70\" data-element_type=\"widget\" data-e-type=\"widget\" data-widget_type=\"text-editor.default\">\n\t\t\t\t<div class=\"elementor-widget-container\">\n\t\t\t\t\t\t\t\t\t<p>W\u0130SSPER BOYAMA K\u0130TABI; Renklendirme ve dolay\u0131s\u0131yla boyama kitaplar\u0131 \u00e7ocuk geli\u015fiminde \u00f6nemli bir yere sahiptir ve kolayl\u0131kla bir \u00e7ocu\u011fun g\u00fcn\u00fcne dahil edilebilir. Boyama kitaplar\u0131 \u00e7ocuklara erken yazma becerileri ve do\u011fru parmak tutu\u015fu i\u00e7in konsantrasyon, ince motor ve koordinasyon gibi bir\u00e7ok beceriyi uygulama ve geli\u015ftirme f\u0131rsat\u0131 sa\u011flar. Ayn\u0131 zamanda yarat\u0131c\u0131l\u0131k, renk bilinci ve ba\u015far\u0131 duygusu geli\u015ftirme deneyimi verir.\u00c7ocu\u011fun do\u011fru kalem tutmay\u0131 \u00f6\u011frenmesi t\u00fcm okul hayat\u0131 boyunca i\u015fine yarayacakt\u0131r. \u00c7ocuklar\u0131n ka\u011f\u0131t \u00fczerinde bir kalemle i\u015flem yapmak i\u00e7in el g\u00fcc\u00fcne ve el becerisine ihtiya\u00e7lar\u0131 vard\u0131r. Boya kalemlerini do\u011fru \u015fekilde tutmak, boya kalemlerini keskinle\u015ftirmek ve hangi rengi kullanaca\u011f\u0131n\u0131 tan\u0131mak gibi temel koordinasyon becerileri edinebilmek \u00e7ocuklar\u0131n\u0131za \u00e7ok yard\u0131mc\u0131 olabilir. \u00c7ocuklarda el ve g\u00f6z koordinasyonunun geli\u015fmesine yard\u0131mc\u0131 olur.<\/p>\t\t\t\t\t\t\t\t<\/div>\n\t\t\t\t<\/div>\n\t\t\t\t<div class=\"elementor-element elementor-element-158429d elementor-widget elementor-widget-spacer\" data-id=\"158429d\" data-element_type=\"widget\" data-e-type=\"widget\" data-widget_type=\"spacer.default\">\n\t\t\t\t<div class=\"elementor-widget-container\">\n\t\t\t\t\t\t\t<div class=\"elementor-spacer\">\n\t\t\t<div class=\"elementor-spacer-inner\"><\/div>\n\t\t<\/div>\n\t\t\t\t\t\t<\/div>\n\t\t\t\t<\/div>\n\t\t\t\t\t<\/div>\n\t\t<\/div>\n\t\t\t\t\t<\/div>\n\t\t<\/section>\n\t\t\t\t<\/div>\n\t\t","protected":false},"excerpt":{"rendered":"<p>Sayfa Say\u0131s\u0131: 24 Ka\u011f\u0131t T\u00fcr\u00fc: Kitap Ka\u011f\u0131d\u0131 Ebat: 21&#215;29,7cm Cilt Durumu: Karton Kapak \u00d6nerilen Ya\u015f Grubu: 3 Ya\u015f ve \u00dczeri Wissper Boyama Kitab\u0131 &#8211; 2 W\u0130SSPER BOYAMA K\u0130TABI; Renklendirme ve dolay\u0131s\u0131yla boyama&hellip;<\/p>\n","protected":false},"author":1,"featured_media":0,"parent":0,"menu_order":0,"comment_status":"closed","ping_status":"closed","template":"","meta":{"footnotes":""},"class_list":["post-2582","page","type-page","status-publish","hentry"],"_links":{"self":[{"href":"https:\/\/cagames.com.tr\/tr\/wp-json\/wp\/v2\/pages\/2582","targetHints":{"allow":["GET"]}}],"collection":[{"href":"https:\/\/cagames.com.tr\/tr\/wp-json\/wp\/v2\/pages"}],"about":[{"href":"https:\/\/cagames.com.tr\/tr\/wp-json\/wp\/v2\/types\/page"}],"author":[{"embeddable":true,"href":"https:\/\/cagames.com.tr\/tr\/wp-json\/wp\/v2\/users\/1"}],"replies":[{"embeddable":true,"href":"https:\/\/cagames.com.tr\/tr\/wp-json\/wp\/v2\/comments?post=2582"}],"version-history":[{"count":1,"href":"https:\/\/cagames.com.tr\/tr\/wp-json\/wp\/v2\/pages\/2582\/revisions"}],"predecessor-version":[{"id":4234,"href":"https:\/\/cagames.com.tr\/tr\/wp-json\/wp\/v2\/pages\/2582\/revisions\/4234"}],"wp:attachment":[{"href":"https:\/\/cagames.com.tr\/tr\/wp-json\/wp\/v2\/media?parent=2582"}],"curies":[{"name":"wp","href":"https:\/\/api.w.org\/{rel}","templated":true}]}}