{"id":2861,"date":"2022-05-09T12:59:14","date_gmt":"2022-05-09T09:59:14","guid":{"rendered":"https:\/\/www.pickistanbul.com\/demo2\/?page_id=2861"},"modified":"2023-04-04T17:51:47","modified_gmt":"2023-04-04T14:51:47","slug":"semsiyeleri-puzzle-260-parca","status":"publish","type":"page","link":"https:\/\/cagames.com.tr\/tr\/semsiyeleri-puzzle-260-parca\/","title":{"rendered":"\u015eemsiyeler Puzzle 260 Par\u00e7a"},"content":{"rendered":"\t\t<div data-elementor-type=\"wp-post\" data-elementor-id=\"2861\" class=\"elementor elementor-2861\">\n\t\t\t\t\t\t<section class=\"elementor-section elementor-top-section elementor-element elementor-element-d90ae15 elementor-section-boxed elementor-section-height-default elementor-section-height-default\" data-id=\"d90ae15\" data-element_type=\"section\" data-e-type=\"section\">\n\t\t\t\t\t\t<div class=\"elementor-container elementor-column-gap-extended\">\n\t\t\t\t\t<div class=\"elementor-column elementor-col-50 elementor-top-column elementor-element elementor-element-5b41a5e\" data-id=\"5b41a5e\" data-element_type=\"column\" data-e-type=\"column\">\n\t\t\t<div class=\"elementor-widget-wrap elementor-element-populated\">\n\t\t\t\t\t\t<div class=\"elementor-element elementor-element-0d829b5 elementor-widget elementor-widget-image\" data-id=\"0d829b5\" data-element_type=\"widget\" data-e-type=\"widget\" data-widget_type=\"image.default\">\n\t\t\t\t<div class=\"elementor-widget-container\">\n\t\t\t\t\t\t\t\t\t\t\t\t\t\t\t<img fetchpriority=\"high\" decoding=\"async\" width=\"1024\" height=\"832\" src=\"https:\/\/cagames.com.tr\/wp-content\/uploads\/2023\/04\/150-Kolaj-arabalar-1024x832.png\" class=\"attachment-large size-large wp-image-5974\" alt=\"\" srcset=\"https:\/\/cagames.com.tr\/wp-content\/uploads\/2023\/04\/150-Kolaj-arabalar-1024x832.png 1024w, https:\/\/cagames.com.tr\/wp-content\/uploads\/2023\/04\/150-Kolaj-arabalar-300x244.png 300w, https:\/\/cagames.com.tr\/wp-content\/uploads\/2023\/04\/150-Kolaj-arabalar-768x624.png 768w, https:\/\/cagames.com.tr\/wp-content\/uploads\/2023\/04\/150-Kolaj-arabalar-1536x1247.png 1536w, https:\/\/cagames.com.tr\/wp-content\/uploads\/2023\/04\/150-Kolaj-arabalar-15x12.png 15w, https:\/\/cagames.com.tr\/wp-content\/uploads\/2023\/04\/150-Kolaj-arabalar-370x300.png 370w, https:\/\/cagames.com.tr\/wp-content\/uploads\/2023\/04\/150-Kolaj-arabalar-760x617.png 760w, https:\/\/cagames.com.tr\/wp-content\/uploads\/2023\/04\/150-Kolaj-arabalar.png 1762w\" sizes=\"(max-width: 1024px) 100vw, 1024px\" \/>\t\t\t\t\t\t\t\t\t\t\t\t\t\t\t<\/div>\n\t\t\t\t<\/div>\n\t\t\t\t\t<\/div>\n\t\t<\/div>\n\t\t\t\t<div class=\"elementor-column elementor-col-50 elementor-top-column elementor-element elementor-element-f000d6e\" data-id=\"f000d6e\" data-element_type=\"column\" data-e-type=\"column\">\n\t\t\t<div class=\"elementor-widget-wrap elementor-element-populated\">\n\t\t\t\t\t\t<div class=\"elementor-element elementor-element-ac6efb7 elementor-widget elementor-widget-heading\" data-id=\"ac6efb7\" data-element_type=\"widget\" data-e-type=\"widget\" data-widget_type=\"heading.default\">\n\t\t\t\t<div class=\"elementor-widget-container\">\n\t\t\t\t\t<h2 class=\"elementor-heading-title elementor-size-default\">Arabalar 150 Par\u00e7a Puzzle<br><\/h2>\t\t\t\t<\/div>\n\t\t\t\t<\/div>\n\t\t\t\t<div class=\"elementor-element elementor-element-6c32083 elementor-widget elementor-widget-spacer\" data-id=\"6c32083\" data-element_type=\"widget\" data-e-type=\"widget\" data-widget_type=\"spacer.default\">\n\t\t\t\t<div class=\"elementor-widget-container\">\n\t\t\t\t\t\t\t<div class=\"elementor-spacer\">\n\t\t\t<div class=\"elementor-spacer-inner\"><\/div>\n\t\t<\/div>\n\t\t\t\t\t\t<\/div>\n\t\t\t\t<\/div>\n\t\t\t\t<div class=\"elementor-element elementor-element-5877e70 elementor-widget elementor-widget-text-editor\" data-id=\"5877e70\" data-element_type=\"widget\" data-e-type=\"widget\" data-widget_type=\"text-editor.default\">\n\t\t\t\t<div class=\"elementor-widget-container\">\n\t\t\t\t\t\t\t\t\t<p>150 par\u00e7a puzzle etkileyici resimler, kaliteli bask\u0131, kusursuz \u015fekilde birbirine ge\u00e7en par\u00e7alar, sa\u011flam ve zengin malzemeler i\u00e7erir. Hi\u00e7bir par\u00e7a birbirinin ayn\u0131 de\u011fildir. Bu sayede yanl\u0131\u015f birle\u015ftirmelerin \u00f6n\u00fcne ge\u00e7ilir. El-g\u00f6z koordinasyonunun geli\u015fmesini sa\u011flar. \u015eekil tan\u0131ma ve g\u00f6rsel haf\u0131zay\u0131 geli\u015ftirir. Problem \u00e7\u00f6zme yetene\u011fini geli\u015ftirir.\u00a0<\/p>\t\t\t\t\t\t\t\t<\/div>\n\t\t\t\t<\/div>\n\t\t\t\t<div class=\"elementor-element elementor-element-158429d elementor-widget elementor-widget-spacer\" data-id=\"158429d\" data-element_type=\"widget\" data-e-type=\"widget\" data-widget_type=\"spacer.default\">\n\t\t\t\t<div class=\"elementor-widget-container\">\n\t\t\t\t\t\t\t<div class=\"elementor-spacer\">\n\t\t\t<div class=\"elementor-spacer-inner\"><\/div>\n\t\t<\/div>\n\t\t\t\t\t\t<\/div>\n\t\t\t\t<\/div>\n\t\t\t\t\t<\/div>\n\t\t<\/div>\n\t\t\t\t\t<\/div>\n\t\t<\/section>\n\t\t\t\t<\/div>\n\t\t","protected":false},"excerpt":{"rendered":"<p>Stok Kodu: 6107 CA Barkod: 8681889042439 \u00dcr\u00fcn Ad\u0131: Arabalar Par\u00e7a Say\u0131s\u0131: 150 \u00dcr\u00fcn \u00d6l\u00e7\u00fcs\u00fc: 34 x 24 cm \u00dcr\u00fcn Kutu \u00d6l\u00e7\u00fcs\u00fc: 22 x 22 x 5 cm \u00d6nerilen Ya\u015f Grubu: 8 Ya\u015f&hellip;<\/p>\n","protected":false},"author":1,"featured_media":0,"parent":0,"menu_order":0,"comment_status":"closed","ping_status":"closed","template":"","meta":{"footnotes":""},"class_list":["post-2861","page","type-page","status-publish","hentry"],"_links":{"self":[{"href":"https:\/\/cagames.com.tr\/tr\/wp-json\/wp\/v2\/pages\/2861","targetHints":{"allow":["GET"]}}],"collection":[{"href":"https:\/\/cagames.com.tr\/tr\/wp-json\/wp\/v2\/pages"}],"about":[{"href":"https:\/\/cagames.com.tr\/tr\/wp-json\/wp\/v2\/types\/page"}],"author":[{"embeddable":true,"href":"https:\/\/cagames.com.tr\/tr\/wp-json\/wp\/v2\/users\/1"}],"replies":[{"embeddable":true,"href":"https:\/\/cagames.com.tr\/tr\/wp-json\/wp\/v2\/comments?post=2861"}],"version-history":[{"count":4,"href":"https:\/\/cagames.com.tr\/tr\/wp-json\/wp\/v2\/pages\/2861\/revisions"}],"predecessor-version":[{"id":6047,"href":"https:\/\/cagames.com.tr\/tr\/wp-json\/wp\/v2\/pages\/2861\/revisions\/6047"}],"wp:attachment":[{"href":"https:\/\/cagames.com.tr\/tr\/wp-json\/wp\/v2\/media?parent=2861"}],"curies":[{"name":"wp","href":"https:\/\/api.w.org\/{rel}","templated":true}]}}