{"id":3056,"date":"2022-05-09T12:59:14","date_gmt":"2022-05-09T09:59:14","guid":{"rendered":"https:\/\/www.pickistanbul.com\/demo2\/?page_id=3056"},"modified":"2022-07-01T04:09:48","modified_gmt":"2022-07-01T01:09:48","slug":"ricky-zoom-100-parca-puzzle","status":"publish","type":"page","link":"https:\/\/cagames.com.tr\/tr\/ricky-zoom-100-parca-puzzle\/","title":{"rendered":"Ricky Zoom 100 Par\u00e7a Puzzle"},"content":{"rendered":"\t\t<div data-elementor-type=\"wp-post\" data-elementor-id=\"3056\" class=\"elementor elementor-3056\">\n\t\t\t\t\t\t<section class=\"elementor-section elementor-top-section elementor-element elementor-element-d90ae15 elementor-section-boxed elementor-section-height-default elementor-section-height-default\" data-id=\"d90ae15\" data-element_type=\"section\" data-e-type=\"section\">\n\t\t\t\t\t\t<div class=\"elementor-container elementor-column-gap-extended\">\n\t\t\t\t\t<div class=\"elementor-column elementor-col-50 elementor-top-column elementor-element elementor-element-5b41a5e\" data-id=\"5b41a5e\" data-element_type=\"column\" data-e-type=\"column\">\n\t\t\t<div class=\"elementor-widget-wrap elementor-element-populated\">\n\t\t\t\t\t\t<div class=\"elementor-element elementor-element-0d829b5 elementor-widget elementor-widget-image\" data-id=\"0d829b5\" data-element_type=\"widget\" data-e-type=\"widget\" data-widget_type=\"image.default\">\n\t\t\t\t<div class=\"elementor-widget-container\">\n\t\t\t\t\t\t\t\t\t\t\t\t\t\t\t<img decoding=\"async\" src=\"https:\/\/www.pickistanbul.com\/demo2\/wp-content\/uploads\/2022\/06\/Ricky-Zoom-100.png\" title=\"\" alt=\"\" loading=\"lazy\" \/>\t\t\t\t\t\t\t\t\t\t\t\t\t\t\t<\/div>\n\t\t\t\t<\/div>\n\t\t\t\t\t<\/div>\n\t\t<\/div>\n\t\t\t\t<div class=\"elementor-column elementor-col-50 elementor-top-column elementor-element elementor-element-f000d6e\" data-id=\"f000d6e\" data-element_type=\"column\" data-e-type=\"column\">\n\t\t\t<div class=\"elementor-widget-wrap elementor-element-populated\">\n\t\t\t\t\t\t<div class=\"elementor-element elementor-element-ac6efb7 elementor-widget elementor-widget-heading\" data-id=\"ac6efb7\" data-element_type=\"widget\" data-e-type=\"widget\" data-widget_type=\"heading.default\">\n\t\t\t\t<div class=\"elementor-widget-container\">\n\t\t\t\t\t<h2 class=\"elementor-heading-title elementor-size-default\">Ricky Zoom <br>100 Par\u00e7a Puzzle<\/h2>\t\t\t\t<\/div>\n\t\t\t\t<\/div>\n\t\t\t\t<div class=\"elementor-element elementor-element-6c32083 elementor-widget elementor-widget-spacer\" data-id=\"6c32083\" data-element_type=\"widget\" data-e-type=\"widget\" data-widget_type=\"spacer.default\">\n\t\t\t\t<div class=\"elementor-widget-container\">\n\t\t\t\t\t\t\t<div class=\"elementor-spacer\">\n\t\t\t<div class=\"elementor-spacer-inner\"><\/div>\n\t\t<\/div>\n\t\t\t\t\t\t<\/div>\n\t\t\t\t<\/div>\n\t\t\t\t<div class=\"elementor-element elementor-element-5877e70 elementor-widget elementor-widget-text-editor\" data-id=\"5877e70\" data-element_type=\"widget\" data-e-type=\"widget\" data-widget_type=\"text-editor.default\">\n\t\t\t\t<div class=\"elementor-widget-container\">\n\t\t\t\t\t\t\t\t\t<p>Yapboz; yap\u0131lma a\u015famas\u0131nda kar\u0131\u015f\u0131k, anlams\u0131z ve birbirinden ba\u011f\u0131ms\u0131z gibi duran par\u00e7alar\u0131n bir araya getirilip, b\u00fct\u00fcnl\u00fck olu\u015fturmas\u0131 \u015feklinde tan\u0131mlanabilir. Bu b\u00fct\u00fcnl\u00fc\u011f\u00fc olu\u015fturma i\u015flemi zihinsel beceri gerektiren bir durumdur. Yapboz bu y\u00f6n\u00fcyle \u00e7ocuklar\u0131n zihinsel geli\u015fimine katk\u0131da bulunarak par\u00e7a-b\u00fct\u00fcn ili\u015fkisinin olu\u015fumunu sa\u011flar. Ayr\u0131ca dikkat ve alg\u0131 geli\u015fimi, \u015fekil-zemin alg\u0131s\u0131, t\u00fcme var\u0131m-t\u00fcmden gelim, muhakeme-mukayese, s\u0131n\u0131flama-s\u0131ralama, analiz-sentez, problem \u00e7\u00f6zme, alternatifleri deneme, \u00e7\u00f6z\u00fcm \u00fcretme, benzerlik-farkl\u0131l\u0131k, el g\u00f6z koordinasyonu, hareket zaman et\u00fcd\u00fc, analitik d\u00fc\u015f\u00fcnme, ak\u0131l y\u00fcr\u00fctme, b\u00fct\u00fcnle\u015ftirme-e\u015fle\u015ftirme-ard\u0131\u015f\u0131kl\u0131k becerilerinin geli\u015fmesi a\u00e7\u0131s\u0131ndan da art\u0131 kazan\u00e7lar\u0131 vard\u0131r.<\/p>\t\t\t\t\t\t\t\t<\/div>\n\t\t\t\t<\/div>\n\t\t\t\t<div class=\"elementor-element elementor-element-158429d elementor-widget elementor-widget-spacer\" data-id=\"158429d\" data-element_type=\"widget\" data-e-type=\"widget\" data-widget_type=\"spacer.default\">\n\t\t\t\t<div class=\"elementor-widget-container\">\n\t\t\t\t\t\t\t<div class=\"elementor-spacer\">\n\t\t\t<div class=\"elementor-spacer-inner\"><\/div>\n\t\t<\/div>\n\t\t\t\t\t\t<\/div>\n\t\t\t\t<\/div>\n\t\t\t\t\t<\/div>\n\t\t<\/div>\n\t\t\t\t\t<\/div>\n\t\t<\/section>\n\t\t\t\t<\/div>\n\t\t","protected":false},"excerpt":{"rendered":"<p>Stok Kodu: 5117 CA Barkod: 8681889042262 \u00dcr\u00fcn Ad\u0131: Ricky Zoom Par\u00e7a Say\u0131s\u0131: 100 \u00dcr\u00fcn \u00d6l\u00e7\u00fcs\u00fc: 34 x 24 cm \u00dcr\u00fcn Kutu \u00d6l\u00e7\u00fcs\u00fc: 26 x 19 x 4,5 cm \u00d6nerilen Ya\u015f Grubu: 3&hellip;<\/p>\n","protected":false},"author":1,"featured_media":0,"parent":0,"menu_order":0,"comment_status":"closed","ping_status":"closed","template":"","meta":{"footnotes":""},"class_list":["post-3056","page","type-page","status-publish","hentry"],"_links":{"self":[{"href":"https:\/\/cagames.com.tr\/tr\/wp-json\/wp\/v2\/pages\/3056","targetHints":{"allow":["GET"]}}],"collection":[{"href":"https:\/\/cagames.com.tr\/tr\/wp-json\/wp\/v2\/pages"}],"about":[{"href":"https:\/\/cagames.com.tr\/tr\/wp-json\/wp\/v2\/types\/page"}],"author":[{"embeddable":true,"href":"https:\/\/cagames.com.tr\/tr\/wp-json\/wp\/v2\/users\/1"}],"replies":[{"embeddable":true,"href":"https:\/\/cagames.com.tr\/tr\/wp-json\/wp\/v2\/comments?post=3056"}],"version-history":[{"count":1,"href":"https:\/\/cagames.com.tr\/tr\/wp-json\/wp\/v2\/pages\/3056\/revisions"}],"predecessor-version":[{"id":4201,"href":"https:\/\/cagames.com.tr\/tr\/wp-json\/wp\/v2\/pages\/3056\/revisions\/4201"}],"wp:attachment":[{"href":"https:\/\/cagames.com.tr\/tr\/wp-json\/wp\/v2\/media?parent=3056"}],"curies":[{"name":"wp","href":"https:\/\/api.w.org\/{rel}","templated":true}]}}