{"id":3262,"date":"2022-05-09T12:59:14","date_gmt":"2022-05-09T09:59:14","guid":{"rendered":"https:\/\/www.pickistanbul.com\/demo2\/?page_id=3262"},"modified":"2022-07-01T12:11:32","modified_gmt":"2022-07-01T09:11:32","slug":"miraculous35-parca-frame-puzzle","status":"publish","type":"page","link":"https:\/\/cagames.com.tr\/tr\/miraculous35-parca-frame-puzzle\/","title":{"rendered":"Miraculous 1 35 Par\u00e7a Frame Puzzle"},"content":{"rendered":"\t\t<div data-elementor-type=\"wp-post\" data-elementor-id=\"3262\" class=\"elementor elementor-3262\">\n\t\t\t\t\t\t<section class=\"elementor-section elementor-top-section elementor-element elementor-element-d90ae15 elementor-section-boxed elementor-section-height-default elementor-section-height-default\" data-id=\"d90ae15\" data-element_type=\"section\" data-e-type=\"section\">\n\t\t\t\t\t\t<div class=\"elementor-container elementor-column-gap-extended\">\n\t\t\t\t\t<div class=\"elementor-column elementor-col-50 elementor-top-column elementor-element elementor-element-5b41a5e\" data-id=\"5b41a5e\" data-element_type=\"column\" data-e-type=\"column\">\n\t\t\t<div class=\"elementor-widget-wrap elementor-element-populated\">\n\t\t\t\t\t\t<div class=\"elementor-element elementor-element-0d829b5 elementor-widget elementor-widget-image\" data-id=\"0d829b5\" data-element_type=\"widget\" data-e-type=\"widget\" data-widget_type=\"image.default\">\n\t\t\t\t<div class=\"elementor-widget-container\">\n\t\t\t\t\t\t\t\t\t\t\t\t\t\t\t<img decoding=\"async\" src=\"https:\/\/www.pickistanbul.com\/demo2\/wp-content\/uploads\/2022\/06\/MIRACULOUS-FRAME-PUZZLE-35-PARCA-01.png\" title=\"\" alt=\"\" loading=\"lazy\" \/>\t\t\t\t\t\t\t\t\t\t\t\t\t\t\t<\/div>\n\t\t\t\t<\/div>\n\t\t\t\t\t<\/div>\n\t\t<\/div>\n\t\t\t\t<div class=\"elementor-column elementor-col-50 elementor-top-column elementor-element elementor-element-f000d6e\" data-id=\"f000d6e\" data-element_type=\"column\" data-e-type=\"column\">\n\t\t\t<div class=\"elementor-widget-wrap elementor-element-populated\">\n\t\t\t\t\t\t<div class=\"elementor-element elementor-element-ac6efb7 elementor-widget elementor-widget-heading\" data-id=\"ac6efb7\" data-element_type=\"widget\" data-e-type=\"widget\" data-widget_type=\"heading.default\">\n\t\t\t\t<div class=\"elementor-widget-container\">\n\t\t\t\t\t<h2 class=\"elementor-heading-title elementor-size-default\">Miraculous <br>35 Par\u00e7a Frame Puzzle<\/h2>\t\t\t\t<\/div>\n\t\t\t\t<\/div>\n\t\t\t\t<div class=\"elementor-element elementor-element-6c32083 elementor-widget elementor-widget-spacer\" data-id=\"6c32083\" data-element_type=\"widget\" data-e-type=\"widget\" data-widget_type=\"spacer.default\">\n\t\t\t\t<div class=\"elementor-widget-container\">\n\t\t\t\t\t\t\t<div class=\"elementor-spacer\">\n\t\t\t<div class=\"elementor-spacer-inner\"><\/div>\n\t\t<\/div>\n\t\t\t\t\t\t<\/div>\n\t\t\t\t<\/div>\n\t\t\t\t<div class=\"elementor-element elementor-element-5877e70 elementor-widget elementor-widget-text-editor\" data-id=\"5877e70\" data-element_type=\"widget\" data-e-type=\"widget\" data-widget_type=\"text-editor.default\">\n\t\t\t\t<div class=\"elementor-widget-container\">\n\t\t\t\t\t\t\t\t\t<p><strong>Kazan\u0131m<\/strong><br \/>El-g\u00f6z Koordinasyonu<br \/>Dikkat<br \/>Par\u00e7a-B\u00fct\u00fcn \u0130li\u015fkisini Kavrama<br \/>K\u00fc\u00e7\u00fck Kas Geli\u015fimi<br \/>\u00d6zg\u00fcven<br \/>Sosyal Uyum<br \/>Analiz-Sentez<br \/>S\u0131n\u0131flama- S\u0131ralama<br \/>Problem \u00c7\u00f6zme<\/p><p>\u00d6zellikle yapbozlar, \u00e7ocuklar\u0131n zihinsel, fiziksel, sosyal ve duygusal geli\u015fimi i\u00e7in olduk\u00e7a \u00f6nemli bir aktivitedir.<\/p><p>Yapboz; yap\u0131lma a\u015famas\u0131nda kar\u0131\u015f\u0131k, anlams\u0131z ve birbirinden ba\u011f\u0131ms\u0131z gibi duran par\u00e7alar\u0131n bir araya getirilip, b\u00fct\u00fcnl\u00fck olu\u015fturmas\u0131 \u015feklinde tan\u0131mlanabilir. Bu b\u00fct\u00fcnl\u00fc\u011f\u00fc olu\u015fturma i\u015flemi zihinsel beceri gerektiren bir durumdur. Yapboz bu y\u00f6n\u00fcyle \u00e7ocuklar\u0131n zihinsel geli\u015fimine katk\u0131da bulunarak par\u00e7a-b\u00fct\u00fcn ili\u015fkisinin olu\u015fumunu sa\u011flar. Ayr\u0131ca dikkat ve alg\u0131 geli\u015fimi, \u015fekil-zemin alg\u0131s\u0131, t\u00fcme var\u0131m-t\u00fcmden gelim, muhakeme-mukayese, s\u0131n\u0131flama-s\u0131ralama, analiz-sentez, problem \u00e7\u00f6zme, alternatifleri deneme, \u00e7\u00f6z\u00fcm \u00fcretme, benzerlik-farkl\u0131l\u0131k, el g\u00f6z koordinasyonu, hareket zaman et\u00fcd\u00fc, analitik d\u00fc\u015f\u00fcnme, ak\u0131l y\u00fcr\u00fctme, b\u00fct\u00fcnle\u015ftirme-e\u015fle\u015ftirme-ard\u0131\u015f\u0131kl\u0131k becerilerinin geli\u015fmesi a\u00e7\u0131s\u0131ndan da art\u0131 kazan\u00e7lar\u0131 vard\u0131r.<\/p><p>Yapbozu yapabilmek i\u00e7in \u00e7ocu\u011fun k\u00fc\u00e7\u00fck kaslar\u0131n\u0131 \u00e7al\u0131\u015ft\u0131rmas\u0131 gerekir. Tekrarlanan egzersizler, kaslar\u0131 kuvvetli hale getirir ve o davran\u0131\u015f\u0131n peki\u015fmesine yard\u0131mc\u0131 olur ve fiziksel geli\u015fimini destekler.<\/p><p>Yapbozu tamamlamak ise \u00e7ocuk i\u00e7in b\u00fcy\u00fck bir zafer anlam\u0131na gelir ve bu ba\u015far\u0131 onun \u00f6z g\u00fcveni i\u00e7in \u00f6nemli bir katk\u0131d\u0131r. Yapbozun bu y\u00f6n\u00fcyle \u00e7ocu\u011fun duygusal geli\u015fimine katk\u0131s\u0131 da s\u00f6z konusudur.<\/p><p>Yapbozlar ayr\u0131ca merak-ke\u015fif, \u00fcretgenlik, sab\u0131r, ba\u011f\u0131ms\u0131z i\u015f yapabilme, sosyalle\u015fme, hedefe odaklanma gibi becerileri kuvvetlendirdi\u011fi i\u00e7in sosyal geli\u015fim i\u00e7inde bir hazine niteli\u011findedir.<\/p><p>\u00c7ocuklar 12-18 ay aras\u0131 \u00fc\u00e7-d\u00f6rt par\u00e7al\u0131k yapbozla oynayabilirler. Ya\u015f ilerledik\u00e7e yapbozun par\u00e7alar\u0131 da art\u0131r\u0131larak etkinli\u011fe devam edilir. Fakat dikkat edilmesi gereken konu, bu ya\u015ftaki \u00e7ocuklar\u0131n dikkat s\u00fcrelerinin k\u0131sa olmas\u0131 ve uzun dakikalar bu oyunu oynayamamalar\u0131d\u0131r. Bu sebeple iki-\u00fc\u00e7 ya\u015f\u0131na do\u011fru \u00e7ocuklar, ebeveynleri ile bu oyunu daha uzun s\u00fcre oynayabilirler. Bu ya\u015ftaki \u00e7ocuklar yap\u0131p bozmay\u0131 \u00e7ok sevdikleri i\u00e7in bu oyundan \u00e7ok keyif al\u0131rlar.<\/p><p>Sizlerde \u00e7ocuklar\u0131n\u0131zla hem e\u011flenceli vakit ge\u00e7irebilir hem de onun geli\u015fimine katk\u0131da bulunabilirsiniz. Kim bilir belki de yeti\u015fkin oldu\u011funda en zevk ald\u0131\u011f\u0131 hobilerinden biri de puzzle olur.<\/p>\t\t\t\t\t\t\t\t<\/div>\n\t\t\t\t<\/div>\n\t\t\t\t<div class=\"elementor-element elementor-element-158429d elementor-widget elementor-widget-spacer\" data-id=\"158429d\" data-element_type=\"widget\" data-e-type=\"widget\" data-widget_type=\"spacer.default\">\n\t\t\t\t<div class=\"elementor-widget-container\">\n\t\t\t\t\t\t\t<div class=\"elementor-spacer\">\n\t\t\t<div class=\"elementor-spacer-inner\"><\/div>\n\t\t<\/div>\n\t\t\t\t\t\t<\/div>\n\t\t\t\t<\/div>\n\t\t\t\t\t<\/div>\n\t\t<\/div>\n\t\t\t\t\t<\/div>\n\t\t<\/section>\n\t\t\t\t<\/div>\n\t\t","protected":false},"excerpt":{"rendered":"<p>Stok Kodu: 5020 CA Barkod: 8681889040343 \u00dcr\u00fcn Ad\u0131: Miraculous 1 Par\u00e7a Say\u0131s\u0131: 35 Par\u00e7a \u00dcr\u00fcn \u00d6l\u00e7\u00fcs\u00fc: 34 x 24 cm \u00d6nerilen Ya\u015f Grubu 3 Ya\u015f ve \u00fczeri Miraculous 35 Par\u00e7a Frame Puzzle&hellip;<\/p>\n","protected":false},"author":1,"featured_media":0,"parent":0,"menu_order":0,"comment_status":"closed","ping_status":"closed","template":"","meta":{"footnotes":""},"class_list":["post-3262","page","type-page","status-publish","hentry"],"_links":{"self":[{"href":"https:\/\/cagames.com.tr\/tr\/wp-json\/wp\/v2\/pages\/3262","targetHints":{"allow":["GET"]}}],"collection":[{"href":"https:\/\/cagames.com.tr\/tr\/wp-json\/wp\/v2\/pages"}],"about":[{"href":"https:\/\/cagames.com.tr\/tr\/wp-json\/wp\/v2\/types\/page"}],"author":[{"embeddable":true,"href":"https:\/\/cagames.com.tr\/tr\/wp-json\/wp\/v2\/users\/1"}],"replies":[{"embeddable":true,"href":"https:\/\/cagames.com.tr\/tr\/wp-json\/wp\/v2\/comments?post=3262"}],"version-history":[{"count":1,"href":"https:\/\/cagames.com.tr\/tr\/wp-json\/wp\/v2\/pages\/3262\/revisions"}],"predecessor-version":[{"id":4175,"href":"https:\/\/cagames.com.tr\/tr\/wp-json\/wp\/v2\/pages\/3262\/revisions\/4175"}],"wp:attachment":[{"href":"https:\/\/cagames.com.tr\/tr\/wp-json\/wp\/v2\/media?parent=3262"}],"curies":[{"name":"wp","href":"https:\/\/api.w.org\/{rel}","templated":true}]}}