{"id":3577,"date":"2022-05-09T12:59:14","date_gmt":"2022-05-09T09:59:14","guid":{"rendered":"https:\/\/www.pickistanbul.com\/demo2\/?page_id=3577"},"modified":"2022-07-01T13:15:20","modified_gmt":"2022-07-01T10:15:20","slug":"baglanti-kurma-egitici-oyun","status":"publish","type":"page","link":"https:\/\/cagames.com.tr\/tr\/baglanti-kurma-egitici-oyun\/","title":{"rendered":"Ba\u011flant\u0131 Kurma E\u011fitici Oyun"},"content":{"rendered":"\t\t<div data-elementor-type=\"wp-post\" data-elementor-id=\"3577\" class=\"elementor elementor-3577\">\n\t\t\t\t\t\t<section class=\"elementor-section elementor-top-section elementor-element elementor-element-d90ae15 elementor-section-boxed elementor-section-height-default elementor-section-height-default\" data-id=\"d90ae15\" data-element_type=\"section\" data-e-type=\"section\">\n\t\t\t\t\t\t<div class=\"elementor-container elementor-column-gap-extended\">\n\t\t\t\t\t<div class=\"elementor-column elementor-col-50 elementor-top-column elementor-element elementor-element-5b41a5e\" data-id=\"5b41a5e\" data-element_type=\"column\" data-e-type=\"column\">\n\t\t\t<div class=\"elementor-widget-wrap elementor-element-populated\">\n\t\t\t\t\t\t<div class=\"elementor-element elementor-element-0d829b5 elementor-widget elementor-widget-image\" data-id=\"0d829b5\" data-element_type=\"widget\" data-e-type=\"widget\" data-widget_type=\"image.default\">\n\t\t\t\t<div class=\"elementor-widget-container\">\n\t\t\t\t\t\t\t\t\t\t\t\t\t\t\t<img decoding=\"async\" src=\"https:\/\/www.pickistanbul.com\/demo2\/wp-content\/uploads\/2022\/06\/YENI\u0307-Bag\u0306lanti-Kurma-Kolaj.png\" title=\"\" alt=\"\" loading=\"lazy\" \/>\t\t\t\t\t\t\t\t\t\t\t\t\t\t\t<\/div>\n\t\t\t\t<\/div>\n\t\t\t\t\t<\/div>\n\t\t<\/div>\n\t\t\t\t<div class=\"elementor-column elementor-col-50 elementor-top-column elementor-element elementor-element-f000d6e\" data-id=\"f000d6e\" data-element_type=\"column\" data-e-type=\"column\">\n\t\t\t<div class=\"elementor-widget-wrap elementor-element-populated\">\n\t\t\t\t\t\t<div class=\"elementor-element elementor-element-ac6efb7 elementor-widget elementor-widget-heading\" data-id=\"ac6efb7\" data-element_type=\"widget\" data-e-type=\"widget\" data-widget_type=\"heading.default\">\n\t\t\t\t<div class=\"elementor-widget-container\">\n\t\t\t\t\t<h2 class=\"elementor-heading-title elementor-size-default\">Ba\u011flant\u0131 Kurma<\/h2>\t\t\t\t<\/div>\n\t\t\t\t<\/div>\n\t\t\t\t<div class=\"elementor-element elementor-element-6c32083 elementor-widget elementor-widget-spacer\" data-id=\"6c32083\" data-element_type=\"widget\" data-e-type=\"widget\" data-widget_type=\"spacer.default\">\n\t\t\t\t<div class=\"elementor-widget-container\">\n\t\t\t\t\t\t\t<div class=\"elementor-spacer\">\n\t\t\t<div class=\"elementor-spacer-inner\"><\/div>\n\t\t<\/div>\n\t\t\t\t\t\t<\/div>\n\t\t\t\t<\/div>\n\t\t\t\t<div class=\"elementor-element elementor-element-5877e70 elementor-widget elementor-widget-text-editor\" data-id=\"5877e70\" data-element_type=\"widget\" data-e-type=\"widget\" data-widget_type=\"text-editor.default\">\n\t\t\t\t<div class=\"elementor-widget-container\">\n\t\t\t\t\t\t\t\t\t<p>Ba\u011flant\u0131 Kurma oyunu ile minikler hem \u00f6\u011frenecek hem de e\u011flenecekler. 29 karttan olu\u015fan bu e\u011fitici oyun \u00e7ocuklar\u0131n birbirleri ile ba\u011flant\u0131l\u0131 g\u00f6rselleri e\u015fle\u015ftirip \u00f6\u011frenmesine yard\u0131mc\u0131 olmaktad\u0131r.\u00a0<\/p>\t\t\t\t\t\t\t\t<\/div>\n\t\t\t\t<\/div>\n\t\t\t\t<div class=\"elementor-element elementor-element-158429d elementor-widget elementor-widget-spacer\" data-id=\"158429d\" data-element_type=\"widget\" data-e-type=\"widget\" data-widget_type=\"spacer.default\">\n\t\t\t\t<div class=\"elementor-widget-container\">\n\t\t\t\t\t\t\t<div class=\"elementor-spacer\">\n\t\t\t<div class=\"elementor-spacer-inner\"><\/div>\n\t\t<\/div>\n\t\t\t\t\t\t<\/div>\n\t\t\t\t<\/div>\n\t\t\t\t\t<\/div>\n\t\t<\/div>\n\t\t\t\t\t<\/div>\n\t\t<\/section>\n\t\t\t\t<\/div>\n\t\t","protected":false},"excerpt":{"rendered":"<p>Stok Kodu: 5043 CA Barkod: 8681889040664 \u00dcr\u00fcn Ad\u0131: Ba\u011flant\u0131 Kurma Par\u00e7a Say\u0131s\u0131: 29 Par\u00e7a \u00d6l\u00e7\u00fcs\u00fc: 8 x 8 cm \u00dcr\u00fcn Kutu \u00d6l\u00e7\u00fcs\u00fc: 20,5 x 19 x 6 cm \u00d6nerilen Ya\u015f Grubu: 3&hellip;<\/p>\n","protected":false},"author":1,"featured_media":0,"parent":0,"menu_order":0,"comment_status":"closed","ping_status":"closed","template":"","meta":{"footnotes":""},"class_list":["post-3577","page","type-page","status-publish","hentry"],"_links":{"self":[{"href":"https:\/\/cagames.com.tr\/tr\/wp-json\/wp\/v2\/pages\/3577","targetHints":{"allow":["GET"]}}],"collection":[{"href":"https:\/\/cagames.com.tr\/tr\/wp-json\/wp\/v2\/pages"}],"about":[{"href":"https:\/\/cagames.com.tr\/tr\/wp-json\/wp\/v2\/types\/page"}],"author":[{"embeddable":true,"href":"https:\/\/cagames.com.tr\/tr\/wp-json\/wp\/v2\/users\/1"}],"replies":[{"embeddable":true,"href":"https:\/\/cagames.com.tr\/tr\/wp-json\/wp\/v2\/comments?post=3577"}],"version-history":[{"count":2,"href":"https:\/\/cagames.com.tr\/tr\/wp-json\/wp\/v2\/pages\/3577\/revisions"}],"predecessor-version":[{"id":4881,"href":"https:\/\/cagames.com.tr\/tr\/wp-json\/wp\/v2\/pages\/3577\/revisions\/4881"}],"wp:attachment":[{"href":"https:\/\/cagames.com.tr\/tr\/wp-json\/wp\/v2\/media?parent=3577"}],"curies":[{"name":"wp","href":"https:\/\/api.w.org\/{rel}","templated":true}]}}