{"id":3795,"date":"2022-05-09T12:59:14","date_gmt":"2022-05-09T09:59:14","guid":{"rendered":"https:\/\/www.pickistanbul.com\/demo2\/?page_id=3795"},"modified":"2022-07-02T02:14:19","modified_gmt":"2022-07-01T23:14:19","slug":"tasitlar-egitici-frame-puzzle","status":"publish","type":"page","link":"https:\/\/cagames.com.tr\/tr\/tasitlar-egitici-frame-puzzle\/","title":{"rendered":"Ta\u015f\u0131tlar E\u011fitici Frame Puzzle"},"content":{"rendered":"\t\t<div data-elementor-type=\"wp-post\" data-elementor-id=\"3795\" class=\"elementor elementor-3795\">\n\t\t\t\t\t\t<section class=\"elementor-section elementor-top-section elementor-element elementor-element-d90ae15 elementor-section-boxed elementor-section-height-default elementor-section-height-default\" data-id=\"d90ae15\" data-element_type=\"section\" data-e-type=\"section\">\n\t\t\t\t\t\t<div class=\"elementor-container elementor-column-gap-extended\">\n\t\t\t\t\t<div class=\"elementor-column elementor-col-50 elementor-top-column elementor-element elementor-element-5b41a5e\" data-id=\"5b41a5e\" data-element_type=\"column\" data-e-type=\"column\">\n\t\t\t<div class=\"elementor-widget-wrap elementor-element-populated\">\n\t\t\t\t\t\t<div class=\"elementor-element elementor-element-0d829b5 elementor-widget elementor-widget-image\" data-id=\"0d829b5\" data-element_type=\"widget\" data-e-type=\"widget\" data-widget_type=\"image.default\">\n\t\t\t\t<div class=\"elementor-widget-container\">\n\t\t\t\t\t\t\t\t\t\t\t\t\t\t\t<img decoding=\"async\" src=\"https:\/\/www.pickistanbul.com\/demo2\/wp-content\/uploads\/2022\/06\/CA.5055-EG\u0306I\u0307TI\u0307CI\u0307-SET-TAS\u0327ITLAR.png\" title=\"\" alt=\"\" loading=\"lazy\" \/>\t\t\t\t\t\t\t\t\t\t\t\t\t\t\t<\/div>\n\t\t\t\t<\/div>\n\t\t\t\t\t<\/div>\n\t\t<\/div>\n\t\t\t\t<div class=\"elementor-column elementor-col-50 elementor-top-column elementor-element elementor-element-f000d6e\" data-id=\"f000d6e\" data-element_type=\"column\" data-e-type=\"column\">\n\t\t\t<div class=\"elementor-widget-wrap elementor-element-populated\">\n\t\t\t\t\t\t<div class=\"elementor-element elementor-element-ac6efb7 elementor-widget elementor-widget-heading\" data-id=\"ac6efb7\" data-element_type=\"widget\" data-e-type=\"widget\" data-widget_type=\"heading.default\">\n\t\t\t\t<div class=\"elementor-widget-container\">\n\t\t\t\t\t<h2 class=\"elementor-heading-title elementor-size-default\">Ta\u015f\u0131tlar <br> E\u011fitici Set<\/h2>\t\t\t\t<\/div>\n\t\t\t\t<\/div>\n\t\t\t\t<div class=\"elementor-element elementor-element-6c32083 elementor-widget elementor-widget-spacer\" data-id=\"6c32083\" data-element_type=\"widget\" data-e-type=\"widget\" data-widget_type=\"spacer.default\">\n\t\t\t\t<div class=\"elementor-widget-container\">\n\t\t\t\t\t\t\t<div class=\"elementor-spacer\">\n\t\t\t<div class=\"elementor-spacer-inner\"><\/div>\n\t\t<\/div>\n\t\t\t\t\t\t<\/div>\n\t\t\t\t<\/div>\n\t\t\t\t<div class=\"elementor-element elementor-element-5877e70 elementor-widget elementor-widget-text-editor\" data-id=\"5877e70\" data-element_type=\"widget\" data-e-type=\"widget\" data-widget_type=\"text-editor.default\">\n\t\t\t\t<div class=\"elementor-widget-container\">\n\t\t\t\t\t\t\t\t\t<p>Bebeklerin ve \u00e7ocuklar\u0131n geli\u015fiminde oyuncaklar \u00e7ok \u00f6nemli bir yer tutar. \u00d6\u011frenme yetene\u011fini destekleyen ve \u00e7ocuklar\u0131n motor becerilerinin geli\u015fmesine yard\u0131mc\u0131 olan e\u011fitici set bul-tak oyuncaklardan biridir. Bultak E\u011fitici Oyun Seti, \u00e7ocu\u011funuzun kavrama yetene\u011fine katk\u0131 sa\u011flar. E\u011fitici Oyun Seti, kolay tak\u0131l\u0131p s\u00f6k\u00fclebilen yap\u0131s\u0131yla \u00e7ocu\u011funuzun hayal g\u00fcc\u00fcn\u00fc destekler. Harfler, say\u0131lar, ta\u015f\u0131tlar ve hayvanlar desenli temalardan olu\u015fan bu e\u011fitici bul ve tak puzzle da \u00e7ocuklar par\u00e7alar\u0131 do\u011fru yerlerine yerle\u015ftirerek e\u011flenceli dakikalar ge\u00e7irebilirler. Serinin; harfler, say\u0131lar, ta\u015f\u0131tlar ve hayvanlar olmak \u00fczere 4 farkl\u0131 modeli bulunmaktad\u0131r.<\/p>\t\t\t\t\t\t\t\t<\/div>\n\t\t\t\t<\/div>\n\t\t\t\t<div class=\"elementor-element elementor-element-158429d elementor-widget elementor-widget-spacer\" data-id=\"158429d\" data-element_type=\"widget\" data-e-type=\"widget\" data-widget_type=\"spacer.default\">\n\t\t\t\t<div class=\"elementor-widget-container\">\n\t\t\t\t\t\t\t<div class=\"elementor-spacer\">\n\t\t\t<div class=\"elementor-spacer-inner\"><\/div>\n\t\t<\/div>\n\t\t\t\t\t\t<\/div>\n\t\t\t\t<\/div>\n\t\t\t\t\t<\/div>\n\t\t<\/div>\n\t\t\t\t\t<\/div>\n\t\t<\/section>\n\t\t\t\t<\/div>\n\t\t","protected":false},"excerpt":{"rendered":"<p>Stok Kodu: 5055 CA Barkod: 8681889040718 \u00dcr\u00fcn Ad\u0131: Ta\u015f\u0131tlar Bul-Tak \u00dcr\u00fcn \u00d6l\u00e7\u00fcs\u00fc: 36,5 x 28,5 cm \u00d6nerilen Ya\u015f Grubu: 3 Ya\u015f ve \u00fczeri Ta\u015f\u0131tlar E\u011fitici Set Bebeklerin ve \u00e7ocuklar\u0131n geli\u015fiminde oyuncaklar \u00e7ok&hellip;<\/p>\n","protected":false},"author":1,"featured_media":0,"parent":0,"menu_order":0,"comment_status":"closed","ping_status":"closed","template":"","meta":{"footnotes":""},"class_list":["post-3795","page","type-page","status-publish","hentry"],"_links":{"self":[{"href":"https:\/\/cagames.com.tr\/tr\/wp-json\/wp\/v2\/pages\/3795","targetHints":{"allow":["GET"]}}],"collection":[{"href":"https:\/\/cagames.com.tr\/tr\/wp-json\/wp\/v2\/pages"}],"about":[{"href":"https:\/\/cagames.com.tr\/tr\/wp-json\/wp\/v2\/types\/page"}],"author":[{"embeddable":true,"href":"https:\/\/cagames.com.tr\/tr\/wp-json\/wp\/v2\/users\/1"}],"replies":[{"embeddable":true,"href":"https:\/\/cagames.com.tr\/tr\/wp-json\/wp\/v2\/comments?post=3795"}],"version-history":[{"count":2,"href":"https:\/\/cagames.com.tr\/tr\/wp-json\/wp\/v2\/pages\/3795\/revisions"}],"predecessor-version":[{"id":4916,"href":"https:\/\/cagames.com.tr\/tr\/wp-json\/wp\/v2\/pages\/3795\/revisions\/4916"}],"wp:attachment":[{"href":"https:\/\/cagames.com.tr\/tr\/wp-json\/wp\/v2\/media?parent=3795"}],"curies":[{"name":"wp","href":"https:\/\/api.w.org\/{rel}","templated":true}]}}