{"id":3912,"date":"2022-05-09T12:59:14","date_gmt":"2022-05-09T09:59:14","guid":{"rendered":"https:\/\/www.pickistanbul.com\/demo2\/?page_id=3912"},"modified":"2022-11-27T13:37:44","modified_gmt":"2022-11-27T10:37:44","slug":"profesyonel-satranc-takimi-kucuk-boy","status":"publish","type":"page","link":"https:\/\/cagames.com.tr\/tr\/profesyonel-satranc-takimi-kucuk-boy\/","title":{"rendered":"Profesyonel Satran\u00e7 Tak\u0131m\u0131 &#8211; K\u00fc\u00e7\u00fck Boy"},"content":{"rendered":"\t\t<div data-elementor-type=\"wp-post\" data-elementor-id=\"3912\" class=\"elementor elementor-3912\">\n\t\t\t\t\t\t<section class=\"elementor-section elementor-top-section elementor-element elementor-element-d90ae15 elementor-section-boxed elementor-section-height-default elementor-section-height-default\" data-id=\"d90ae15\" data-element_type=\"section\" data-e-type=\"section\">\n\t\t\t\t\t\t<div class=\"elementor-container elementor-column-gap-extended\">\n\t\t\t\t\t<div class=\"elementor-column elementor-col-50 elementor-top-column elementor-element elementor-element-5b41a5e\" data-id=\"5b41a5e\" data-element_type=\"column\" data-e-type=\"column\">\n\t\t\t<div class=\"elementor-widget-wrap elementor-element-populated\">\n\t\t\t\t\t\t<div class=\"elementor-element elementor-element-0d829b5 elementor-widget elementor-widget-image\" data-id=\"0d829b5\" data-element_type=\"widget\" data-e-type=\"widget\" data-widget_type=\"image.default\">\n\t\t\t\t<div class=\"elementor-widget-container\">\n\t\t\t\t\t\t\t\t\t\t\t\t\t\t\t<img decoding=\"async\" src=\"https:\/\/www.pickistanbul.com\/demo2\/wp-content\/uploads\/2022\/06\/CA.10003-PROFESYONEL-SATRANC\u0327-TAKIMI-KU\u0308C\u0327U\u0308K-BOY.png\" title=\"\" alt=\"\" loading=\"lazy\" \/>\t\t\t\t\t\t\t\t\t\t\t\t\t\t\t<\/div>\n\t\t\t\t<\/div>\n\t\t\t\t\t<\/div>\n\t\t<\/div>\n\t\t\t\t<div class=\"elementor-column elementor-col-50 elementor-top-column elementor-element elementor-element-f000d6e\" data-id=\"f000d6e\" data-element_type=\"column\" data-e-type=\"column\">\n\t\t\t<div class=\"elementor-widget-wrap elementor-element-populated\">\n\t\t\t\t\t\t<div class=\"elementor-element elementor-element-ac6efb7 elementor-widget elementor-widget-heading\" data-id=\"ac6efb7\" data-element_type=\"widget\" data-e-type=\"widget\" data-widget_type=\"heading.default\">\n\t\t\t\t<div class=\"elementor-widget-container\">\n\t\t\t\t\t<h2 class=\"elementor-heading-title elementor-size-default\">Profesyonel Satran\u00e7 Tak\u0131m\u0131 - K\u00fc\u00e7\u00fck Boy<\/h2>\t\t\t\t<\/div>\n\t\t\t\t<\/div>\n\t\t\t\t<div class=\"elementor-element elementor-element-6c32083 elementor-widget elementor-widget-spacer\" data-id=\"6c32083\" data-element_type=\"widget\" data-e-type=\"widget\" data-widget_type=\"spacer.default\">\n\t\t\t\t<div class=\"elementor-widget-container\">\n\t\t\t\t\t\t\t<div class=\"elementor-spacer\">\n\t\t\t<div class=\"elementor-spacer-inner\"><\/div>\n\t\t<\/div>\n\t\t\t\t\t\t<\/div>\n\t\t\t\t<\/div>\n\t\t\t\t<div class=\"elementor-element elementor-element-5877e70 elementor-widget elementor-widget-text-editor\" data-id=\"5877e70\" data-element_type=\"widget\" data-e-type=\"widget\" data-widget_type=\"text-editor.default\">\n\t\t\t\t<div class=\"elementor-widget-container\">\n\t\t\t\t\t\t\t\t\t<p>\u00c7ocuklar\u0131m\u0131z\u0131n planl\u0131 hareket etmesine, h\u0131zl\u0131, do\u011fru ve \u00e7abuk d\u00fc\u015f\u00fcnmesine yard\u0131mc\u0131 olan Satran\u00e7 ayn\u0131 zamanda ki\u015fili\u011fi ve karekteri olumlu y\u00f6nde etkiler ve geli\u015ftirir.<\/p><p>\u00c7ocuklar\u0131m\u0131z Okullara \u00d6zel Satran\u00e7 Tak\u0131m\u0131 ile kendine g\u00fcvenmesini \u00f6\u011frenecek ve bireysel do\u011fru karalar almas\u0131na yard\u0131mc\u0131 olacak. Okullara \u00d6zel Satran\u00e7 Tak\u0131m\u0131 ba\u015far\u0131s\u0131zl\u0131klar kar\u015f\u0131s\u0131nda y\u0131lmamay\u0131, ba\u015far\u0131 i\u00e7in \u00e7ok \u00e7al\u0131\u015fman\u0131n gerekli\u011fini uygulamal\u0131 bir \u015fekilde \u00f6\u011fretecek.<\/p><p>Portatif ta\u015f\u0131ma \u00e7antas\u0131 ile diledi\u011finiz yere ta\u015f\u0131yabilir; okulda, evde her yerde hem zekan\u0131z\u0131 geli\u015ftirip hem e\u011flenceli vakit ge\u00e7irebilirsiniz.<\/p><p><strong>Paket \u0130\u00e7eri\u011fi<\/strong><br \/>1 adet Satran\u00e7 Oyun Zemini: 1. Kalite Impertex<br \/>16 adet Siyah Satran\u00e7 Oyun Piyonu<br \/>16 Adet Gri Satran\u00e7 Oyun Piyonu<br \/>1 adet Ta\u015f\u0131ma K\u0131l\u0131f\u0131<\/p>\t\t\t\t\t\t\t\t<\/div>\n\t\t\t\t<\/div>\n\t\t\t\t<div class=\"elementor-element elementor-element-158429d elementor-widget elementor-widget-spacer\" data-id=\"158429d\" data-element_type=\"widget\" data-e-type=\"widget\" data-widget_type=\"spacer.default\">\n\t\t\t\t<div class=\"elementor-widget-container\">\n\t\t\t\t\t\t\t<div class=\"elementor-spacer\">\n\t\t\t<div class=\"elementor-spacer-inner\"><\/div>\n\t\t<\/div>\n\t\t\t\t\t\t<\/div>\n\t\t\t\t<\/div>\n\t\t\t\t\t<\/div>\n\t\t<\/div>\n\t\t\t\t\t<\/div>\n\t\t<\/section>\n\t\t\t\t<\/div>\n\t\t","protected":false},"excerpt":{"rendered":"<p>Stok Kodu: 10003 CA Barkod: 8681889040596 \u00dcr\u00fcn Ad\u0131: Profesyonel Satran\u00e7 Tak\u0131m\u0131 &#8211; K\u00fc\u00e7\u00fck Boy \u015eah Boyu: 72 mm Rulo Boyu: 350 mm Rulo \u00c7ap\u0131: 82 mm Oyun Zemini: 1. Kalite Biala Ta\u015f&hellip;<\/p>\n","protected":false},"author":1,"featured_media":0,"parent":0,"menu_order":0,"comment_status":"closed","ping_status":"closed","template":"","meta":{"footnotes":""},"class_list":["post-3912","page","type-page","status-publish","hentry"],"_links":{"self":[{"href":"https:\/\/cagames.com.tr\/tr\/wp-json\/wp\/v2\/pages\/3912","targetHints":{"allow":["GET"]}}],"collection":[{"href":"https:\/\/cagames.com.tr\/tr\/wp-json\/wp\/v2\/pages"}],"about":[{"href":"https:\/\/cagames.com.tr\/tr\/wp-json\/wp\/v2\/types\/page"}],"author":[{"embeddable":true,"href":"https:\/\/cagames.com.tr\/tr\/wp-json\/wp\/v2\/users\/1"}],"replies":[{"embeddable":true,"href":"https:\/\/cagames.com.tr\/tr\/wp-json\/wp\/v2\/comments?post=3912"}],"version-history":[{"count":8,"href":"https:\/\/cagames.com.tr\/tr\/wp-json\/wp\/v2\/pages\/3912\/revisions"}],"predecessor-version":[{"id":5112,"href":"https:\/\/cagames.com.tr\/tr\/wp-json\/wp\/v2\/pages\/3912\/revisions\/5112"}],"wp:attachment":[{"href":"https:\/\/cagames.com.tr\/tr\/wp-json\/wp\/v2\/media?parent=3912"}],"curies":[{"name":"wp","href":"https:\/\/api.w.org\/{rel}","templated":true}]}}