{"id":9776,"date":"2025-09-12T14:58:23","date_gmt":"2025-09-12T11:58:23","guid":{"rendered":"https:\/\/cagames.com.tr\/?page_id=9776"},"modified":"2025-10-06T12:13:24","modified_gmt":"2025-10-06T09:13:24","slug":"yazi-tahtasi","status":"publish","type":"page","link":"https:\/\/cagames.com.tr\/tr\/yazi-tahtasi\/","title":{"rendered":"Yaz\u0131 Tahtas\u0131"},"content":{"rendered":"\t\t<div data-elementor-type=\"wp-page\" data-elementor-id=\"9776\" class=\"elementor elementor-9776\">\n\t\t\t\t\t\t<section class=\"elementor-section elementor-top-section elementor-element elementor-element-1be7de0 elementor-section-boxed elementor-section-height-default elementor-section-height-default\" data-id=\"1be7de0\" data-element_type=\"section\" data-e-type=\"section\">\n\t\t\t\t\t\t<div class=\"elementor-container elementor-column-gap-extended\">\n\t\t\t\t\t<div class=\"elementor-column elementor-col-50 elementor-top-column elementor-element elementor-element-5b837b9\" data-id=\"5b837b9\" data-element_type=\"column\" data-e-type=\"column\">\n\t\t\t<div class=\"elementor-widget-wrap elementor-element-populated\">\n\t\t\t\t\t\t<div class=\"elementor-element elementor-element-c4c9c68 elementor-widget__width-initial elementor-position-top elementor-widget elementor-widget-image-box\" data-id=\"c4c9c68\" data-element_type=\"widget\" data-e-type=\"widget\" data-widget_type=\"image-box.default\">\n\t\t\t\t<div class=\"elementor-widget-container\">\n\t\t\t\t\t<div class=\"elementor-image-box-wrapper\"><figure class=\"elementor-image-box-img\"><img fetchpriority=\"high\" decoding=\"async\" width=\"206\" height=\"300\" src=\"https:\/\/cagames.com.tr\/wp-content\/uploads\/2025\/09\/PANDA-206x300.png\" class=\"elementor-animation-grow attachment-medium size-medium wp-image-9804\" alt=\"\" srcset=\"https:\/\/cagames.com.tr\/wp-content\/uploads\/2025\/09\/PANDA-206x300.png 206w, https:\/\/cagames.com.tr\/wp-content\/uploads\/2025\/09\/PANDA-704x1024.png 704w, https:\/\/cagames.com.tr\/wp-content\/uploads\/2025\/09\/PANDA-768x1117.png 768w, https:\/\/cagames.com.tr\/wp-content\/uploads\/2025\/09\/PANDA-1056x1536.png 1056w, https:\/\/cagames.com.tr\/wp-content\/uploads\/2025\/09\/PANDA-1408x2048.png 1408w, https:\/\/cagames.com.tr\/wp-content\/uploads\/2025\/09\/PANDA-8x12.png 8w, https:\/\/cagames.com.tr\/wp-content\/uploads\/2025\/09\/PANDA-370x538.png 370w, https:\/\/cagames.com.tr\/wp-content\/uploads\/2025\/09\/PANDA-760x1106.png 760w, https:\/\/cagames.com.tr\/wp-content\/uploads\/2025\/09\/PANDA-scaled.png 1759w\" sizes=\"(max-width: 206px) 100vw, 206px\" \/><\/figure><div class=\"elementor-image-box-content\"><h3 class=\"elementor-image-box-title\">Panda Yaz\u0131 Tahtas\u0131<\/h3><p class=\"elementor-image-box-description\">CA.5233<\/p><\/div><\/div>\t\t\t\t<\/div>\n\t\t\t\t<\/div>\n\t\t\t\t\t<\/div>\n\t\t<\/div>\n\t\t\t\t<div class=\"elementor-column elementor-col-50 elementor-top-column elementor-element elementor-element-795788e\" data-id=\"795788e\" data-element_type=\"column\" data-e-type=\"column\">\n\t\t\t<div class=\"elementor-widget-wrap elementor-element-populated\">\n\t\t\t\t\t\t<div class=\"elementor-element elementor-element-dfbc90a elementor-widget__width-initial elementor-position-top elementor-widget elementor-widget-image-box\" data-id=\"dfbc90a\" data-element_type=\"widget\" data-e-type=\"widget\" data-widget_type=\"image-box.default\">\n\t\t\t\t<div class=\"elementor-widget-container\">\n\t\t\t\t\t<div class=\"elementor-image-box-wrapper\"><figure class=\"elementor-image-box-img\"><img decoding=\"async\" width=\"206\" height=\"300\" src=\"https:\/\/cagames.com.tr\/wp-content\/uploads\/2025\/09\/KEDI-206x300.png\" class=\"elementor-animation-grow attachment-medium size-medium wp-image-9821\" alt=\"\" srcset=\"https:\/\/cagames.com.tr\/wp-content\/uploads\/2025\/09\/KEDI-206x300.png 206w, https:\/\/cagames.com.tr\/wp-content\/uploads\/2025\/09\/KEDI-704x1024.png 704w, https:\/\/cagames.com.tr\/wp-content\/uploads\/2025\/09\/KEDI-768x1117.png 768w, https:\/\/cagames.com.tr\/wp-content\/uploads\/2025\/09\/KEDI-1056x1536.png 1056w, https:\/\/cagames.com.tr\/wp-content\/uploads\/2025\/09\/KEDI-1408x2048.png 1408w, https:\/\/cagames.com.tr\/wp-content\/uploads\/2025\/09\/KEDI-8x12.png 8w, https:\/\/cagames.com.tr\/wp-content\/uploads\/2025\/09\/KEDI-370x538.png 370w, https:\/\/cagames.com.tr\/wp-content\/uploads\/2025\/09\/KEDI-760x1106.png 760w, https:\/\/cagames.com.tr\/wp-content\/uploads\/2025\/09\/KEDI-scaled.png 1759w\" sizes=\"(max-width: 206px) 100vw, 206px\" \/><\/figure><div class=\"elementor-image-box-content\"><h3 class=\"elementor-image-box-title\">Kedi Yaz\u0131 Tahtas\u0131<\/h3><p class=\"elementor-image-box-description\">CA.5234<\/p><\/div><\/div>\t\t\t\t<\/div>\n\t\t\t\t<\/div>\n\t\t\t\t\t<\/div>\n\t\t<\/div>\n\t\t\t\t\t<\/div>\n\t\t<\/section>\n\t\t\t\t<section class=\"elementor-section elementor-top-section elementor-element elementor-element-e091150 elementor-section-boxed elementor-section-height-default elementor-section-height-default\" data-id=\"e091150\" data-element_type=\"section\" data-e-type=\"section\">\n\t\t\t\t\t\t<div class=\"elementor-container elementor-column-gap-extended\">\n\t\t\t\t\t<div class=\"elementor-column elementor-col-50 elementor-top-column elementor-element elementor-element-2b1e5f4\" data-id=\"2b1e5f4\" data-element_type=\"column\" data-e-type=\"column\">\n\t\t\t<div class=\"elementor-widget-wrap elementor-element-populated\">\n\t\t\t\t\t\t<div class=\"elementor-element elementor-element-b8bd54e elementor-widget__width-initial elementor-position-top elementor-widget elementor-widget-image-box\" data-id=\"b8bd54e\" data-element_type=\"widget\" data-e-type=\"widget\" data-widget_type=\"image-box.default\">\n\t\t\t\t<div class=\"elementor-widget-container\">\n\t\t\t\t\t<div class=\"elementor-image-box-wrapper\"><figure class=\"elementor-image-box-img\"><img decoding=\"async\" width=\"206\" height=\"300\" src=\"https:\/\/cagames.com.tr\/wp-content\/uploads\/2025\/09\/FIL-206x300.png\" class=\"elementor-animation-grow attachment-medium size-medium wp-image-9825\" alt=\"\" srcset=\"https:\/\/cagames.com.tr\/wp-content\/uploads\/2025\/09\/FIL-206x300.png 206w, https:\/\/cagames.com.tr\/wp-content\/uploads\/2025\/09\/FIL-704x1024.png 704w, https:\/\/cagames.com.tr\/wp-content\/uploads\/2025\/09\/FIL-768x1117.png 768w, https:\/\/cagames.com.tr\/wp-content\/uploads\/2025\/09\/FIL-1056x1536.png 1056w, https:\/\/cagames.com.tr\/wp-content\/uploads\/2025\/09\/FIL-1408x2048.png 1408w, https:\/\/cagames.com.tr\/wp-content\/uploads\/2025\/09\/FIL-8x12.png 8w, https:\/\/cagames.com.tr\/wp-content\/uploads\/2025\/09\/FIL-370x538.png 370w, https:\/\/cagames.com.tr\/wp-content\/uploads\/2025\/09\/FIL-760x1106.png 760w, https:\/\/cagames.com.tr\/wp-content\/uploads\/2025\/09\/FIL-scaled.png 1759w\" sizes=\"(max-width: 206px) 100vw, 206px\" \/><\/figure><div class=\"elementor-image-box-content\"><h3 class=\"elementor-image-box-title\">Fil Yaz\u0131 Tahtas\u0131<\/h3><p class=\"elementor-image-box-description\">CA.5235<\/p><\/div><\/div>\t\t\t\t<\/div>\n\t\t\t\t<\/div>\n\t\t\t\t\t<\/div>\n\t\t<\/div>\n\t\t\t\t<div class=\"elementor-column elementor-col-50 elementor-top-column elementor-element elementor-element-69d087f\" data-id=\"69d087f\" data-element_type=\"column\" data-e-type=\"column\">\n\t\t\t<div class=\"elementor-widget-wrap elementor-element-populated\">\n\t\t\t\t\t\t<div class=\"elementor-element elementor-element-d36b7a0 elementor-widget__width-initial elementor-position-top elementor-widget elementor-widget-image-box\" data-id=\"d36b7a0\" data-element_type=\"widget\" data-e-type=\"widget\" data-widget_type=\"image-box.default\">\n\t\t\t\t<div class=\"elementor-widget-container\">\n\t\t\t\t\t<div class=\"elementor-image-box-wrapper\"><figure class=\"elementor-image-box-img\"><img loading=\"lazy\" decoding=\"async\" width=\"206\" height=\"300\" src=\"https:\/\/cagames.com.tr\/wp-content\/uploads\/2025\/09\/AYI-206x300.png\" class=\"elementor-animation-grow attachment-medium size-medium wp-image-9829\" alt=\"\" srcset=\"https:\/\/cagames.com.tr\/wp-content\/uploads\/2025\/09\/AYI-206x300.png 206w, https:\/\/cagames.com.tr\/wp-content\/uploads\/2025\/09\/AYI-704x1024.png 704w, https:\/\/cagames.com.tr\/wp-content\/uploads\/2025\/09\/AYI-768x1117.png 768w, https:\/\/cagames.com.tr\/wp-content\/uploads\/2025\/09\/AYI-1056x1536.png 1056w, https:\/\/cagames.com.tr\/wp-content\/uploads\/2025\/09\/AYI-1408x2048.png 1408w, https:\/\/cagames.com.tr\/wp-content\/uploads\/2025\/09\/AYI-8x12.png 8w, https:\/\/cagames.com.tr\/wp-content\/uploads\/2025\/09\/AYI-370x538.png 370w, https:\/\/cagames.com.tr\/wp-content\/uploads\/2025\/09\/AYI-760x1106.png 760w, https:\/\/cagames.com.tr\/wp-content\/uploads\/2025\/09\/AYI-scaled.png 1759w\" sizes=\"(max-width: 206px) 100vw, 206px\" \/><\/figure><div class=\"elementor-image-box-content\"><h3 class=\"elementor-image-box-title\">Ay\u0131c\u0131k Yaz\u0131 Tahtas\u0131<\/h3><p class=\"elementor-image-box-description\">CA.5236<\/p><\/div><\/div>\t\t\t\t<\/div>\n\t\t\t\t<\/div>\n\t\t\t\t\t<\/div>\n\t\t<\/div>\n\t\t\t\t\t<\/div>\n\t\t<\/section>\n\t\t\t\t<section class=\"elementor-section elementor-top-section elementor-element elementor-element-53c6bd1 elementor-section-boxed elementor-section-height-default elementor-section-height-default\" data-id=\"53c6bd1\" data-element_type=\"section\" data-e-type=\"section\">\n\t\t\t\t\t\t<div class=\"elementor-container elementor-column-gap-extended\">\n\t\t\t\t\t<div class=\"elementor-column elementor-col-50 elementor-top-column elementor-element elementor-element-edc45ef\" data-id=\"edc45ef\" data-element_type=\"column\" data-e-type=\"column\">\n\t\t\t<div class=\"elementor-widget-wrap elementor-element-populated\">\n\t\t\t\t\t\t<div class=\"elementor-element elementor-element-16f5ef5 elementor-widget__width-initial elementor-position-top elementor-widget elementor-widget-image-box\" data-id=\"16f5ef5\" data-element_type=\"widget\" data-e-type=\"widget\" data-widget_type=\"image-box.default\">\n\t\t\t\t<div class=\"elementor-widget-container\">\n\t\t\t\t\t<div class=\"elementor-image-box-wrapper\"><figure class=\"elementor-image-box-img\"><img loading=\"lazy\" decoding=\"async\" width=\"1725\" height=\"2560\" src=\"https:\/\/cagames.com.tr\/wp-content\/uploads\/2025\/09\/Niloya-Yazi-Tahtasi-scaled.png\" class=\"elementor-animation-grow attachment-full size-full wp-image-9839\" alt=\"\" srcset=\"https:\/\/cagames.com.tr\/wp-content\/uploads\/2025\/09\/Niloya-Yazi-Tahtasi-scaled.png 1725w, https:\/\/cagames.com.tr\/wp-content\/uploads\/2025\/09\/Niloya-Yazi-Tahtasi-202x300.png 202w, https:\/\/cagames.com.tr\/wp-content\/uploads\/2025\/09\/Niloya-Yazi-Tahtasi-690x1024.png 690w, https:\/\/cagames.com.tr\/wp-content\/uploads\/2025\/09\/Niloya-Yazi-Tahtasi-768x1140.png 768w, https:\/\/cagames.com.tr\/wp-content\/uploads\/2025\/09\/Niloya-Yazi-Tahtasi-1035x1536.png 1035w, https:\/\/cagames.com.tr\/wp-content\/uploads\/2025\/09\/Niloya-Yazi-Tahtasi-1380x2048.png 1380w, https:\/\/cagames.com.tr\/wp-content\/uploads\/2025\/09\/Niloya-Yazi-Tahtasi-8x12.png 8w, https:\/\/cagames.com.tr\/wp-content\/uploads\/2025\/09\/Niloya-Yazi-Tahtasi-370x549.png 370w, https:\/\/cagames.com.tr\/wp-content\/uploads\/2025\/09\/Niloya-Yazi-Tahtasi-760x1128.png 760w\" sizes=\"(max-width: 1725px) 100vw, 1725px\" \/><\/figure><div class=\"elementor-image-box-content\"><h3 class=\"elementor-image-box-title\">Niloya Yaz\u0131 Tahtas\u0131<\/h3><p class=\"elementor-image-box-description\">CA.5317<\/p><\/div><\/div>\t\t\t\t<\/div>\n\t\t\t\t<\/div>\n\t\t\t\t\t<\/div>\n\t\t<\/div>\n\t\t\t\t<div class=\"elementor-column elementor-col-50 elementor-top-column elementor-element elementor-element-12526dd\" data-id=\"12526dd\" data-element_type=\"column\" data-e-type=\"column\">\n\t\t\t<div class=\"elementor-widget-wrap elementor-element-populated\">\n\t\t\t\t\t\t<div class=\"elementor-element elementor-element-0e6fca1 elementor-widget__width-initial elementor-position-top elementor-widget elementor-widget-image-box\" data-id=\"0e6fca1\" data-element_type=\"widget\" data-e-type=\"widget\" data-widget_type=\"image-box.default\">\n\t\t\t\t<div class=\"elementor-widget-container\">\n\t\t\t\t\t<div class=\"elementor-image-box-wrapper\"><figure class=\"elementor-image-box-img\"><img loading=\"lazy\" decoding=\"async\" width=\"178\" height=\"300\" src=\"https:\/\/cagames.com.tr\/wp-content\/uploads\/2025\/09\/KUKULI-Yazi-Tahtasi-178x300.png\" class=\"elementor-animation-grow attachment-medium size-medium wp-image-9840\" alt=\"\" srcset=\"https:\/\/cagames.com.tr\/wp-content\/uploads\/2025\/09\/KUKULI-Yazi-Tahtasi-178x300.png 178w, https:\/\/cagames.com.tr\/wp-content\/uploads\/2025\/09\/KUKULI-Yazi-Tahtasi-606x1024.png 606w, https:\/\/cagames.com.tr\/wp-content\/uploads\/2025\/09\/KUKULI-Yazi-Tahtasi-768x1298.png 768w, https:\/\/cagames.com.tr\/wp-content\/uploads\/2025\/09\/KUKULI-Yazi-Tahtasi-909x1536.png 909w, https:\/\/cagames.com.tr\/wp-content\/uploads\/2025\/09\/KUKULI-Yazi-Tahtasi-1212x2048.png 1212w, https:\/\/cagames.com.tr\/wp-content\/uploads\/2025\/09\/KUKULI-Yazi-Tahtasi-7x12.png 7w, https:\/\/cagames.com.tr\/wp-content\/uploads\/2025\/09\/KUKULI-Yazi-Tahtasi-370x625.png 370w, https:\/\/cagames.com.tr\/wp-content\/uploads\/2025\/09\/KUKULI-Yazi-Tahtasi-760x1284.png 760w, https:\/\/cagames.com.tr\/wp-content\/uploads\/2025\/09\/KUKULI-Yazi-Tahtasi-scaled.png 1515w\" sizes=\"(max-width: 178px) 100vw, 178px\" \/><\/figure><div class=\"elementor-image-box-content\"><h3 class=\"elementor-image-box-title\">Kukuli Yaz\u0131 Tahtas\u0131<\/h3><p class=\"elementor-image-box-description\">CA.5318<\/p><\/div><\/div>\t\t\t\t<\/div>\n\t\t\t\t<\/div>\n\t\t\t\t\t<\/div>\n\t\t<\/div>\n\t\t\t\t\t<\/div>\n\t\t<\/section>\n\t\t\t\t<section class=\"elementor-section elementor-top-section elementor-element elementor-element-67fb4ac elementor-section-boxed elementor-section-height-default elementor-section-height-default\" data-id=\"67fb4ac\" data-element_type=\"section\" data-e-type=\"section\">\n\t\t\t\t\t\t<div class=\"elementor-container elementor-column-gap-extended\">\n\t\t\t\t\t<div class=\"elementor-column elementor-col-50 elementor-top-column elementor-element elementor-element-d9674a4\" data-id=\"d9674a4\" data-element_type=\"column\" data-e-type=\"column\">\n\t\t\t<div class=\"elementor-widget-wrap elementor-element-populated\">\n\t\t\t\t\t\t<div class=\"elementor-element elementor-element-754f179 elementor-widget__width-initial elementor-position-top elementor-widget elementor-widget-image-box\" data-id=\"754f179\" data-element_type=\"widget\" data-e-type=\"widget\" data-widget_type=\"image-box.default\">\n\t\t\t\t<div class=\"elementor-widget-container\">\n\t\t\t\t\t<div class=\"elementor-image-box-wrapper\"><figure class=\"elementor-image-box-img\"><img loading=\"lazy\" decoding=\"async\" width=\"177\" height=\"300\" src=\"https:\/\/cagames.com.tr\/wp-content\/uploads\/2025\/09\/Kral-Sakir-Yazi-Tahtasi-177x300.png\" class=\"elementor-animation-grow attachment-medium size-medium wp-image-9969\" alt=\"\" srcset=\"https:\/\/cagames.com.tr\/wp-content\/uploads\/2025\/09\/Kral-Sakir-Yazi-Tahtasi-177x300.png 177w, https:\/\/cagames.com.tr\/wp-content\/uploads\/2025\/09\/Kral-Sakir-Yazi-Tahtasi-604x1024.png 604w, https:\/\/cagames.com.tr\/wp-content\/uploads\/2025\/09\/Kral-Sakir-Yazi-Tahtasi-768x1302.png 768w, https:\/\/cagames.com.tr\/wp-content\/uploads\/2025\/09\/Kral-Sakir-Yazi-Tahtasi-906x1536.png 906w, https:\/\/cagames.com.tr\/wp-content\/uploads\/2025\/09\/Kral-Sakir-Yazi-Tahtasi-1208x2048.png 1208w, https:\/\/cagames.com.tr\/wp-content\/uploads\/2025\/09\/Kral-Sakir-Yazi-Tahtasi-7x12.png 7w, https:\/\/cagames.com.tr\/wp-content\/uploads\/2025\/09\/Kral-Sakir-Yazi-Tahtasi-370x627.png 370w, https:\/\/cagames.com.tr\/wp-content\/uploads\/2025\/09\/Kral-Sakir-Yazi-Tahtasi-760x1289.png 760w, https:\/\/cagames.com.tr\/wp-content\/uploads\/2025\/09\/Kral-Sakir-Yazi-Tahtasi-scaled.png 1509w\" sizes=\"(max-width: 177px) 100vw, 177px\" \/><\/figure><div class=\"elementor-image-box-content\"><h3 class=\"elementor-image-box-title\">Kral \u015eakir Yaz\u0131 Tahtas\u0131<\/h3><p class=\"elementor-image-box-description\">CA.5339<\/p><\/div><\/div>\t\t\t\t<\/div>\n\t\t\t\t<\/div>\n\t\t\t\t\t<\/div>\n\t\t<\/div>\n\t\t\t\t<div class=\"elementor-column elementor-col-50 elementor-top-column elementor-element elementor-element-837d505\" data-id=\"837d505\" data-element_type=\"column\" data-e-type=\"column\">\n\t\t\t<div class=\"elementor-widget-wrap elementor-element-populated\">\n\t\t\t\t\t\t<div class=\"elementor-element elementor-element-63dfb92 elementor-widget__width-initial elementor-position-top elementor-widget elementor-widget-image-box\" data-id=\"63dfb92\" data-element_type=\"widget\" data-e-type=\"widget\" data-widget_type=\"image-box.default\">\n\t\t\t\t<div class=\"elementor-widget-container\">\n\t\t\t\t\t<div class=\"elementor-image-box-wrapper\"><figure class=\"elementor-image-box-img\"><img loading=\"lazy\" decoding=\"async\" width=\"177\" height=\"300\" src=\"https:\/\/cagames.com.tr\/wp-content\/uploads\/2025\/09\/Sirinler-Yazi-Tahtasi-177x300.png\" class=\"elementor-animation-grow attachment-medium size-medium wp-image-9976\" alt=\"\" srcset=\"https:\/\/cagames.com.tr\/wp-content\/uploads\/2025\/09\/Sirinler-Yazi-Tahtasi-177x300.png 177w, https:\/\/cagames.com.tr\/wp-content\/uploads\/2025\/09\/Sirinler-Yazi-Tahtasi-604x1024.png 604w, https:\/\/cagames.com.tr\/wp-content\/uploads\/2025\/09\/Sirinler-Yazi-Tahtasi-768x1302.png 768w, https:\/\/cagames.com.tr\/wp-content\/uploads\/2025\/09\/Sirinler-Yazi-Tahtasi-906x1536.png 906w, https:\/\/cagames.com.tr\/wp-content\/uploads\/2025\/09\/Sirinler-Yazi-Tahtasi-1208x2048.png 1208w, https:\/\/cagames.com.tr\/wp-content\/uploads\/2025\/09\/Sirinler-Yazi-Tahtasi-7x12.png 7w, https:\/\/cagames.com.tr\/wp-content\/uploads\/2025\/09\/Sirinler-Yazi-Tahtasi-370x627.png 370w, https:\/\/cagames.com.tr\/wp-content\/uploads\/2025\/09\/Sirinler-Yazi-Tahtasi-760x1289.png 760w, https:\/\/cagames.com.tr\/wp-content\/uploads\/2025\/09\/Sirinler-Yazi-Tahtasi-scaled.png 1509w\" sizes=\"(max-width: 177px) 100vw, 177px\" \/><\/figure><div class=\"elementor-image-box-content\"><h3 class=\"elementor-image-box-title\">\u015eirinler Yaz\u0131 Tahtas\u0131<\/h3><p class=\"elementor-image-box-description\">CA.5340<\/p><\/div><\/div>\t\t\t\t<\/div>\n\t\t\t\t<\/div>\n\t\t\t\t\t<\/div>\n\t\t<\/div>\n\t\t\t\t\t<\/div>\n\t\t<\/section>\n\t\t\t\t<section class=\"elementor-section elementor-top-section elementor-element elementor-element-74302bd elementor-section-boxed elementor-section-height-default elementor-section-height-default\" data-id=\"74302bd\" data-element_type=\"section\" data-e-type=\"section\">\n\t\t\t\t\t\t<div class=\"elementor-container elementor-column-gap-extended\">\n\t\t\t\t\t<div class=\"elementor-column elementor-col-50 elementor-top-column elementor-element elementor-element-ab20696\" data-id=\"ab20696\" data-element_type=\"column\" data-e-type=\"column\">\n\t\t\t<div class=\"elementor-widget-wrap elementor-element-populated\">\n\t\t\t\t\t\t<div class=\"elementor-element elementor-element-6c0b256 elementor-widget__width-initial elementor-position-top elementor-widget elementor-widget-image-box\" data-id=\"6c0b256\" data-element_type=\"widget\" data-e-type=\"widget\" data-widget_type=\"image-box.default\">\n\t\t\t\t<div class=\"elementor-widget-container\">\n\t\t\t\t\t<div class=\"elementor-image-box-wrapper\"><figure class=\"elementor-image-box-img\"><img loading=\"lazy\" decoding=\"async\" width=\"211\" height=\"300\" src=\"https:\/\/cagames.com.tr\/wp-content\/uploads\/2025\/10\/Pembe-Yazi-Tahtasi-211x300.png\" class=\"elementor-animation-grow attachment-medium size-medium wp-image-10108\" alt=\"\" srcset=\"https:\/\/cagames.com.tr\/wp-content\/uploads\/2025\/10\/Pembe-Yazi-Tahtasi-211x300.png 211w, https:\/\/cagames.com.tr\/wp-content\/uploads\/2025\/10\/Pembe-Yazi-Tahtasi-719x1024.png 719w, https:\/\/cagames.com.tr\/wp-content\/uploads\/2025\/10\/Pembe-Yazi-Tahtasi-768x1094.png 768w, https:\/\/cagames.com.tr\/wp-content\/uploads\/2025\/10\/Pembe-Yazi-Tahtasi-1078x1536.png 1078w, https:\/\/cagames.com.tr\/wp-content\/uploads\/2025\/10\/Pembe-Yazi-Tahtasi-1438x2048.png 1438w, https:\/\/cagames.com.tr\/wp-content\/uploads\/2025\/10\/Pembe-Yazi-Tahtasi-8x12.png 8w, https:\/\/cagames.com.tr\/wp-content\/uploads\/2025\/10\/Pembe-Yazi-Tahtasi-370x527.png 370w, https:\/\/cagames.com.tr\/wp-content\/uploads\/2025\/10\/Pembe-Yazi-Tahtasi-760x1083.png 760w, https:\/\/cagames.com.tr\/wp-content\/uploads\/2025\/10\/Pembe-Yazi-Tahtasi-scaled.png 1797w\" sizes=\"(max-width: 211px) 100vw, 211px\" \/><\/figure><div class=\"elementor-image-box-content\"><h3 class=\"elementor-image-box-title\">Pembe Yaz\u0131 Tahtas\u0131<\/h3><p class=\"elementor-image-box-description\">CA.5341<\/p><\/div><\/div>\t\t\t\t<\/div>\n\t\t\t\t<\/div>\n\t\t\t\t\t<\/div>\n\t\t<\/div>\n\t\t\t\t<div class=\"elementor-column elementor-col-50 elementor-top-column elementor-element elementor-element-54bbe92\" data-id=\"54bbe92\" data-element_type=\"column\" data-e-type=\"column\">\n\t\t\t<div class=\"elementor-widget-wrap\">\n\t\t\t\t\t\t\t<\/div>\n\t\t<\/div>\n\t\t\t\t\t<\/div>\n\t\t<\/section>\n\t\t\t\t<\/div>\n\t\t","protected":false},"excerpt":{"rendered":"<p>Panda Yaz\u0131 Tahtas\u0131 CA.5233 Kedi Yaz\u0131 Tahtas\u0131 CA.5234 Fil Yaz\u0131 Tahtas\u0131 CA.5235 Ay\u0131c\u0131k Yaz\u0131 Tahtas\u0131 CA.5236 Niloya Yaz\u0131 Tahtas\u0131 CA.5317 Kukuli Yaz\u0131 Tahtas\u0131 CA.5318 Kral \u015eakir Yaz\u0131 Tahtas\u0131 CA.5339 \u015eirinler Yaz\u0131 Tahtas\u0131&hellip;<\/p>\n","protected":false},"author":990002,"featured_media":0,"parent":0,"menu_order":0,"comment_status":"closed","ping_status":"closed","template":"","meta":{"footnotes":""},"class_list":["post-9776","page","type-page","status-publish","hentry"],"_links":{"self":[{"href":"https:\/\/cagames.com.tr\/tr\/wp-json\/wp\/v2\/pages\/9776","targetHints":{"allow":["GET"]}}],"collection":[{"href":"https:\/\/cagames.com.tr\/tr\/wp-json\/wp\/v2\/pages"}],"about":[{"href":"https:\/\/cagames.com.tr\/tr\/wp-json\/wp\/v2\/types\/page"}],"author":[{"embeddable":true,"href":"https:\/\/cagames.com.tr\/tr\/wp-json\/wp\/v2\/users\/990002"}],"replies":[{"embeddable":true,"href":"https:\/\/cagames.com.tr\/tr\/wp-json\/wp\/v2\/comments?post=9776"}],"version-history":[{"count":52,"href":"https:\/\/cagames.com.tr\/tr\/wp-json\/wp\/v2\/pages\/9776\/revisions"}],"predecessor-version":[{"id":10111,"href":"https:\/\/cagames.com.tr\/tr\/wp-json\/wp\/v2\/pages\/9776\/revisions\/10111"}],"wp:attachment":[{"href":"https:\/\/cagames.com.tr\/tr\/wp-json\/wp\/v2\/media?parent=9776"}],"curies":[{"name":"wp","href":"https:\/\/api.w.org\/{rel}","templated":true}]}}